{"id":65589,"date":"2024-01-23T18:42:27","date_gmt":"2024-01-23T18:42:27","guid":{"rendered":"https:\/\/nbg.eu\/product\/bore-cleaner-1-5-oz\/"},"modified":"2026-05-13T16:01:58","modified_gmt":"2026-05-13T13:01:58","slug":"lopsrenser-15-oz","status":"publish","type":"product","link":"https:\/\/nbg.eu\/no\/produkt\/lopsrenser-15-oz\/","title":{"rendered":"L\u00f8psrenser 1,5 oz"},"content":{"rendered":"<p>\nIosso B\u00f8rerenser: En pasta-formel for effektiv rengj\u00f8ring av v\u00e5pen. Fjerner kobber, bly, karbon, forurensning og rust uten s\u00f8l eller skade. Ikke-korroderende, luktfri og milj\u00f8vennlig. Kan brukes sammen med Eliminator-b\u00f8rster og oljemiddel for grundig rengj\u00f8ring. Laget av plantebasert teknologi for skytev\u00e5pen.<\/p>\n","protected":false},"excerpt":{"rendered":"<p>Milj\u00f8vennlig rengj\u00f8ringspasta for v\u00e5pen. Fjerner rester og avleiringer raskt.<\/p>\n","protected":false},"featured_media":101686,"template":"","meta":{"_acf_changed":false},"product_brand":[11489],"product_cat":[13326,13253],"product_tag":[],"class_list":{"0":"post-65589","1":"product","2":"type-product","3":"status-publish","4":"has-post-thumbnail","6":"product_brand-iosso","7":"product_cat-rengjoringsmidler","8":"product_cat-vapenrengjoring","10":"first","11":"instock","12":"taxable","13":"shipping-taxable","14":"purchasable","15":"product-type-simple"},"acf":[],"_links":{"self":[{"href":"https:\/\/nbg.eu\/no\/wp-json\/wp\/v2\/product\/65589","targetHints":{"allow":["GET"]}}],"collection":[{"href":"https:\/\/nbg.eu\/no\/wp-json\/wp\/v2\/product"}],"about":[{"href":"https:\/\/nbg.eu\/no\/wp-json\/wp\/v2\/types\/product"}],"wp:featuredmedia":[{"embeddable":true,"href":"https:\/\/nbg.eu\/no\/wp-json\/wp\/v2\/media\/101686"}],"wp:attachment":[{"href":"https:\/\/nbg.eu\/no\/wp-json\/wp\/v2\/media?parent=65589"}],"wp:term":[{"taxonomy":"product_brand","embeddable":true,"href":"https:\/\/nbg.eu\/no\/wp-json\/wp\/v2\/product_brand?post=65589"},{"taxonomy":"product_cat","embeddable":true,"href":"https:\/\/nbg.eu\/no\/wp-json\/wp\/v2\/product_cat?post=65589"},{"taxonomy":"product_tag","embeddable":true,"href":"https:\/\/nbg.eu\/no\/wp-json\/wp\/v2\/product_tag?post=65589"}],"curies":[{"name":"wp","href":"https:\/\/api.w.org\/{rel}","templated":true}]}}