{"id":672193,"date":"2025-11-17T17:17:59","date_gmt":"2025-11-17T14:17:59","guid":{"rendered":"https:\/\/nbg.eu\/product\/termisk-kamera-nocpix-vista-s50r-med-lrf-1280x1024-15mk-netd\/"},"modified":"2026-04-14T16:10:49","modified_gmt":"2026-04-14T13:10:49","slug":"termisk-kamera-nocpix-vista-s50r-med-lrf-1280x1024-15mk-netd","status":"publish","type":"product","link":"https:\/\/nbg.eu\/no\/produkt\/termisk-kamera-nocpix-vista-s50r-med-lrf-1280x1024-15mk-netd\/","title":{"rendered":"Nocpix Termisk Kamera VISTA S50R LRF"},"content":{"rendered":"<h2>Termisk kamera Nocpix VISTA S50R med LRF 1280&#215;1024 \u226415mK NETD<\/h2>\n<p>Vista&#8217;s Vision+-system, med sin 2560\u00d72560 AMOLED-skjerm og 8mm utgangspupilldiameter, tilbyr en oppslukende seeropplevelse. Utstyrt med en overlegen sensor og integrert LRF leverer Vista den h\u00f8yeste ytelsen i bransjen. Dens brukervennlige design og forbedrede batterisl\u00f8sning gj\u00f8r den til en ideell f\u00f8lgesvenn for \u00e5 overvinne utend\u00f8rsutfordringer.<\/p>\n<h2>Vision+-system: Oppslukende visjon<\/h2>\n<p>En sirkul\u00e6r AMOLED 2560\u00d72560-skjerm optimaliserer romlig effektivitet og leverer livlige visuelle opplevelser. Med en 8mm utgangspupilldiameter og Pure Vision-modus gir Vista en komfortabel og oppslukende seeropplevelse.<\/p>\n<h2>Overlegen sensor: f\u00f8rsteklasses bildekvalitet<\/h2>\n<p>V\u00e5r selvutviklede NETD \u226415mk 1280\u00d71024@12\u03bcm-sensor sikrer h\u00f8y bildekvalitet og stabil ytelse. Dyresilhuetter, anatomi og atferdsegenskaper blir lett gjenkjennelige.<\/p>\n<h2>Integrert LRF: presisjon og b\u00e6rbarhet<\/h2>\n<p>V\u00e5r 2-i-1 integrerte avstandsm\u00e5ler (LRF 1200m) kombinerer estetikk og presis optisk aksejustering s\u00f8ml\u00f8st. Dette lette og kompakte designet sikrer minimal bruk av linseareal samtidig som den opprettholder up\u00e5klagelig bildekvalitet.<\/p>\n<h2>60Hz bildehastighet: S\u00f8ml\u00f8s bevegelsesopptak<\/h2>\n<p>Utstyrt med en 60Hz-detektor tilbyr Vista overlegen jevnhet, som gj\u00f8r det mulig \u00e5 fange bevegelige dyr og h\u00f8yhastighetsscener presist. Dette betydelige opptrinnet fra 50Hz gir jevnere og mer n\u00f8yaktige visualiseringer.<\/p>\n<h2>F0.9-linse: Forbedret lysopptak<\/h2>\n<p>F0.9-linsen er utformet for \u00e5 forbedre lysopptak med 20%, noe som betraktelig \u00f8ker lysstyrke og bildekvalitet sammenlignet med tradisjonelle F1.0-linser. Denne fremgangen sikrer at hver detalj er str\u00e5lende klar, og gj\u00f8r Vista til en ideell ledsager for nattobservasjoner.<\/p>\n<h2>Fleksibel lading: Utskiftbare batterier for forlenget drift<\/h2>\n<p>Vista tilbyr to lademuligheter: utskiftbare IBP-7\/4400mAh-batterier som enkelt kan byttes ut, eller direkte lading via den innebygde porten. Dette sikrer kontinuerlig drift, slik at du kan fokusere p\u00e5 jakt uten batteribegrensninger.<\/p>\n<h2>Stort synsfelt: Forbedret sceneforst\u00e5else<\/h2>\n<p>Med sin overlegne 2X-prim\u00e6rbetraktning og romslige synsfelt gir Vista S50R en eksepsjonell perspektiv av omgivelsene dine. Dette lar deg enkelt oppdage og overv\u00e5ke flere m\u00e5l over store landskap, og sikrer at hver bevegelse fanges i klarhet.<\/p>\n<h2>Ulike fargepalett<\/h2>\n<p>Vista tilbyr 7 forskjellige fargepaletter, inkludert r\u00f8d og ren gr\u00f8nn monokrom modus. Disse \u00f8yenvennlige alternativene bidrar til \u00e5 redusere \u00f8yematthet, og sikrer anstrengelsesfri bruk over lengre perioder.<\/p>\n<h2>Brukervennlig design<\/h2>\n<p>Vistas tause knapper sikrer stille bruk i m\u00f8rket, samtidig som den roterende \u00f8yemaske forhindrer lyslekkasje og holder dyra skjult. Den fullstendig innpakkede TPU-l\u00e6r-teksturen gir et komfortabelt grep, noe som gj\u00f8r langvarig bruk enkelt.<\/p>\n","protected":false},"excerpt":{"rendered":"<p>Nocpix VISTA S50R med LRF 1280&#215;1024 &lt;15mK NETD: Immersiv 2560&#215;2560 AMOLED-skjerm, overlegen 1280&#215;1024-sensor, integrert LRF, F0.9-objektiv, 60Hz bildefrekvens, fleksibel lading, stort synsfelt og brukervennlig design.<\/p>\n<p>Om varen ikke er tilgjengelig, vennligst kontakt oss: shop@nbg.eu eller +359896147790<\/p>\n","protected":false},"featured_media":673161,"template":"","meta":{"_acf_changed":false},"product_brand":[14450],"product_cat":[13282,16090],"product_tag":[],"class_list":{"0":"post-672193","1":"product","2":"type-product","3":"status-publish","4":"has-post-thumbnail","6":"product_brand-nocpix","7":"product_cat-termisk","8":"product_cat-thermal-cameras-no","10":"first","11":"instock","12":"taxable","13":"shipping-taxable","14":"purchasable","15":"product-type-simple"},"acf":[],"_links":{"self":[{"href":"https:\/\/nbg.eu\/no\/wp-json\/wp\/v2\/product\/672193","targetHints":{"allow":["GET"]}}],"collection":[{"href":"https:\/\/nbg.eu\/no\/wp-json\/wp\/v2\/product"}],"about":[{"href":"https:\/\/nbg.eu\/no\/wp-json\/wp\/v2\/types\/product"}],"wp:featuredmedia":[{"embeddable":true,"href":"https:\/\/nbg.eu\/no\/wp-json\/wp\/v2\/media\/673161"}],"wp:attachment":[{"href":"https:\/\/nbg.eu\/no\/wp-json\/wp\/v2\/media?parent=672193"}],"wp:term":[{"taxonomy":"product_brand","embeddable":true,"href":"https:\/\/nbg.eu\/no\/wp-json\/wp\/v2\/product_brand?post=672193"},{"taxonomy":"product_cat","embeddable":true,"href":"https:\/\/nbg.eu\/no\/wp-json\/wp\/v2\/product_cat?post=672193"},{"taxonomy":"product_tag","embeddable":true,"href":"https:\/\/nbg.eu\/no\/wp-json\/wp\/v2\/product_tag?post=672193"}],"curies":[{"name":"wp","href":"https:\/\/api.w.org\/{rel}","templated":true}]}}