{"id":673427,"date":"2025-11-17T17:24:54","date_gmt":"2025-11-17T14:24:54","guid":{"rendered":"https:\/\/nbg.eu\/product\/varmekamera-nocpix-vista-h50r-med-lrf-50mm-12%ce%bcm-640x512-15mk-netd\/"},"modified":"2026-04-14T16:10:46","modified_gmt":"2026-04-14T13:10:46","slug":"varmekamera-nocpix-vista-h50r-med-lrf-50mm-12%ce%bcm-640x512-15mk-netd","status":"publish","type":"product","link":"https:\/\/nbg.eu\/no\/produkt\/varmekamera-nocpix-vista-h50r-med-lrf-50mm-12%ce%bcm-640x512-15mk-netd\/","title":{"rendered":"Nocpix Termisk Kamera VISTA H50R LRF"},"content":{"rendered":"<h2>Nocpix VISTA H50R &#8211; Skarp varmes\u00f8kende kamera med lasravstandsm\u00e5ler<\/h2>\n<p>Nocpix VISTA H50R er et skarp varmes\u00f8kende kamera med innebygd lasravstandsm\u00e5ler (LRF) designet for bruk b\u00e5de dag og natt. Den leverer utmerket bildekvalitet selv i vanskelige v\u00e6rforhold som t\u00e5ke, smog og regn, og kan oppdage m\u00e5l gjennom hindringer som grener, h\u00f8yt gress og tett l\u00f8vverk som normalt blokkerer sikt.<\/p>\n<p>VISTA H50R er sv\u00e6rt allsidig og egnet for en rekke anvendelser som jakt, sikkerhet, overv\u00e5king, terrengnavigasjon og s\u00f8k- og redningsoperasjoner.Dens avanserte varmes\u00f8kende teknologi sikrer p\u00e5litelig ytelse og leverer tydelige bilder og n\u00f8yaktige m\u00e5linger i utfordrende milj\u00f8er.<\/p>\n<h2>Spesifikasjoner:<\/h2>\n<p>Oppl\u00f8sning: 640 x 512<br \/>\nPikselst\u00f8rrelse: 12<br \/>\nNETD, mK: \u226415<br \/>\nBildehastighet: 50<br \/>\nLinse: 50mm F0.9<br \/>\nSynsfelt: 8.8 x 7.0<br \/>\nSynsfelt (line\u00e6r): 15 x 12<br \/>\nForst\u00f8rrelse: 4~40<br \/>\nDeteksjonsrekkevidde: 2600<br \/>\n\u00d8yeavstand: 25<br \/>\nPupilldiameter: 8<br \/>\nDiopter: -4 ~ +6<br \/>\nSkjermtype: AMOLED<br \/>\nSkjermoppl\u00f8sning: 2560 x 2560<br \/>\nBatteri: Utskiftbart litium-ion-batteri IBP-7 \/ 4400mAh<br \/>\nMaks. driftstid: 5.5<br \/>\nAvstandsm\u00e5lingsdistanse: 1200<br \/>\nLaser: Klasse 1<br \/>\nWi-Fi\/App: JA<br \/>\nMIC: JA<br \/>\nMinnekapasitet: 64GB<br \/>\nIP-klassifisering: IP67<br \/>\nMaks. driftstemperatur: -20 ~ +50<br \/>\nVekt (unser): 22.93<br \/>\nVekt (g): 650<br \/>\nDimensjoner (tommer): 7.64 x 2.76 x 3.23<br \/>\nDimensjoner (mm): 194 x 70 x 82<\/p>\n<p>640\u00d7512 12\u03bcm-detektor<br \/>\nNETD\u226415mK<br \/>\n60Hz h\u00f8y bildehastighet<br \/>\nF0.9-linse<br \/>\nAMOLED 2560\u00d72560 sirkelformet skjerm<br \/>\nIBP-7 hurtigskiftbart oppladbart batteri<br \/>\nGlatt digital zoom: 1\u00d7~8\u00d7<br \/>\nUltra ren modus<br \/>\n\u00d8yebeskyttelse med lav lysstyrke, fargepalett og varm tone<br \/>\nElektronisk bildestabilisering<\/p>\n","protected":false},"excerpt":{"rendered":"<p>Nocpix VISTA H50R er et 640\u00d7512 12um termokamera med \u226415mK NETD, 50mm F0.9-objektiv og innebygd laserm\u00e5ler, for jakt, sikkerhet og mer.<\/p>\n<p>Hvis varen ikke er tilgjengelig, vennligst kontakt oss: shop@nbg.eu eller +359896147790<\/p>\n","protected":false},"featured_media":673767,"template":"","meta":{"_acf_changed":false},"product_brand":[14450],"product_cat":[13282,16090],"product_tag":[],"class_list":{"0":"post-673427","1":"product","2":"type-product","3":"status-publish","4":"has-post-thumbnail","6":"product_brand-nocpix","7":"product_cat-termisk","8":"product_cat-thermal-cameras-no","10":"first","11":"instock","12":"taxable","13":"shipping-taxable","14":"purchasable","15":"product-type-simple"},"acf":[],"_links":{"self":[{"href":"https:\/\/nbg.eu\/no\/wp-json\/wp\/v2\/product\/673427","targetHints":{"allow":["GET"]}}],"collection":[{"href":"https:\/\/nbg.eu\/no\/wp-json\/wp\/v2\/product"}],"about":[{"href":"https:\/\/nbg.eu\/no\/wp-json\/wp\/v2\/types\/product"}],"wp:featuredmedia":[{"embeddable":true,"href":"https:\/\/nbg.eu\/no\/wp-json\/wp\/v2\/media\/673767"}],"wp:attachment":[{"href":"https:\/\/nbg.eu\/no\/wp-json\/wp\/v2\/media?parent=673427"}],"wp:term":[{"taxonomy":"product_brand","embeddable":true,"href":"https:\/\/nbg.eu\/no\/wp-json\/wp\/v2\/product_brand?post=673427"},{"taxonomy":"product_cat","embeddable":true,"href":"https:\/\/nbg.eu\/no\/wp-json\/wp\/v2\/product_cat?post=673427"},{"taxonomy":"product_tag","embeddable":true,"href":"https:\/\/nbg.eu\/no\/wp-json\/wp\/v2\/product_tag?post=673427"}],"curies":[{"name":"wp","href":"https:\/\/api.w.org\/{rel}","templated":true}]}}