{"id":673799,"date":"2025-11-17T17:24:57","date_gmt":"2025-11-17T14:24:57","guid":{"rendered":"https:\/\/nbg.eu\/product\/termisk-kamera-nocpix-vista-h35r-med-lrf-35mm-12um-640x512-15mk-net\/"},"modified":"2026-04-14T16:10:43","modified_gmt":"2026-04-14T13:10:43","slug":"termisk-kamera-nocpix-vista-h35r-med-lrf-35mm-12um-640x512-15mk-net","status":"publish","type":"product","link":"https:\/\/nbg.eu\/no\/produkt\/termisk-kamera-nocpix-vista-h35r-med-lrf-35mm-12um-640x512-15mk-net\/","title":{"rendered":"Nocpix Termisk Kamera VISTA H35R LRF"},"content":{"rendered":"<h2>Nocpix VISTA H35R Termisk monokular med laserm\u00e5ler<\/h2>\n<p>Nocpix VISTA H35R er en flerfunksjonell termisk monokular utstyrt med en innebygd laserm\u00e5ler (LRF), designet for p\u00e5litelig bruk b\u00e5de dag og natt. Denne avanserte enheten tilbyr eksepsjonell termisk bildeytelse og gir klare og detaljerte visuelle opplevelser selv under krevende v\u00e6rforhold som t\u00e5ke, smog og regn. Den kan oppdage m\u00e5l gjennom hindringer som grener, h\u00f8yt gress og tett vegetasjon, noe som sikrer effektiv drift i milj\u00f8er der tradisjonelle optikker er utilstrekkelige.<\/p>\n<p>Egnet for et bredt spekter av bruksomr\u00e5der, er VISTA H35R perfekt for jakt, overv\u00e5king, sikkerhet, terrengnavigasjon og s\u00f8k- og redningsaksjoner. Med sin fremragende teknologi og robuste konstruksjon garanterer VISTA H35R n\u00f8yaktig p\u00e5visning og m\u00e5ling under de mest krevende forhold.<\/p>\n<h2>Spesifikasjoner<\/h2>\n<p>Oppl\u00f8sning: 640 x 512<br \/>\nPikselst\u00f8rrelse: 12<br \/>\nNETD, mK: \u226415<br \/>\nBildefrekvens: 50<br \/>\nLinse: 35mm F0.9<br \/>\nSynsfelt: 12.5 x 10.0<br \/>\nSynsfelt (line\u00e6r): 22 x 18<br \/>\nForst\u00f8rrelse: 3~28<br \/>\nDeteksjonsrekkevidde: 1800<br \/>\nAvstand fra \u00f8yne: 25<br \/>\nPupilldiameter: 8<br \/>\nDioptri: -4 ~ +6<br \/>\nDisplaytype: AMOLED<br \/>\nOppl\u00f8sning: 2560 x 2560<br \/>\nBatteri: Utskiftbart litium-ion-batteri IBP-7 \/ 4400mAh<br \/>\nMaks. driftstid: 5.5<br \/>\nM\u00e5leavstand: 1200<br \/>\nLaser: Klasse 1<br \/>\nWi-Fi\/App: JA<br \/>\nMikrofon: JA<br \/>\nMinnekapasitet: 64GB<br \/>\nIP-klassifisering: IP67<br \/>\nMaks. driftstemperatur: -20 ~ +50<br \/>\nVekt (unser): 22.58<br \/>\nVekt (g): 640<br \/>\nDimensjoner (in): 7.48 x 2.64 x 3.11<br \/>\nDimensjoner (mm): 190 x 67 x 79<\/p>\n<h2>Funksjoner<\/h2>\n<p>640\u00d7512 12\u03bcm detektor<br \/>\nNETD\u226415mK<br \/>\n60Hz h\u00f8y bildefrekvens<br \/>\nF0.9 linse<br \/>\nAMOLED 2560\u00d72560 sirkul\u00e6rt display<br \/>\nIBP-7 hurtigutskiftbart oppladbart batteri<br \/>\nJevn digital zoom: 1\u00d7~8\u00d7<br \/>\nUltra clean-modus<br \/>\n\u00d8yebeskyttelse med lav lysstyrke, fargepalett og varm tone<br \/>\nElektronisk bildestabilisering<\/p>\n","protected":false},"excerpt":{"rendered":"<p>Varmekamera Nocpix VISTA H35R med 35mm 12um 640\u00d7512 &lt;15mk NET og LRF, for p\u00e5litelig dag\/natt-bruk under utfordrende forhold.<\/p>\n","protected":false},"featured_media":673906,"template":"","meta":{"_acf_changed":false},"product_brand":[14450],"product_cat":[13282,16090],"product_tag":[],"class_list":{"0":"post-673799","1":"product","2":"type-product","3":"status-publish","4":"has-post-thumbnail","6":"product_brand-nocpix","7":"product_cat-termisk","8":"product_cat-thermal-cameras-no","10":"first","11":"instock","12":"taxable","13":"shipping-taxable","14":"purchasable","15":"product-type-simple"},"acf":[],"_links":{"self":[{"href":"https:\/\/nbg.eu\/no\/wp-json\/wp\/v2\/product\/673799","targetHints":{"allow":["GET"]}}],"collection":[{"href":"https:\/\/nbg.eu\/no\/wp-json\/wp\/v2\/product"}],"about":[{"href":"https:\/\/nbg.eu\/no\/wp-json\/wp\/v2\/types\/product"}],"wp:featuredmedia":[{"embeddable":true,"href":"https:\/\/nbg.eu\/no\/wp-json\/wp\/v2\/media\/673906"}],"wp:attachment":[{"href":"https:\/\/nbg.eu\/no\/wp-json\/wp\/v2\/media?parent=673799"}],"wp:term":[{"taxonomy":"product_brand","embeddable":true,"href":"https:\/\/nbg.eu\/no\/wp-json\/wp\/v2\/product_brand?post=673799"},{"taxonomy":"product_cat","embeddable":true,"href":"https:\/\/nbg.eu\/no\/wp-json\/wp\/v2\/product_cat?post=673799"},{"taxonomy":"product_tag","embeddable":true,"href":"https:\/\/nbg.eu\/no\/wp-json\/wp\/v2\/product_tag?post=673799"}],"curies":[{"name":"wp","href":"https:\/\/api.w.org\/{rel}","templated":true}]}}