{"id":673993,"date":"2025-11-17T17:25:01","date_gmt":"2025-11-17T14:25:01","guid":{"rendered":"https:\/\/nbg.eu\/product\/termisk-sikt-nocpix-slim-l35\/"},"modified":"2026-04-14T16:10:40","modified_gmt":"2026-04-14T13:10:40","slug":"termisk-sikt-nocpix-slim-l35","status":"publish","type":"product","link":"https:\/\/nbg.eu\/no\/produkt\/termisk-sikt-nocpix-slim-l35\/","title":{"rendered":"Nocpix Termisk Sikte Slim L35"},"content":{"rendered":"<h2>Termisk sikt Nocpix Slim L35: Uovertruffen jaktytelse<\/h2>\n<p>Introduserer SLIM-serien kikkertsikte: en 2-i-1 h\u00e5ndholdt MONOCULAR eller 3,5x (L35) kikkert. Velg mellom to h\u00f8yytelses-kjerner, nyt en 1024&#215;768 OLED-skjerm og nyt en utskiftbar 18650-batteri som gir 10 timer med str\u00f8m. Fang hvert \u00f8yeblikk med innspilling av p\u00e5virkning, noe som sikrer at ingen ramme g\u00e5r tapt.<\/p>\n<p>Bytt s\u00f8ml\u00f8st mellom manuell og optisk sikt uten at du trenger \u00e5 nullstille, takket v\u00e6re 2-i-1-designet med QD-feste. Nyt utmattelsesfrittvisning med en 1024&#215;768 AMOLED-skjerm, nytt okulardesign og en behagelig 10 mm pupilldiameter. Med en vekt p\u00e5 bare 500 g gj\u00f8r dette ultra-lette designet utvidet bruk til en enkel oppgave, og holder deg smidig i felten.<\/p>\n<p>H\u00f8yytelses hovedalternativer &#8211; 384\u00d7288@12\u03bcm eller 640\u00d7512@12\u03bcm, NETD\u226418 mK gir uovertruffen bildekvalitet, slik at hver detalj fanges i forbl\u00f8ffende klarhet, uavhengig av jaktforhold. Med den ekstra kraften til Reality+-teknologi, oppn\u00e5r Slim bildekvalitet som overg\u00e5r andre merker med sensorer i samme klasse.<\/p>\n<p>G\u00e5 aldri glipp av et skudd med RAV-funksjonen, som lar deg se og dele dine mest spennende jakt\u00f8yeblikk. Fortsett \u00e5 jakte med et avtakbart, kulderesistent 18650-batteri som tilbyr opptil 8 timers standbytid, selv under ekstreme forhold. Med 3,5x prim\u00e6r forst\u00f8rrelse er SLIM L35 ditt valg for jakt p\u00e5 lang avstand, og gj\u00f8r koyotejakt mer n\u00f8yaktig og effektiv.<\/p>\n","protected":false},"excerpt":{"rendered":"<p>SLIM-seriens kikkertsikte: et 2-i-1 h\u00e5ndholdt MONOKUL\u00c6R eller 3,5x (L35) kikkert med 1024&#215;768 OLED, 18650-batteri, st\u00f8timpaktregistrering, varmesensor og hurtig endring av fleksibilitet.<\/p>\n<p>Hvis varen ikke er tilgjengelig, vennligst kontakt oss: shop@nbg.eu eller +359896147790<\/p>\n","protected":false},"featured_media":674717,"template":"","meta":{"_acf_changed":false},"product_brand":[14450],"product_cat":[16090],"product_tag":[],"class_list":{"0":"post-673993","1":"product","2":"type-product","3":"status-publish","4":"has-post-thumbnail","6":"product_brand-nocpix","7":"product_cat-thermal-cameras-no","9":"first","10":"instock","11":"taxable","12":"shipping-taxable","13":"purchasable","14":"product-type-simple"},"acf":[],"_links":{"self":[{"href":"https:\/\/nbg.eu\/no\/wp-json\/wp\/v2\/product\/673993","targetHints":{"allow":["GET"]}}],"collection":[{"href":"https:\/\/nbg.eu\/no\/wp-json\/wp\/v2\/product"}],"about":[{"href":"https:\/\/nbg.eu\/no\/wp-json\/wp\/v2\/types\/product"}],"wp:featuredmedia":[{"embeddable":true,"href":"https:\/\/nbg.eu\/no\/wp-json\/wp\/v2\/media\/674717"}],"wp:attachment":[{"href":"https:\/\/nbg.eu\/no\/wp-json\/wp\/v2\/media?parent=673993"}],"wp:term":[{"taxonomy":"product_brand","embeddable":true,"href":"https:\/\/nbg.eu\/no\/wp-json\/wp\/v2\/product_brand?post=673993"},{"taxonomy":"product_cat","embeddable":true,"href":"https:\/\/nbg.eu\/no\/wp-json\/wp\/v2\/product_cat?post=673993"},{"taxonomy":"product_tag","embeddable":true,"href":"https:\/\/nbg.eu\/no\/wp-json\/wp\/v2\/product_tag?post=673993"}],"curies":[{"name":"wp","href":"https:\/\/api.w.org\/{rel}","templated":true}]}}