{"id":674755,"date":"2025-11-17T17:25:02","date_gmt":"2025-11-17T14:25:02","guid":{"rendered":"https:\/\/nbg.eu\/product\/thermal-sight-nocpix-slim-h35\/"},"modified":"2026-04-14T16:10:37","modified_gmt":"2026-04-14T13:10:37","slug":"thermal-sight-nocpix-slim-h35","status":"publish","type":"product","link":"https:\/\/nbg.eu\/no\/produkt\/thermal-sight-nocpix-slim-h35\/","title":{"rendered":"Nocpix Termisk Sikte Slim H35"},"content":{"rendered":"<h2>Termisk sikt Nocpix Slim H35 &#8211; Ultralett termisk avbildning med fantastisk bildekvalitet<\/h2>\n<p>Introduserer SLIM-seriens kikkert: en 2-i-1 h\u00e5ndholdt MONOCULAR eller 3,5x (L35) kikkert. Velg mellom to h\u00f8yytelses kjerner, nyt en 1024&#215;768 OLED-skjerm og f\u00e5 fordel av et utskiftbart 18650-batteri for 10 timers str\u00f8m. Fang hvert \u00f8yeblikk med innspilling av p\u00e5virkninger for \u00e5 sikre at ingen bilderute blir oversett.<\/p>\n<p>Nyt slitasjefri visning med en 1024&#215;768 AMOLED-skjerm, ny okulardesign og en behagelig 10 mm utgangsblenderdiameter.<\/p>\n<p>Denne ultraette designen p\u00e5 bare 500 g gj\u00f8r utvidet bruk uanstrengt, og holder deg smidig ute i felten.<\/p>\n<p>H\u00f8yytelses hovedalternativer &#8211; 384\u00d7288@12\u03bcm eller 640\u00d7512@12\u03bcm, NETD\u226418 mK gir uovertruffen bildekvalitet og sikrer at hver detalj fanges med imponerende klarhet, uavhengig av jaktforhold. Med den ekstra kraften fra Reality+ -teknologi oppn\u00e5r Slim bildekvalitet som overg\u00e5r andre merker med sensorer i samme klasse.<\/p>\n<p>G\u00e5 aldri glipp av et skudd med RAV-funksjonen, som lar deg spille av og dele dine mest spennende jakt\u00f8yeblikk.<\/p>\n<p>Hold p\u00e5 jakten med et avtakbart, kuldebestandig 18650-batteri som gir opptil 8 timers standby-tid, selv under ekstreme forhold. Den har ogs\u00e5 en magnetisk ladekontakt for enkel lading, selv i total m\u00f8rke.<\/p>\n","protected":false},"excerpt":{"rendered":"<p>Termisk sikte Nocpix Slim H35: 2-i-1 monokul\u00e6r\/3,5x kikkert med 1024&#215;768 OLED, 18650-batteri, st\u00f8topptak.<\/p>\n","protected":false},"featured_media":675859,"template":"","meta":{"_acf_changed":false},"product_brand":[14450],"product_cat":[16090],"product_tag":[],"class_list":{"0":"post-674755","1":"product","2":"type-product","3":"status-publish","4":"has-post-thumbnail","6":"product_brand-nocpix","7":"product_cat-thermal-cameras-no","9":"first","10":"instock","11":"taxable","12":"shipping-taxable","13":"purchasable","14":"product-type-simple"},"acf":[],"_links":{"self":[{"href":"https:\/\/nbg.eu\/no\/wp-json\/wp\/v2\/product\/674755","targetHints":{"allow":["GET"]}}],"collection":[{"href":"https:\/\/nbg.eu\/no\/wp-json\/wp\/v2\/product"}],"about":[{"href":"https:\/\/nbg.eu\/no\/wp-json\/wp\/v2\/types\/product"}],"wp:featuredmedia":[{"embeddable":true,"href":"https:\/\/nbg.eu\/no\/wp-json\/wp\/v2\/media\/675859"}],"wp:attachment":[{"href":"https:\/\/nbg.eu\/no\/wp-json\/wp\/v2\/media?parent=674755"}],"wp:term":[{"taxonomy":"product_brand","embeddable":true,"href":"https:\/\/nbg.eu\/no\/wp-json\/wp\/v2\/product_brand?post=674755"},{"taxonomy":"product_cat","embeddable":true,"href":"https:\/\/nbg.eu\/no\/wp-json\/wp\/v2\/product_cat?post=674755"},{"taxonomy":"product_tag","embeddable":true,"href":"https:\/\/nbg.eu\/no\/wp-json\/wp\/v2\/product_tag?post=674755"}],"curies":[{"name":"wp","href":"https:\/\/api.w.org\/{rel}","templated":true}]}}