{"id":676619,"date":"2025-11-17T17:25:14","date_gmt":"2025-11-17T14:25:14","guid":{"rendered":"https:\/\/nbg.eu\/product\/termisk-sikt-nocpix-rico-2-s75r\/"},"modified":"2026-04-14T16:10:33","modified_gmt":"2026-04-14T13:10:33","slug":"termisk-sikt-nocpix-rico-2-s75r","status":"publish","type":"product","link":"https:\/\/nbg.eu\/no\/produkt\/termisk-sikt-nocpix-rico-2-s75r\/","title":{"rendered":"Nocpix Termisk Sikte Rico 2 S75R"},"content":{"rendered":"<h2>Nocpix Rico 2 S75R: Langtrekkende skytepresisjon<\/h2>\n<p>Serien av Nocpix RICO 2 S75R-termiske sikteoptikker er utviklet for jegere som krever det beste innen klarhet, rekkevidde og komfort. Utformet med en industriledende termisk sensor og h\u00f8y bildefrekvens leverer den ultrasuperi\u00f8r bildekvalitet som gj\u00f8r m\u00e5l-identifisering og -sporing en enkel sak. Den lange brennvidden og den integrerte laserm\u00e5leren s\u00f8rger for at du kan m\u00e5le avstander til fjerne m\u00e5l n\u00f8yaktig, samtidig som den avanserte optiske utformingen gir en jevn og uhindret synsopplevelse. Med en steglaus zoomspak og fremragende \u00f8yeavstand lar Nocpix RICO 2 S75R-serien jegere justere forst\u00f8rrelsen enkelt og f\u00f8le seg komfortable selv under langvarige jakter. Med sine innovative teknologier og brukervennlige design lar Nocpix RICO 2 S75R-serien deg jakte ut over grensene for hva som tidligere var mulig.<\/p>\n<h2>H\u00f8ytytende ytelse<\/h2>\n<p>Dra nytte av den premium-klasse andre generasjons 12\u03bcm@60Hz-sensoren, med NETD \u226415mK, for knivskarp, h\u00f8ykontrastkvalitet og forbedret m\u00e5lidentifisering. Nocpix RICO 2 S75R er utstyrt med st\u00f8rre objektivlinser (75 mm\/F1.0, 50 mm\/F1.0, 42 mm\/F1.0) som gir bedre lyssamling for fremragende bildeskarphet og \u00f8kt deteksjonsrekkevidde. RICO 2-serien lar deg finjustere forst\u00f8rrelsen enkelt med en steglaus LPVO-stil zoomspak, noe som gir rask og problemfri justering for presist \u00e5 engasjere m\u00e5l p\u00e5 enhver avstand. RICO 2-serien har en imponerende deteksjonsrekkevidde p\u00e5 opptil 3896 m, som gir deg en betydelig fordel i langtrekkende jakt og n\u00f8yaktig m\u00e5ling.<\/p>\n<h2>Fleksibel og n\u00f8yaktig m\u00e5ling av m\u00e5l<\/h2>\n<p>Nocpix RICO 2 S75R er utstyrt med en integrert laserm\u00e5ler som gir m\u00e5ling opptil 1200m med sann optisk aksjustering, noe som sikrer n\u00f8yaktige avstandsm\u00e5linger samtidig som designet forblir elegant og kompakt. Str\u00f8mlinjeforme dine skudd ved hjelp av automatiske balistiske beregninger, ved bruk av den integrerte laserm\u00e5leren for \u00e5 plassere presise skudd p\u00e5 lange avstander.<\/p>\n<h2>Krystallklar og komfortabel visning<\/h2>\n<p>Det 1.03&#8243; 2560\u00d72560 OLED-displayet (S75R), forvrengnin<br \/>\ngsfri okul\u00e6r, 70mm \u00f8yeavstand og 23mm utgangspupill gir knivskarp og komfortabel visning selv under langvarig bruk. S75R-modellen er utstyrt med en usedvanlig 70mm \u00f8yeavstand, som gir maksimal komfort for langvarig bruk uten \u00f8yeslitasje og sikrer \u00f8yesikkerhet.<\/p>\n","protected":false},"excerpt":{"rendered":"<p>Neste generasjons sensor med 1280 x 1024-oppl\u00f8sning, fleksibel og presis integrert LRF, ekstremt klar og komfortabel visning, sikkerhet og behagelig \u00f8yeavlastning. Nocpix Rico 2 S75R &#8211; Ekspert p\u00e5 langtrekkende skyting.<\/p>\n<p>Hvis varen ikke er tilgjengelig, kontakt oss: shop@nbg.eu eller +359896147790<\/p>\n","protected":false},"featured_media":676839,"template":"","meta":{"_acf_changed":false},"product_brand":[14450],"product_cat":[16090],"product_tag":[],"class_list":{"0":"post-676619","1":"product","2":"type-product","3":"status-publish","4":"has-post-thumbnail","6":"product_brand-nocpix","7":"product_cat-thermal-cameras-no","9":"first","10":"instock","11":"taxable","12":"shipping-taxable","13":"purchasable","14":"product-type-simple"},"acf":[],"_links":{"self":[{"href":"https:\/\/nbg.eu\/no\/wp-json\/wp\/v2\/product\/676619","targetHints":{"allow":["GET"]}}],"collection":[{"href":"https:\/\/nbg.eu\/no\/wp-json\/wp\/v2\/product"}],"about":[{"href":"https:\/\/nbg.eu\/no\/wp-json\/wp\/v2\/types\/product"}],"wp:featuredmedia":[{"embeddable":true,"href":"https:\/\/nbg.eu\/no\/wp-json\/wp\/v2\/media\/676839"}],"wp:attachment":[{"href":"https:\/\/nbg.eu\/no\/wp-json\/wp\/v2\/media?parent=676619"}],"wp:term":[{"taxonomy":"product_brand","embeddable":true,"href":"https:\/\/nbg.eu\/no\/wp-json\/wp\/v2\/product_brand?post=676619"},{"taxonomy":"product_cat","embeddable":true,"href":"https:\/\/nbg.eu\/no\/wp-json\/wp\/v2\/product_cat?post=676619"},{"taxonomy":"product_tag","embeddable":true,"href":"https:\/\/nbg.eu\/no\/wp-json\/wp\/v2\/product_tag?post=676619"}],"curies":[{"name":"wp","href":"https:\/\/api.w.org\/{rel}","templated":true}]}}