{"id":676864,"date":"2025-11-17T17:25:15","date_gmt":"2025-11-17T14:25:15","guid":{"rendered":"https:\/\/nbg.eu\/product\/termisk-sikt-nocpix-rico-2-h75r\/"},"modified":"2026-04-14T16:10:30","modified_gmt":"2026-04-14T13:10:30","slug":"termisk-sikt-nocpix-rico-2-h75r","status":"publish","type":"product","link":"https:\/\/nbg.eu\/no\/produkt\/termisk-sikt-nocpix-rico-2-h75r\/","title":{"rendered":"Nocpix Termisk Sikte Rico 2 H75R"},"content":{"rendered":"<h2>Nocpix Rico 2 H75R: Langdistansejaktperfeksjon<\/h2>\n<p>Nocpix RICO 2 H75R-serien med varmes\u00f8kende kikkerter er designet for jegere som krever det beste innen klarhet, rekkevidde og komfort. Med en bransjemessig ledende varmes\u00f8kende sensor og h\u00f8y bildefrekvens leverer den ultrasuperi\u00f8r bildekvalitet som gj\u00f8r m\u00e5lidentifisering og sporing enkel. Dens lange brennvidde og innebygde LRF sikrer at du kan m\u00e5le avstanden til fjerntliggende m\u00e5l n\u00f8yaktig, samtidig som den avanserte optiske utformingen gir en umiddelbar seeropplevelse uten forvrengning. Med en trinnl\u00f8s zoomspak og utmerket \u00f8yeavstand lar Nocpix RICO 2 H75R-serien jegere justere forst\u00f8rrelsen enkelt og f\u00f8le seg komfortable under langvarige jakter. Innovative teknologier og et brukervennlig design gj\u00f8r Nocpix RICO 2 H75R-serien til toppniv\u00e5et innen langdistansejaktytelse.<\/p>\n<h2>Banebrytendemvarmes\u00f8kendebildeteknologi<\/h2>\n<p>Dra nytte av den premium andre generasjons 640@12\u03bcm@60Hz-sensoren, begge med NETD \u226415mK, for ekstremt skarpe, h\u00f8ykontrastbilder og forbedret m\u00e5lidentifisering.<\/p>\n<h2>Forbedret klarhet med st\u00f8rre linser<\/h2>\n<p>Nocpix RICO 2 H75R er utstyrt med st\u00f8rre objektivlinser (75 mm\/F1.0, 50 mm\/F1.0, 42 mm\/F1.0) som gir bedre lysoppsamlingskapasitet for eksepsjonell bildekvalitet og utvidet deteksjonsrekkevidde.<\/p>\n<h2>Enkle forst\u00f8rrelsesinnstillinger<\/h2>\n<p>RICO 2-serien lar deg finjustere forst\u00f8rrelsen enkelt med en trinnl\u00f8s LPVO-stilzoomspak, som gir rask og smertefri justering for \u00e5 engasjere m\u00e5l p\u00e5 enhver avstand med presisjon.<\/p>\n<h2>Skapt for langdistansejakt<\/h2>\n<p>RICO 2-serien kan oppdage m\u00e5l opptil 3896 m, noe som gir deg en betydelig fordel i langdistansejakt og n\u00f8yaktig m\u00e5lretting.<\/p>\n<h2>Fleksibel og presis integrert LRF<\/h2>\n<p>Nocpix RICO 2 H75R er utstyrt med en integrert LRF, som tilbyr laserm\u00e5ling opptil 1200 m med sann optisk aksjustering, noe som sikrer n\u00f8yaktige avstandsm\u00e5linger samtidig som den opprettholder et elegant og smidig design.<\/p>\n<h2>Str\u00f8mlinjeformede balistiske beregninger<\/h2>\n<p>Forenkle plasseringen av skudd med automatiske balistiske beregninger ved hjelp av den integrerte LRF-en for \u00e5 plassere presise skudd p\u00e5 lange avstander.<\/p>\n<h2>Ekstremt klar og komfortabel sikt<\/h2>\n<p>1.03&#8243; 2560\u00d72560 OLED-skjerm (S75R), forvrengningsfri okular, 70 mm \u00f8yeavstand og 23 mm utgangspupill gir krystallklar og behagelig sikt i lange \u00f8kter.<\/p>\n<h2>Sikkerhet og komfort<\/h2>\n<p>H75R-modellen har en unik 70 mm avstand, noe som gir maksimal komfort for langvarig bruk uten \u00f8yetr\u00f8tthet og sikrer \u00f8yesikkerhet.<\/p>\n","protected":false},"excerpt":{"rendered":"<p>Nocpix Rico 2 H75R &#8211; Ekspert p\u00e5 lang rekkevidde med 640&#215;512-sensor, 60Hz, integrert LRF og kontinuerlig zoom.<\/p>\n<p>Hvis varen ikke er tilgjengelig, vennligst kontakt oss: shop@nbg.eu eller +359896147790<\/p>\n","protected":false},"featured_media":676929,"template":"","meta":{"_acf_changed":false},"product_brand":[14450],"product_cat":[16090],"product_tag":[],"class_list":{"0":"post-676864","1":"product","2":"type-product","3":"status-publish","4":"has-post-thumbnail","6":"product_brand-nocpix","7":"product_cat-thermal-cameras-no","9":"first","10":"instock","11":"taxable","12":"shipping-taxable","13":"purchasable","14":"product-type-simple"},"acf":[],"_links":{"self":[{"href":"https:\/\/nbg.eu\/no\/wp-json\/wp\/v2\/product\/676864","targetHints":{"allow":["GET"]}}],"collection":[{"href":"https:\/\/nbg.eu\/no\/wp-json\/wp\/v2\/product"}],"about":[{"href":"https:\/\/nbg.eu\/no\/wp-json\/wp\/v2\/types\/product"}],"wp:featuredmedia":[{"embeddable":true,"href":"https:\/\/nbg.eu\/no\/wp-json\/wp\/v2\/media\/676929"}],"wp:attachment":[{"href":"https:\/\/nbg.eu\/no\/wp-json\/wp\/v2\/media?parent=676864"}],"wp:term":[{"taxonomy":"product_brand","embeddable":true,"href":"https:\/\/nbg.eu\/no\/wp-json\/wp\/v2\/product_brand?post=676864"},{"taxonomy":"product_cat","embeddable":true,"href":"https:\/\/nbg.eu\/no\/wp-json\/wp\/v2\/product_cat?post=676864"},{"taxonomy":"product_tag","embeddable":true,"href":"https:\/\/nbg.eu\/no\/wp-json\/wp\/v2\/product_tag?post=676864"}],"curies":[{"name":"wp","href":"https:\/\/api.w.org\/{rel}","templated":true}]}}