{"id":677025,"date":"2025-11-17T17:25:28","date_gmt":"2025-11-17T14:25:28","guid":{"rendered":"https:\/\/nbg.eu\/product\/termisk-sikteram-nocpix-ace-s60r-zeiss\/"},"modified":"2026-04-14T17:21:31","modified_gmt":"2026-04-14T14:21:31","slug":"termisk-sikteram-nocpix-ace-s60r-zeiss","status":"publish","type":"product","link":"https:\/\/nbg.eu\/no\/produkt\/termisk-sikteram-nocpix-ace-s60r-zeiss\/","title":{"rendered":"Nocpix Termisk Sikte ACE S60R ZEISS RAIL"},"content":{"rendered":"<h2>NocPix ACE S60R Termisk Kikkert<\/h2>\n<p>NocPix ACE S60R Termisk Kikkert er et helt nytt, h\u00f8yteknologisk verkt\u00f8y designet for elitejegere som krever topp ytelse under de mest krevende forhold. Med sin avanserte teknologi og robuste konstruksjon er denne ledende termiske kikkerten designet for \u00e5 hjelpe deg \u00e5 dominere natten og temme villdyr. Enten du skal lete etter bytte p\u00e5 lange avstander eller spore raskg\u00e5ende m\u00e5l, tilbyr ACE S60R S60R usurperbar klarhet, presisjon og p\u00e5litelighet.<\/p>\n<p>Kjernen i denne ekstraordin\u00e6re kikkerten er en Gen-2 HD-termisk sensor med en imponerende oppl\u00f8sning p\u00e5 1280\u00d71024 og en ultra-sensitiv NETD p\u00e5 \u226415mK. Denne neste generasjons sensoren gj\u00f8r at ACE S60R kan oppdage selv de minste temperaturendringer, og gir klare, detaljerte termiske bilder i sanntid. Med en bildefrekvens p\u00e5 50 Hz leverer kikkerten jevne visninger som f\u00f8lger farten p\u00e5 m\u00e5let ditt, slik at du kan l\u00e5se deg p\u00e5 med uovertruffen presisjon.<\/p>\n<p>NocPix ACE S60R har ogs\u00e5 et 60mm\/F1.0-objektiv som samler inn 20 % mer lys enn standard kikkert, noe som gir deg lysere og klarere bilder selv i de m\u00f8rkeste forholdene. Dens overlegen langdistanse-oppdagelse p\u00e5 opptil 3100 meter lar deg enkelt identifisere og spore fjerne m\u00e5l, noe som gir en kritisk fordel for jakt og skyting p\u00e5 lang avstand. Sammen med NocPix&#8217; eget Reality+ bildebehandlingsalgoritme reduserer ACE S60R betydelig omgivelsest\u00f8y og leverer skarpe, h\u00f8ykontrastbilder hver gang.<\/p>\n<p>For de som \u00f8nsker enda klarere visuelle klarhet, er ACE S60R utstyrt med det innovative Vision+-systemet. Den runde 1.03-toms 2560\u00d72560 AMOLED-skjermen, kombinert med bransjeledende okular-forst\u00f8rrelse, leverer uovertruffen optisk forst\u00f8rrelse uten utydelig eller forvrenging som vanligvis er forbundet med elektronisk zoom. Denne revolusjonerende teknologien sikrer at du nyter en krystallklar visning og vidt synsfelt, uavhengig av om du n\u00e6rmer deg m\u00e5let ditt eller skanner omgivelsene.<\/p>\n<p>Presisjon er n\u00f8kkelen n\u00e5r det gjelder jakt, og ACE S60R skuffer ikke. Dens innebygde laserkikkert (LRF) gir n\u00f8yaktige m\u00e5linger opptil 1200 meter unna. LRF-en er s\u00f8ml\u00f8st integrert i det slimme designet, og opprettholder riktig optisk aksjonslingering samtidig som du kan beregne n\u00f8yaktige avstander uten \u00e5 forstyrre fokuset. Og med innebygd ballistisk beregningsfunksjonalitet sikrer ACE S60R at skuddene dine er presise, idet den tar hensyn til alle faktorer for feilfri n\u00f8yaktighet.<\/p>\n<p>Designet med jegere i tankene har NocPix ACE S60R ogs\u00e5 et dobbelt batterisystem med et innebygd 4000mAh-batteri og et utskiftbart 18650-batteri for forlenget bruk i felten. Ikke bekymre deg mer for \u00e5 g\u00e5 tom for str\u00f8m midt i jakten &#8211; dette systemet er designet for \u00e5 vare s\u00e5 lenge som ditt eventyr. Funksjoner som automatisk skjermavsl\u00e5ing, videoopptak aktivert av rekyl og et design uten deksel gj\u00f8r ogs\u00e5 denne termiske kikkerten til et sannsynlig game-changer p\u00e5 jaktmarken.<\/p>\n<p>Bygget for de t\u00f8ffeste utend\u00f8rsforholdene er ACE S60R laget av legering i h\u00f8ystyrkealuminium, grundig testet for \u00e5 t\u00e5le ekstrem st\u00f8t og hard bruk. Med IP67-klassifisering for vanntetthet fungerer den feilfritt i regn, st\u00f8v og utfordrende milj\u00f8er, og sikrer at kikkerten din er like solid som jakteinstinktene dine.<\/p>\n<p>NocPix ACE S60R er mer enn bare et termisk siktemiddel &#8211; det er den ultimate jaktkompanjonen. Med h\u00f8yteknologisk teknologi, unik holdbarhet og et utvalg avanserte funksjoner som er utformet for \u00e5 forbedre jaktopplevelsen din, vil denne kikkerten redefinere hva du forventer av utstyret ditt. Gj\u00f8r deg klar for \u00e5 dominere natten.<\/p>\n","protected":false},"excerpt":{"rendered":"<p>Nocpix ACE S60R termisk kikkert er et avansert verkt\u00f8y designet for elitejegere, med avansert teknologi, robust konstruksjon og funksjoner som Gen-2 HD termisk sensor, Vision+ system, integrert laser avstandsm\u00e5ler og dobbelt batterisystem for toppytelse i utfordrende milj\u00f8er.<\/p>\n<p>Hvis varen ikke er tilgjengelig, vennligst kontakt oss: shop@nbg.eu eller +359896147790<\/p>\n","protected":false},"featured_media":677656,"template":"","meta":{"_acf_changed":false},"product_brand":[14450],"product_cat":[13282],"product_tag":[],"class_list":{"0":"post-677025","1":"product","2":"type-product","3":"status-publish","4":"has-post-thumbnail","6":"product_brand-nocpix","7":"product_cat-termisk","9":"first","10":"instock","11":"taxable","12":"shipping-taxable","13":"purchasable","14":"product-type-simple"},"acf":[],"_links":{"self":[{"href":"https:\/\/nbg.eu\/no\/wp-json\/wp\/v2\/product\/677025","targetHints":{"allow":["GET"]}}],"collection":[{"href":"https:\/\/nbg.eu\/no\/wp-json\/wp\/v2\/product"}],"about":[{"href":"https:\/\/nbg.eu\/no\/wp-json\/wp\/v2\/types\/product"}],"wp:featuredmedia":[{"embeddable":true,"href":"https:\/\/nbg.eu\/no\/wp-json\/wp\/v2\/media\/677656"}],"wp:attachment":[{"href":"https:\/\/nbg.eu\/no\/wp-json\/wp\/v2\/media?parent=677025"}],"wp:term":[{"taxonomy":"product_brand","embeddable":true,"href":"https:\/\/nbg.eu\/no\/wp-json\/wp\/v2\/product_brand?post=677025"},{"taxonomy":"product_cat","embeddable":true,"href":"https:\/\/nbg.eu\/no\/wp-json\/wp\/v2\/product_cat?post=677025"},{"taxonomy":"product_tag","embeddable":true,"href":"https:\/\/nbg.eu\/no\/wp-json\/wp\/v2\/product_tag?post=677025"}],"curies":[{"name":"wp","href":"https:\/\/api.w.org\/{rel}","templated":true}]}}