{"id":677672,"date":"2025-11-17T17:25:33","date_gmt":"2025-11-17T14:25:33","guid":{"rendered":"https:\/\/nbg.eu\/product\/termisk-sikt-nocpix-ace-h50r-12um-640x512-15mk-netd\/"},"modified":"2026-04-14T16:10:23","modified_gmt":"2026-04-14T13:10:23","slug":"termisk-sikt-nocpix-ace-h50r-12um-640x512-15mk-netd","status":"publish","type":"product","link":"https:\/\/nbg.eu\/no\/produkt\/termisk-sikt-nocpix-ace-h50r-12um-640x512-15mk-netd\/","title":{"rendered":"Nocpix Termisk Sikte ACE H50R"},"content":{"rendered":"<h2>NocPix ACE H50R Termisk Riflekikkert<\/h2>\n<p>NocPix ACE H50R termisk riflekikkert kombinerer avansert teknologi med robust holdbarhet for en uovertruffen jaktopplevelse. Den har en termisk sensor med 640&#215;512 oppl\u00f8sning og \u226412mK NETD for enest\u00e5ende bildekvalitet, en deteksjonsrekkevidde p\u00e5 3100 meter, og en integrert laserm\u00e5ler for presise m\u00e5linger opptil 1200 meter. Det innovative Vision+-systemet tilbyr okular forst\u00f8rrelse for tydelige n\u00e6rbilder, samtidig som et dobbelt batterisystem sikrer langvarig bruk. Laget av h\u00f8yfast aluminiumslegering og med IP67-klassifisering, er denne riflekikkerten designet for \u00e5 v\u00e6re overlegen i ethvert utend\u00f8rsmilj\u00f8 og tilpasse seg enhver situasjon.<\/p>\n<p>NocPix ACE H50 termisk riflekikkert er et toppmoderne verkt\u00f8y designet for \u00e5 definere jaktopplevelsen p\u00e5 nytt, enten du navigerer i den m\u00f8rke natten eller forf\u00f8lger byttet gjennom utfordrende terreng. Som en del av NocPix&#8217; flaggskipserieACE, skiller dette termiske optiske siktet seg ut for sin overlegne bildekvalitet og presisjon, takket v\u00e6re den egenutviklede h\u00f8yoppl\u00f8selige termiske sensoren og de avanserte Reality+ og Vision+-systemene.<\/p>\n<p>Kjernen i NocPix ACE H50R er dens Gen-2 HD termiske sensor, som har en oppl\u00f8sning p\u00e5 640&#215;512 og en bildefrekvens p\u00e5 60Hz, og tilbyr utrolig stabil ytelse. Med en NETD p\u00e5 \u226412mK, registrerer denne kikkerten selv de minste temperaturforskjellene og gir detaljerte og jevne termiske bilder, ideelle for \u00e5 spore raskt bevegelige m\u00e5l i sanntid. Den avanserte Reality+-bildealgoritmen forsterker dette ytterligere ved \u00e5 eliminere st\u00f8y fra omgivelsestemperatur, og gir bedre kontrast og klarhet selv under utfordrende jaktforhold.<\/p>\n<p>ACE H50R er utstyrt med et 50mm\/F0.9-objektiv som lar 20% mer lys n\u00e5 sensoren, noe som gir lysere og klarere bilder. Dette er avgj\u00f8rende for jegere som streber etter presisjon, da den forbedrede lysoverf\u00f8ringen gir bedre synlighet i svake lysforhold. I tillegg gir den 3100 meter deteksjonsrekkevidde ACE et fortrinn, og gj\u00f8r langtrekkende identifisering og sporing av fjerne m\u00e5l enklere og mer effektiv enn noensinne.<\/p>\n<p>Det integrerte Vision+-systemet forbedrer den visuelle opplevelsen med et 1,03-tommers sirkul\u00e6rt AMOLED-display med en oppl\u00f8sning p\u00e5 2560&#215;2560. Dens optiske zoomesystem, designet for \u00e5 unng\u00e5 utvisking og forvridning som vanligvis er assosiert med tradisjonelle elektroniske zoom, sikrer at jegere nyter klare, h\u00f8yoppl\u00f8selige n\u00e6rbilde-visninger uten \u00e5 miste detaljer. Dette gir en oppslukende og behagelig seeropplevelse, enten du spotter byttet p\u00e5 avstand eller zoomer inn for presisjonsskyting.<\/p>\n<p>Bygget for utvidet bruk i felten, har ACE et dobbelt batterisystem med et innebygd 4000mAh-batteri og et ekstra uttagbart 18650-batteri, som gj\u00f8r at den kan brukes lenge uten avbrudd under lange jakt\u00f8kter. Det robuste designet, laget av h\u00f8yfast aluminiumslegering, sikrer at ACE t\u00e5ler t\u00f8ffe utend\u00f8rsmilj\u00f8er og tung bruk, etter \u00e5 ha best\u00e5tt strenge st\u00f8tsikkerhetstester. Med IP67-vanntetthet, forblir kikkerten p\u00e5litelig i d\u00e5rlige v\u00e6rforhold og gir jegere ro i sinnet uavhengig av milj\u00f8et.<\/p>\n<p>Designet med jegere i tankene, inkluderer NocPix ACE H50R essensielle funksjoner som st\u00f8taktivert videoopptak og en lukkerl\u00f8s design for enkel bruk i felten. Med brukervennlige tillegg som fokusjustering, ladedeksel og muligheten til \u00e5 spille av videoer direkte via Galleri-funksjonen, kombinerer denne kikkerten h\u00f8y ytelse med praktiske funksjoner for en optimal jaktopplevelse.<\/p>\n","protected":false},"excerpt":{"rendered":"<p>Nocpix ACE H50R termisk kikkertsikte har en termisk sensor p\u00e5 640&#215;512 med \u226412mK NETD, 3100m deteksjon, integrert laseravstandsm\u00e5ler og Vision+ system for en uovertruffen jaktopplevelse.<br \/>\nHvis varen ikke er tilgjengelig, vennligst ta kontakt med oss: shop@nbg.eu eller +359896147790<\/p>\n","protected":false},"featured_media":677809,"template":"","meta":{"_acf_changed":false},"product_brand":[14450],"product_cat":[13282],"product_tag":[],"class_list":{"0":"post-677672","1":"product","2":"type-product","3":"status-publish","4":"has-post-thumbnail","6":"product_brand-nocpix","7":"product_cat-termisk","9":"first","10":"outofstock","11":"taxable","12":"shipping-taxable","13":"purchasable","14":"product-type-simple"},"acf":[],"_links":{"self":[{"href":"https:\/\/nbg.eu\/no\/wp-json\/wp\/v2\/product\/677672","targetHints":{"allow":["GET"]}}],"collection":[{"href":"https:\/\/nbg.eu\/no\/wp-json\/wp\/v2\/product"}],"about":[{"href":"https:\/\/nbg.eu\/no\/wp-json\/wp\/v2\/types\/product"}],"wp:featuredmedia":[{"embeddable":true,"href":"https:\/\/nbg.eu\/no\/wp-json\/wp\/v2\/media\/677809"}],"wp:attachment":[{"href":"https:\/\/nbg.eu\/no\/wp-json\/wp\/v2\/media?parent=677672"}],"wp:term":[{"taxonomy":"product_brand","embeddable":true,"href":"https:\/\/nbg.eu\/no\/wp-json\/wp\/v2\/product_brand?post=677672"},{"taxonomy":"product_cat","embeddable":true,"href":"https:\/\/nbg.eu\/no\/wp-json\/wp\/v2\/product_cat?post=677672"},{"taxonomy":"product_tag","embeddable":true,"href":"https:\/\/nbg.eu\/no\/wp-json\/wp\/v2\/product_tag?post=677672"}],"curies":[{"name":"wp","href":"https:\/\/api.w.org\/{rel}","templated":true}]}}