{"id":678119,"date":"2025-11-17T17:25:36","date_gmt":"2025-11-17T14:25:36","guid":{"rendered":"https:\/\/nbg.eu\/product\/termisk-monokulaer-nocpix-lumi-l35\/"},"modified":"2026-01-21T11:39:11","modified_gmt":"2026-01-21T08:39:11","slug":"termisk-monokulaer-nocpix-lumi-l35","status":"publish","type":"product","link":"https:\/\/nbg.eu\/no\/produkt\/termisk-monokulaer-nocpix-lumi-l35\/","title":{"rendered":"Termisk monokul\u00e6r Nocpix LUMI L35"},"content":{"rendered":"<h2>Maksimal ytelse med minimal vekt \u2013 Nocpix LUMI L35: Din uunnv\u00e6rlige ledsager p\u00e5 ditt omr\u00e5de<\/h2>\n<p>LUMI-serien med termiske monokul\u00e6re er designet for bruk b\u00e5de dag og natt og tilbyr deg utmerket bildekvalitet selv i vanskelige v\u00e6rforhold som t\u00e5ke, smog eller regn. Selv om hindringer som grener, h\u00f8yt gress eller tett kratt gj\u00f8r det vanskelig \u00e5 se, kan du takket v\u00e6re denne teknologien alltid se tydelig hva som er foran deg. De er ogs\u00e5 s\u00e5 kompakte og lette at du enkelt kan b\u00e6re dem overalt.<\/p>\n<p>LUMI-termokameraer er perfekte for en rekke applikasjoner som jakt, overv\u00e5king, sikkerhet, terrengorientering eller s\u00f8k- og redningsoperasjoner.<\/p>\n<h2>Uovertruffen bildekvalitet for skarpslipte bilder<\/h2>\n<p>LUMI-serien setter nye standarder n\u00e5r det gjelder bildekvalitet. Utstyrt med de mest avanserte avbildningsalgoritmer og en kraftig termisk sensor med NETD &lt; 18 mK, leverer kameraet skarpslipte og realistiske bilder. AMOLED-skjermen med en oppl\u00f8sning p\u00e5 1024 x 768 piksler s\u00f8rger for eksepsjonell bildevisning, mens Ultra Clear-modus ytterligere optimaliserer bildeskarphet, spesielt i vanskelige v\u00e6rforhold.<\/p>\n<h2>Personlig visningsopplevelse \u2013 Tilpass enheten din perfekt<\/h2>\n<p>Takket v\u00e6re den mellomstore 384 x 288 px-sensoren og et utvalg av innstillingsalternativer, kan du tilpasse enheten n\u00f8yaktig etter dine behov. Velg mellom 5 fargemodi og optimaliser visningen med 10 niv\u00e5er av lysstyrke, skarphet og kontrast \u2013 slik at ingen detalj g\u00e5r up\u00e5aktet hen.<\/p>\n<h2>Enkel deling av opplevelser<\/h2>\n<p>Det \u00e5 fange spesielle \u00f8yeblikk er essensielt for den moderne jegeren. Med Nocpix LUMI L35 kan du ikke bare enkelt dele opptakene dine via appen, men ogs\u00e5 spille dem av direkte p\u00e5 enheten \u2013 perfekt for umiddelbart \u00e5 dele dine opplevelser med andre.<\/p>\n<h2>Kan brukes fleksibelt takket v\u00e6re det avtakbare batterisystemet<\/h2>\n<p>LUMI-serien er utstyrt med standard 18650-batterier, som gir deg maksimal fleksibilitet. Uansett hvor du g\u00e5r, vil du v\u00e6re klar igjen p\u00e5 et blunk med den medf\u00f8lgende batteriladeren \u2013 og du kan fortsette misjonen din.<\/p>\n","protected":false},"excerpt":{"rendered":"<p>Maksimal ytelse med minimal vekt \u2013 Nocpix LUMI L35: Din uunnv\u00e6rlige ledsager i felten. 384 sensor med 18 mK, AMOLED-display med 1024 \u00d7 768 piksler, Avtakbart 18650-batteri, Rekkevidde p\u00e5 cirka 1800 meter, stor grunnforst\u00f8rrelse for jakt i felt, kompakt design.<\/p>\n","protected":false},"featured_media":678311,"template":"","meta":{"_acf_changed":false},"product_brand":[14450],"product_cat":[13282,369],"product_tag":[],"class_list":{"0":"post-678119","1":"product","2":"type-product","3":"status-publish","4":"has-post-thumbnail","6":"product_brand-nocpix","7":"product_cat-termisk","8":"product_cat-uncategorized","10":"first","11":"instock","12":"taxable","13":"shipping-taxable","14":"purchasable","15":"product-type-simple"},"acf":[],"_links":{"self":[{"href":"https:\/\/nbg.eu\/no\/wp-json\/wp\/v2\/product\/678119","targetHints":{"allow":["GET"]}}],"collection":[{"href":"https:\/\/nbg.eu\/no\/wp-json\/wp\/v2\/product"}],"about":[{"href":"https:\/\/nbg.eu\/no\/wp-json\/wp\/v2\/types\/product"}],"wp:featuredmedia":[{"embeddable":true,"href":"https:\/\/nbg.eu\/no\/wp-json\/wp\/v2\/media\/678311"}],"wp:attachment":[{"href":"https:\/\/nbg.eu\/no\/wp-json\/wp\/v2\/media?parent=678119"}],"wp:term":[{"taxonomy":"product_brand","embeddable":true,"href":"https:\/\/nbg.eu\/no\/wp-json\/wp\/v2\/product_brand?post=678119"},{"taxonomy":"product_cat","embeddable":true,"href":"https:\/\/nbg.eu\/no\/wp-json\/wp\/v2\/product_cat?post=678119"},{"taxonomy":"product_tag","embeddable":true,"href":"https:\/\/nbg.eu\/no\/wp-json\/wp\/v2\/product_tag?post=678119"}],"curies":[{"name":"wp","href":"https:\/\/api.w.org\/{rel}","templated":true}]}}