{"id":678374,"date":"2025-11-18T18:19:28","date_gmt":"2025-11-18T15:19:28","guid":{"rendered":"https:\/\/nbg.eu\/product\/nocpix-quest-l35r-384x288-netd-15mk\/"},"modified":"2026-04-14T16:10:17","modified_gmt":"2026-04-14T13:10:17","slug":"nocpix-quest-l35r-384x288-netd-15mk","status":"publish","type":"product","link":"https:\/\/nbg.eu\/no\/produkt\/nocpix-quest-l35r-384x288-netd-15mk\/","title":{"rendered":"Nocpix Termisk Kikkert Quest L35R"},"content":{"rendered":"<h2>Nocpix Quest L35R 384&#215;288 NETD \u226415mK: Unleash Your Thermal Vision<\/h2>\n<p>QUEST er lett og b\u00e6rbar, med en rekkevidde p\u00e5 opptil 2600 m og en integrert skjult LRF med en rekkevidde p\u00e5 1000 m for h\u00f8y n\u00f8yaktighet og synlighet. Den tradisjonelle kikkertutformingen har et heldekkende gummibelegg og IP67-rating for slitestyrke og komfort under t\u00f8ffe forhold. Utstyrt med en h\u00f8yytelses 640&#215;512-sensor (NETD \u226415mK, 60 Hz) gir QUEST utmerket bildekvalitet, overlegen termisk f\u00f8lsomhet og problemfri drift i krevende milj\u00f8er.<\/p>\n<h2>Eksepsjonell bildekvalitet og klarhet<\/h2>\n<p>Nocpix QUEST har R+ bildebedring for overlegen klarhet og presisjon, kombinert med et 1920&#215;1200 AMOLED-display for en immersiv og \u00f8yenvennlig opplevelse.<\/p>\n<h2>Overlegen sensor for eksellens<\/h2>\n<p>Nocpix QUEST er utstyrt med en h\u00f8yytelses sensor (640&#215;512@12\u00b5m) som gir ekstraordin\u00e6r bildekvalitet. Med NETD \u226415mK og 60 Hz bildefrekvens gir den overlegen termisk f\u00f8lsomhet og leverer klare og visuelle bilder selv i de mest utfordrende milj\u00f8er.<\/p>\n<h2>Kraftige deteksjonsegenskaper<\/h2>\n<p>Nocpix QUEST har en deteksjonsrekkevidde p\u00e5 opptil 2600 m og en integrert skjult LRF med en rekkevidde p\u00e5 opptil 1000 m, noe som gj\u00f8r at du kan se lengre og mer n\u00f8yaktig enn noen gang f\u00f8r. Den st\u00f8tter ogs\u00e5 ballistiske beregninger og gir datast\u00f8tte for samarbeidende jakt.<\/p>\n<h2>Ergonomisk enh\u00e5ndsoperasjon<\/h2>\n<p>Nocpix QUEST tilbyr ergonomisk, glisikkert h\u00e5ndtering med et forenklet 4-knappersoppsett og sentralt plasserte rullefelt for enkel enh\u00e5ndsoperasjon og et trygt grep under alle forhold.<\/p>\n<h2>Lett og b\u00e6rbar<\/h2>\n<p>QUEST veier bare 700 g og inkluderer en egen b\u00e6reveske, noe som gj\u00f8r den lett \u00e5 b\u00e6re og komfortabel for utend\u00f8rsaktiviteter som jakt og utforskning.<\/p>\n<h2>P\u00e5litelig str\u00f8mytelse<\/h2>\n<p>QUEST-serien har et todelt batterikonsept med et innebygd og utskiftbart 18650-batteri, noe som sikrer enkel utskifting og kontinuerlig bruk under eventyret ditt.<\/p>\n<h2>Robust og komfortabel utforming<\/h2>\n<p>QUEST har en tradisjonell kikkertutforming med et sofistikert, heldekkende gummibelegg og IP67-rating for vann- og st\u00f8vbeskyttelse, noe som sikrer b\u00e5de slitestyrke og overordnet komfort.<\/p>\n","protected":false},"excerpt":{"rendered":"<p>Nocpix QUEST L35R 384&#215;288 NETD &lt;15mK: Lett og b\u00e6rbar varmes\u00f8ker med 2600m deteksjonsrekkevidde, innebygd 1000m laserm\u00e5ler og eksepsjonell bildekvalitet.<\/p>\n<p>Hvis varen ikke er tilgjengelig, vennligst kontakt oss: shop@nbg.eu eller +359896147790<\/p>\n","protected":false},"featured_media":679417,"template":"","meta":{"_acf_changed":false},"product_brand":[14450],"product_cat":[14690,13282,16090],"product_tag":[],"class_list":{"0":"post-678374","1":"product","2":"type-product","3":"status-publish","4":"has-post-thumbnail","6":"product_brand-nocpix","7":"product_cat-kikkert","8":"product_cat-termisk","9":"product_cat-thermal-cameras-no","11":"first","12":"instock","13":"taxable","14":"shipping-taxable","15":"purchasable","16":"product-type-simple"},"acf":[],"_links":{"self":[{"href":"https:\/\/nbg.eu\/no\/wp-json\/wp\/v2\/product\/678374","targetHints":{"allow":["GET"]}}],"collection":[{"href":"https:\/\/nbg.eu\/no\/wp-json\/wp\/v2\/product"}],"about":[{"href":"https:\/\/nbg.eu\/no\/wp-json\/wp\/v2\/types\/product"}],"wp:featuredmedia":[{"embeddable":true,"href":"https:\/\/nbg.eu\/no\/wp-json\/wp\/v2\/media\/679417"}],"wp:attachment":[{"href":"https:\/\/nbg.eu\/no\/wp-json\/wp\/v2\/media?parent=678374"}],"wp:term":[{"taxonomy":"product_brand","embeddable":true,"href":"https:\/\/nbg.eu\/no\/wp-json\/wp\/v2\/product_brand?post=678374"},{"taxonomy":"product_cat","embeddable":true,"href":"https:\/\/nbg.eu\/no\/wp-json\/wp\/v2\/product_cat?post=678374"},{"taxonomy":"product_tag","embeddable":true,"href":"https:\/\/nbg.eu\/no\/wp-json\/wp\/v2\/product_tag?post=678374"}],"curies":[{"name":"wp","href":"https:\/\/api.w.org\/{rel}","templated":true}]}}