{"id":679447,"date":"2025-11-18T18:19:37","date_gmt":"2025-11-18T15:19:37","guid":{"rendered":"https:\/\/nbg.eu\/product\/nocpix-quest-h50r-lrf-640x512-netd-15mk\/"},"modified":"2026-04-14T16:10:14","modified_gmt":"2026-04-14T13:10:14","slug":"nocpix-quest-h50r-lrf-640x512-netd-15mk","status":"publish","type":"product","link":"https:\/\/nbg.eu\/no\/produkt\/nocpix-quest-h50r-lrf-640x512-netd-15mk\/","title":{"rendered":"Nocpix Termisk Kikkert Quest H50R LRF"},"content":{"rendered":"<h2>Nocpix Quest H50R LRF 640&#215;512 NETD \u226415mK<\/h2>\n<p>QUEST er lett og b\u00e6rbar, og tilbyr en deteksjonsrekkevidde p\u00e5 opptil 2600 m og et innebygd skjult LRF med en rekkevidde p\u00e5 1000 m for bedre n\u00f8yaktighet og synlighet. Den tradisjonelle kikkertkonstruksjonen har et heldekkende gummilag og IP67-klassifisering for holdbarhet og komfort under krevende forhold. Utstyrt med en h\u00f8yytelses 640&#215;512-sensor (NETD \u226415mK, 60 Hz), gir QUEST utmerket bildekvalitet, overlegen termisk f\u00f8lsomhet og problemfri drift i utfordrende milj\u00f8er.<\/p>\n<h2>Varmesensor<\/h2>\n<p>Nocpix QUEST har R+ bildeforsterkning for bedre klarhet og presisjon, kombinert med et 1920&#215;1200 AMOLED-display for en imponerende og \u00f8yenvennlig visningsopplevelse.<\/p>\n<h2>Overlegen sensor sikrer fremragende ytelse<\/h2>\n<p>Nocpix QUEST er utstyrt med en h\u00f8yytelses sensor (640&#215;512@12\u00b5m) som gir fremragende bildekvalitet. Med NETD \u226415mK og 60 Hz bildefrekvens, gir den overlegen termisk f\u00f8lsomhet og leverer klare og visuelle bilder selv under de mest krevende forhold.<\/p>\n<h2>Kraftige deteksjonsevner<\/h2>\n<p>Nocpix QUEST har en deteksjonsrekkevidde p\u00e5 opptil 2600 m og et innebygd skjult LRF med en rekkevidde p\u00e5 opptil 1000 m, noe som lar deg se lengre og mer n\u00f8yaktig enn noensinne. Den st\u00f8tter ogs\u00e5 ballistiske beregninger, og gir dataunderst\u00f8ttelse for samarbeidsjakt.<\/p>\n<h2>Eneh\u00e5ndsbetjening<\/h2>\n<p>Nocpix QUEST tilbyr ergonomisk, glippsikker h\u00e5ndtering med et forenklet 4-knappesoppsett og sentralt plasserte rullehjul for enkel eneh\u00e5ndsbetjening og et trygt grep under alle forhold.<\/p>\n<h2>Lett og b\u00e6rbar<\/h2>\n<p>QUEST veier kun 700 g og inkluderer en tilpasset b\u00e6reveske, noe som gir lett b\u00e6rbarhet og komfort for utend\u00f8rsaktiviteter som jakt og utforskning.<\/p>\n<h2>Eliminer bekymring for str\u00f8m<\/h2>\n<p>QUEST-serien har et todelt batterisystem med et innebygd og utskiftbart 18650-batteri, som sikrer enkel utskifting og kontinuerlig bruk under eventyrene dine.<\/p>\n<h2>Den tradisjonelle kikkertopplevelsen<\/h2>\n<p>QUEST har en tradisjonell kikkertkonstruksjon med et sofistikert heldekkende gummilag og IP67-klassifisering for vann- og st\u00f8vbestandighet, noe som sikrer b\u00e5de holdbarhet og generell komfort.<\/p>\n","protected":false},"excerpt":{"rendered":"<p>Nocpix Quest H50R LRF 640&#215;512 NETD &lt;15mK: Lett og b\u00e6rbar termisk kamera med 2600m deteksjonsrekkevidde, 1000m laseravstandsm\u00e5ler og overlegen 640&#215;512 sensor.<br \/>\nHvis varen ikke er tilgjengelig, vennligst kontakt oss: shop@nbg.eu eller +359896147790<\/p>\n","protected":false},"featured_media":679465,"template":"","meta":{"_acf_changed":false},"product_brand":[14450],"product_cat":[14690,13282,16090],"product_tag":[],"class_list":{"0":"post-679447","1":"product","2":"type-product","3":"status-publish","4":"has-post-thumbnail","6":"product_brand-nocpix","7":"product_cat-kikkert","8":"product_cat-termisk","9":"product_cat-thermal-cameras-no","11":"first","12":"instock","13":"taxable","14":"shipping-taxable","15":"purchasable","16":"product-type-simple"},"acf":[],"_links":{"self":[{"href":"https:\/\/nbg.eu\/no\/wp-json\/wp\/v2\/product\/679447","targetHints":{"allow":["GET"]}}],"collection":[{"href":"https:\/\/nbg.eu\/no\/wp-json\/wp\/v2\/product"}],"about":[{"href":"https:\/\/nbg.eu\/no\/wp-json\/wp\/v2\/types\/product"}],"wp:featuredmedia":[{"embeddable":true,"href":"https:\/\/nbg.eu\/no\/wp-json\/wp\/v2\/media\/679465"}],"wp:attachment":[{"href":"https:\/\/nbg.eu\/no\/wp-json\/wp\/v2\/media?parent=679447"}],"wp:term":[{"taxonomy":"product_brand","embeddable":true,"href":"https:\/\/nbg.eu\/no\/wp-json\/wp\/v2\/product_brand?post=679447"},{"taxonomy":"product_cat","embeddable":true,"href":"https:\/\/nbg.eu\/no\/wp-json\/wp\/v2\/product_cat?post=679447"},{"taxonomy":"product_tag","embeddable":true,"href":"https:\/\/nbg.eu\/no\/wp-json\/wp\/v2\/product_tag?post=679447"}],"curies":[{"name":"wp","href":"https:\/\/api.w.org\/{rel}","templated":true}]}}