{"id":681054,"date":"2025-12-17T14:06:52","date_gmt":"2025-12-17T11:06:52","guid":{"rendered":"https:\/\/nbg.eu\/product\/manly-peak-g10-svart-cpm-s90v\/"},"modified":"2026-01-21T11:41:29","modified_gmt":"2026-01-21T08:41:29","slug":"manly-peak-g10-svart-cpm-s90v","status":"publish","type":"product","link":"https:\/\/nbg.eu\/no\/produkt\/manly-peak-g10-svart-cpm-s90v\/","title":{"rendered":"Manly PEAK G10 SVART CPM S90V"},"content":{"rendered":"<h2>Manly PEAK G10 SVART CPM S90V &#8211; Enest\u00e5ende foldekniv for bruk med \u00e9n h\u00e5nd<\/h2>\n<p>Opplev den enest\u00e5ende Manly PEAK G10 SVART CPM S90V foldekniv, et unikt og allsidig verkt\u00f8y designet for et utvalg aktiviteter. I motsetning til Comrade-modellen, har denne kniven en praktfull design som gj\u00f8r den til en perfekt f\u00f8lgesvenn for enhver oppgave.<\/p>\n<p>Tilgjengelig i to forskjellige versjoner, tilbyr PEAK bekvemmeligheten av \u00e5pning med \u00e9n eller to hender, slik at du kan velge etter personlig preferanse. Produsert med presisjon, er bladet laget av h\u00f8yytelses CPM S90V-st\u00e5l, noe som sikrer enest\u00e5ende eggholdbarhet og korrosjonsbestandighet.<\/p>\n<p>Det holdbare G10-h\u00e5ndtaket gir et trygt og behagelig grep, og gj\u00f8r PEAK til et p\u00e5litelig valg for daglig bruk eller utend\u00f8rsaktiviteter. Med sin tommel\u00e5pningsmekanisme og manuelt Backlock-system, tilbyr denne kniven s\u00f8ml\u00f8s bruk med \u00e9n h\u00e5nd, slik at du kan h\u00e5ndtere dine oppgaver med letthet.<\/p>\n<p>Veier bare 115 gram, er PEAK et lett, men robust verkt\u00f8y som ikke tynger deg ned. Enten du er en friluftsinteressert, en taktisk operat\u00f8r eller bare noen som s\u00f8ker en allsidig og veldesignet foldekniv, er Manly PEAK G10 SVART CPM S90V svaret.<\/p>\n","protected":false},"excerpt":{"rendered":"<p>PEAK CPM S90V svart eneh\u00e5ndskutler, fantastisk design for alle aktiviteter.<\/p>\n","protected":false},"featured_media":681131,"template":"","meta":{"_acf_changed":false},"product_brand":[15088],"product_cat":[13296,15369,15346],"product_tag":[],"class_list":{"0":"post-681054","1":"product","2":"type-product","3":"status-publish","4":"has-post-thumbnail","6":"product_brand-manly-knives","7":"product_cat-edc","8":"product_cat-folding-knives-no","9":"product_cat-knives-no","11":"first","12":"outofstock","13":"taxable","14":"shipping-taxable","15":"purchasable","16":"product-type-simple"},"acf":[],"_links":{"self":[{"href":"https:\/\/nbg.eu\/no\/wp-json\/wp\/v2\/product\/681054","targetHints":{"allow":["GET"]}}],"collection":[{"href":"https:\/\/nbg.eu\/no\/wp-json\/wp\/v2\/product"}],"about":[{"href":"https:\/\/nbg.eu\/no\/wp-json\/wp\/v2\/types\/product"}],"wp:featuredmedia":[{"embeddable":true,"href":"https:\/\/nbg.eu\/no\/wp-json\/wp\/v2\/media\/681131"}],"wp:attachment":[{"href":"https:\/\/nbg.eu\/no\/wp-json\/wp\/v2\/media?parent=681054"}],"wp:term":[{"taxonomy":"product_brand","embeddable":true,"href":"https:\/\/nbg.eu\/no\/wp-json\/wp\/v2\/product_brand?post=681054"},{"taxonomy":"product_cat","embeddable":true,"href":"https:\/\/nbg.eu\/no\/wp-json\/wp\/v2\/product_cat?post=681054"},{"taxonomy":"product_tag","embeddable":true,"href":"https:\/\/nbg.eu\/no\/wp-json\/wp\/v2\/product_tag?post=681054"}],"curies":[{"name":"wp","href":"https:\/\/api.w.org\/{rel}","templated":true}]}}