{"id":681154,"date":"2026-01-08T18:14:00","date_gmt":"2026-01-08T15:14:00","guid":{"rendered":"https:\/\/nbg.eu\/product\/manly-peak-black-14c28n\/"},"modified":"2026-01-21T11:41:26","modified_gmt":"2026-01-21T08:41:26","slug":"manly-peak-black-14c28n","status":"publish","type":"product","link":"https:\/\/nbg.eu\/no\/produkt\/manly-peak-black-14c28n\/","title":{"rendered":"Manly PEAK BLACK 14C28N"},"content":{"rendered":"<h2>Manly PEAK BLACK 14C28N \u2013 Den kvintessensielle hverdagslige lommekniv<\/h2>\n<p>I fortsettelsen av Manly-tradisjonen med \u00e5 tilby rimelige, h\u00f8ykvalitets lommekniver er PEAK \u2013 14C28N Black (One Hand) kjernen av allsidighet og praktisk anvendelighet. Laget med presisjon, har denne brukbare kniven et 14C28N svensk st\u00e5lblad og et G10-h\u00e5ndtak, noe som sikrer et holdbart og p\u00e5litelig skj\u00e6reverkt\u00f8y for hverdagslige oppgaver.<\/p>\n<p>Utformet for bruk med begge hender, har den reversible klipsen lett tilgang b\u00e5de for venstre- og h\u00f8yrehendte, noe som gj\u00f8r den til den perfekte f\u00f8lgesvennen uavhengig av h\u00e5ndstatus. Bakl\u00e5smekanismen gir en sikker og p\u00e5litelig l\u00e5sing, og s\u00f8rger for at bladet forblir p\u00e5 plass under bruk.<\/p>\n<p>Med en total lengde p\u00e5 22 cm og et blad p\u00e5 9,4 cm gir PEAK \u2013 14C28N Black (One Hand) en komfortabel og h\u00e5ndterbar st\u00f8rrelse som passer for et vidt spekter av bruksomr\u00e5der, fra friluftsliv til hverdagslige nytteoppdrag. Med sine 115 g oppn\u00e5r den en perfekt balanse mellom tyngde og b\u00e6rbarhet, noe som gj\u00f8r den til et p\u00e5litelig og allsidig valg for din hverdagslige bruk.<\/p>\n<p>Med et satinert 14C28N-blad og et stilig sort G10-h\u00e5ndtak leverer PEAK \u2013 14C28N Black (One Hand) ikke bare eksepsjonell ytelse, men ogs\u00e5 et elegant og moderne utseende som vil komplettere enhver personlig stil. Enten du er friluftsentusiast, h\u00e5ndverker eller bare noen som setter pris p\u00e5 et vellagd verkt\u00f8y, er Manly PEAK \u2013 14C28N Black (One Hand) et perfekt tilskudd til din hverdagslige samling.<\/p>\n","protected":false},"excerpt":{"rendered":"<p>Manly PEAK BLACK 14C28N &#8211; Rimelig prisverdig lommekniv med 14C28N svensk st\u00e5l, vendbar klype og backlock.<\/p>\n","protected":false},"featured_media":685058,"template":"","meta":{"_acf_changed":false},"product_brand":[15088],"product_cat":[13296],"product_tag":[],"class_list":{"0":"post-681154","1":"product","2":"type-product","3":"status-publish","4":"has-post-thumbnail","6":"product_brand-manly-knives","7":"product_cat-edc","9":"first","10":"instock","11":"taxable","12":"shipping-taxable","13":"purchasable","14":"product-type-simple"},"acf":[],"_links":{"self":[{"href":"https:\/\/nbg.eu\/no\/wp-json\/wp\/v2\/product\/681154","targetHints":{"allow":["GET"]}}],"collection":[{"href":"https:\/\/nbg.eu\/no\/wp-json\/wp\/v2\/product"}],"about":[{"href":"https:\/\/nbg.eu\/no\/wp-json\/wp\/v2\/types\/product"}],"wp:featuredmedia":[{"embeddable":true,"href":"https:\/\/nbg.eu\/no\/wp-json\/wp\/v2\/media\/685058"}],"wp:attachment":[{"href":"https:\/\/nbg.eu\/no\/wp-json\/wp\/v2\/media?parent=681154"}],"wp:term":[{"taxonomy":"product_brand","embeddable":true,"href":"https:\/\/nbg.eu\/no\/wp-json\/wp\/v2\/product_brand?post=681154"},{"taxonomy":"product_cat","embeddable":true,"href":"https:\/\/nbg.eu\/no\/wp-json\/wp\/v2\/product_cat?post=681154"},{"taxonomy":"product_tag","embeddable":true,"href":"https:\/\/nbg.eu\/no\/wp-json\/wp\/v2\/product_tag?post=681154"}],"curies":[{"name":"wp","href":"https:\/\/api.w.org\/{rel}","templated":true}]}}