{"id":681285,"date":"2025-12-17T14:50:21","date_gmt":"2025-12-17T11:50:21","guid":{"rendered":"https:\/\/nbg.eu\/product\/manly-patriot-m-green-rwl-34\/"},"modified":"2026-01-21T11:39:47","modified_gmt":"2026-01-21T08:39:47","slug":"manly-patriot-m-green-rwl-34","status":"publish","type":"product","link":"https:\/\/nbg.eu\/no\/produkt\/manly-patriot-m-green-rwl-34\/","title":{"rendered":"Manly PATRIOT M.GREEN RWL-34"},"content":{"rendered":"<h2>Manly PATRIOT M.GREEN RWL-34 \u2013 Det allsidige fastbladkniven for daglig bruk<\/h2>\n<p>Med PATRIOT \u2013 RWL-34 Military Green presenterer Manly en fastversjon av deres vellykket Comrade foldekniv. Med nesten de samme dimensjonene er PATRIOT det perfekte valget for daglig bruk, jakt og camping. Med et blankt blad laget av h\u00f8ykvalitets RWL-34-st\u00e5l kombinerer denne kniven holdbarhet og skj\u00e6reytelse. Laget med enten G10- eller valn\u00f8tth\u00e5ndtak gir PATRIOT et komfortabelt og sikkert grep, noe som sikrer trygg h\u00e5ndtering i ulike situasjoner.<\/p>\n<p>Med en total lengde p\u00e5 21 cm og et 9,1 cm langt blad er PATRIOT et kompakt og allsidig verkt\u00f8y. Det 4 mm tykke bladet gir god styrke og stivhet, mens den totale vekten p\u00e5 126 g sikrer en godt balansert f\u00f8lelse. Beskyttet av et holdbart Kydex-hylster er PATRIOT en p\u00e5litelig f\u00f8lgesvenn for friluftsentusiaster og hverdagslige brukere.<\/p>\n","protected":false},"excerpt":{"rendered":"<p>Manly PATRIOT M.GR\u00d8NN RWL-34 &#8211; Fast blad milit\u00e6rgr\u00f8nn kniv med satin RWL-34 st\u00e5lblad og G10-h\u00e5ndtak.<\/p>\n","protected":false},"featured_media":681394,"template":"","meta":{"_acf_changed":false},"product_brand":[15088],"product_cat":[2876],"product_tag":[],"class_list":{"0":"post-681285","1":"product","2":"type-product","3":"status-publish","4":"has-post-thumbnail","6":"product_brand-manly-knives","7":"product_cat-rahohvatki","9":"first","10":"instock","11":"taxable","12":"shipping-taxable","13":"purchasable","14":"product-type-simple"},"acf":[],"_links":{"self":[{"href":"https:\/\/nbg.eu\/no\/wp-json\/wp\/v2\/product\/681285","targetHints":{"allow":["GET"]}}],"collection":[{"href":"https:\/\/nbg.eu\/no\/wp-json\/wp\/v2\/product"}],"about":[{"href":"https:\/\/nbg.eu\/no\/wp-json\/wp\/v2\/types\/product"}],"wp:featuredmedia":[{"embeddable":true,"href":"https:\/\/nbg.eu\/no\/wp-json\/wp\/v2\/media\/681394"}],"wp:attachment":[{"href":"https:\/\/nbg.eu\/no\/wp-json\/wp\/v2\/media?parent=681285"}],"wp:term":[{"taxonomy":"product_brand","embeddable":true,"href":"https:\/\/nbg.eu\/no\/wp-json\/wp\/v2\/product_brand?post=681285"},{"taxonomy":"product_cat","embeddable":true,"href":"https:\/\/nbg.eu\/no\/wp-json\/wp\/v2\/product_cat?post=681285"},{"taxonomy":"product_tag","embeddable":true,"href":"https:\/\/nbg.eu\/no\/wp-json\/wp\/v2\/product_tag?post=681285"}],"curies":[{"name":"wp","href":"https:\/\/api.w.org\/{rel}","templated":true}]}}