{"id":681787,"date":"2025-12-17T15:55:16","date_gmt":"2025-12-17T12:55:16","guid":{"rendered":"https:\/\/nbg.eu\/product\/manlig-by-oransje-cpm-s90v\/"},"modified":"2026-01-21T12:29:09","modified_gmt":"2026-01-21T09:29:09","slug":"manlig-by-oransje-cpm-s90v","status":"publish","type":"product","link":"https:\/\/nbg.eu\/no\/produkt\/manlig-by-oransje-cpm-s90v\/","title":{"rendered":"Manlig by oransje CPM S90V"},"content":{"rendered":"<h2>Manly City CPM S90V &#8211; Everyday Carry Folding Knife<\/h2>\n<p>Som navnet tilsier, er Manly City CPM S90V en eksepsjonell hverdagskniv for byen. Den kommer med Manlys filosofi om \u00e5 tilby brukerne n\u00f8ye utvalgte premium-materialer til en rimelig pris. Det helflate bladet er laget av h\u00f8yytelses CPM S90V-st\u00e5l, med en Rockwell-hardhet p\u00e5 60-62 HRC, noe som sikrer utmerket eggholdbarhet og korrosjonsmotstand.<\/p>\n<p>Designet for toveisbruk har denne modellen en reversibel lommeknapp og en dobbel pinnposisjon, noe som gj\u00f8r den egnet for b\u00e5de venstre- og h\u00f8yrehendte brukere. G10-h\u00e5ndtaket gir et sikkert og behagelig grep, mens \u00e9n-h\u00e5ndsfunksjonen og l\u00e5semekanismen sikrer p\u00e5litelig drift.<\/p>\n<p>Med en total lengde p\u00e5 17,7 cm og et blad p\u00e5 7,0 cm, er Manly City CPM S90V en allsidig hverdagskniv som kombinerer premium-materialer, eksepsjonelle ytelser og brukervennlige funksjoner. Den veier bare 95 g og er en lett og b\u00e6rbar ledsager til en rekke hverdagslige oppgaver.<\/p>\n","protected":false},"excerpt":{"rendered":"<p>Daglig b\u00e6rbar EDC-kniv. CPM S90V-st\u00e5blad, G10-h\u00e5ndtak, vendbar klips, egnet for venstre-\/h\u00f8yreh\u00e5ndede.<\/p>\n","protected":false},"featured_media":682059,"template":"","meta":{"_acf_changed":false},"product_brand":[15088],"product_cat":[13296],"product_tag":[],"class_list":{"0":"post-681787","1":"product","2":"type-product","3":"status-publish","4":"has-post-thumbnail","6":"product_brand-manly-knives","7":"product_cat-edc","9":"first","10":"instock","11":"taxable","12":"shipping-taxable","13":"purchasable","14":"product-type-simple"},"acf":[],"_links":{"self":[{"href":"https:\/\/nbg.eu\/no\/wp-json\/wp\/v2\/product\/681787","targetHints":{"allow":["GET"]}}],"collection":[{"href":"https:\/\/nbg.eu\/no\/wp-json\/wp\/v2\/product"}],"about":[{"href":"https:\/\/nbg.eu\/no\/wp-json\/wp\/v2\/types\/product"}],"wp:featuredmedia":[{"embeddable":true,"href":"https:\/\/nbg.eu\/no\/wp-json\/wp\/v2\/media\/682059"}],"wp:attachment":[{"href":"https:\/\/nbg.eu\/no\/wp-json\/wp\/v2\/media?parent=681787"}],"wp:term":[{"taxonomy":"product_brand","embeddable":true,"href":"https:\/\/nbg.eu\/no\/wp-json\/wp\/v2\/product_brand?post=681787"},{"taxonomy":"product_cat","embeddable":true,"href":"https:\/\/nbg.eu\/no\/wp-json\/wp\/v2\/product_cat?post=681787"},{"taxonomy":"product_tag","embeddable":true,"href":"https:\/\/nbg.eu\/no\/wp-json\/wp\/v2\/product_tag?post=681787"}],"curies":[{"name":"wp","href":"https:\/\/api.w.org\/{rel}","templated":true}]}}