{"id":682137,"date":"2026-01-08T18:13:52","date_gmt":"2026-01-08T15:13:52","guid":{"rendered":"https:\/\/nbg.eu\/product\/manly-city-militaer-14c28n\/"},"modified":"2026-01-21T11:41:31","modified_gmt":"2026-01-21T08:41:31","slug":"manly-city-militaer-14c28n","status":"publish","type":"product","link":"https:\/\/nbg.eu\/no\/produkt\/manly-city-militaer-14c28n\/","title":{"rendered":"Manly City Milit\u00e6r 14C28N"},"content":{"rendered":"<h2>Manly City Military 14C28N: Den utmerkede hverdagskniven<\/h2>\n<p>Manly City Military 14C28N er en utmerket hverdagsbykniv som gjenspeiler v\u00e5r filosofi om \u00e5 tilby n\u00f8ye utvalgte prim\u00e6rmaterialer til en rimelig pris. Med et helflatt blad laget av Sandvik 14C28N-st\u00e5l, er denne modellen designet for allsidighet og bekvemmelighet.<\/p>\n<p>Med en reverserbar klips og dobbel pinneposisjon er Manly City Military 14C28N egnet for b\u00e5de venstre- og h\u00f8yreh\u00e5ndede brukere, noe som sikrer et komfortabelt og tilpasbart grep. G10-h\u00e5ndtaket gir et sikkert og solid tak, mens mekanismen for en\u00e5nds\u00e5pning og l\u00e5smekanisme tilbyr en smidig og p\u00e5litelig betjening.<\/p>\n<p>Tekniske spesifikasjoner:<\/p>\n<ul>\n<li>Modell: CITY 14C28N Military Green Flat Handle<\/li>\n<li>Type: Foldekniv<\/li>\n<li>Total lengde: 17,7 cm<\/li>\n<li>Bladlengde: 7,0 cm<\/li>\n<li>Lengde n\u00e5r foldet: 10,5 cm<\/li>\n<li>Bladtykkelse: 2,7 mm<\/li>\n<li>Vekt: 95 g<\/li>\n<li>Bladmateriale: 14C28N<\/li>\n<li>H\u00e5ndtaksmateriale: G10<\/li>\n<li>\u00c5pning: Tommeltapp<\/li>\n<li>\u00c5pning: eneh\u00e5nds<\/li>\n<li>L\u00e5setype: L\u00e5sebakknapp<\/li>\n<\/ul>\n","protected":false},"excerpt":{"rendered":"<p>Den manljige milit\u00e6r-14C28N-kniven er et utmerket hverdagslig bykniv laget med Sandvik 14C28N-st\u00e5l og G10-h\u00e5ndtak, egnet for venstre- og h\u00f8yrehendte.<\/p>\n","protected":false},"featured_media":682331,"template":"","meta":{"_acf_changed":false},"product_brand":[15088],"product_cat":[13296],"product_tag":[],"class_list":{"0":"post-682137","1":"product","2":"type-product","3":"status-publish","4":"has-post-thumbnail","6":"product_brand-manly-knives","7":"product_cat-edc","9":"first","10":"instock","11":"taxable","12":"shipping-taxable","13":"purchasable","14":"product-type-simple"},"acf":[],"_links":{"self":[{"href":"https:\/\/nbg.eu\/no\/wp-json\/wp\/v2\/product\/682137","targetHints":{"allow":["GET"]}}],"collection":[{"href":"https:\/\/nbg.eu\/no\/wp-json\/wp\/v2\/product"}],"about":[{"href":"https:\/\/nbg.eu\/no\/wp-json\/wp\/v2\/types\/product"}],"wp:featuredmedia":[{"embeddable":true,"href":"https:\/\/nbg.eu\/no\/wp-json\/wp\/v2\/media\/682331"}],"wp:attachment":[{"href":"https:\/\/nbg.eu\/no\/wp-json\/wp\/v2\/media?parent=682137"}],"wp:term":[{"taxonomy":"product_brand","embeddable":true,"href":"https:\/\/nbg.eu\/no\/wp-json\/wp\/v2\/product_brand?post=682137"},{"taxonomy":"product_cat","embeddable":true,"href":"https:\/\/nbg.eu\/no\/wp-json\/wp\/v2\/product_cat?post=682137"},{"taxonomy":"product_tag","embeddable":true,"href":"https:\/\/nbg.eu\/no\/wp-json\/wp\/v2\/product_tag?post=682137"}],"curies":[{"name":"wp","href":"https:\/\/api.w.org\/{rel}","templated":true}]}}