{"id":682355,"date":"2026-01-09T22:09:00","date_gmt":"2026-01-09T19:09:00","guid":{"rendered":"https:\/\/nbg.eu\/product\/manlig-by-g10-svart-s90v\/"},"modified":"2026-01-21T12:28:45","modified_gmt":"2026-01-21T09:28:45","slug":"manlig-by-g10-svart-s90v","status":"publish","type":"product","link":"https:\/\/nbg.eu\/no\/produkt\/manlig-by-g10-svart-s90v\/","title":{"rendered":"Manlig by G10 svart S90V"},"content":{"rendered":"<h2>Manly City G10 Svart S90V: Eksepsjonell hverdagskutting kniv<\/h2>\n<p>Som navnet tilsier, er Manly City G10 Svart S90V en eksepsjonell hverdags bykniv. Laget med v\u00e5r filosofi om \u00e5 tilby brukere n\u00f8ye utvalgte premium-materialer til en rimelig pris, har denne brukbare kniven et fullflatt blad laget av CPM S90V-st\u00e5l med en Rockwell-hardhet p\u00e5 60-62 HRC. Den reversible lommeklemmen og dobbelt pinposisjon gj\u00f8r den perfekt egnet for b\u00e5de venstre- og h\u00f8yreh\u00e5ndede brukere.<\/p>\n<p>Med en total lengde p\u00e5 17,7 cm, et 7,0 cm blad og en sammenfoldet lengde p\u00e5 10,5 cm, har denne kniven et 2,7 mm tykt blad og veier kun 95 g. H\u00e5ndtaket er laget av slitesterkt 3D G10-materiale, og kniven kan \u00e5pnes med en tommeltappknapp ved hjelp av eneh\u00e5ndsoperasjon. En robust l\u00e5semekanisme s\u00f8rger for sikker og p\u00e5litelig bladutl\u00f8sning.<\/p>\n<p>Tilgjengelig i en elegant svart farge, er Manly City G10 Svart S90V den perfekte hverdagsledsager, som kombinerer premium ytelse og kvalitetskonstruksjon til en tilgjengelig priskategori.<\/p>\n","protected":false},"excerpt":{"rendered":"<p>Eksepsjonell hverdagsskniv med CPM S90V-blad, 3D G10-h\u00e5ndtak og omvendt klips.<\/p>\n","protected":false},"featured_media":682563,"template":"","meta":{"_acf_changed":false},"product_brand":[15088],"product_cat":[13296,15369,15346],"product_tag":[],"class_list":{"0":"post-682355","1":"product","2":"type-product","3":"status-publish","4":"has-post-thumbnail","6":"product_brand-manly-knives","7":"product_cat-edc","8":"product_cat-folding-knives-no","9":"product_cat-knives-no","11":"first","12":"outofstock","13":"taxable","14":"shipping-taxable","15":"purchasable","16":"product-type-simple"},"acf":[],"_links":{"self":[{"href":"https:\/\/nbg.eu\/no\/wp-json\/wp\/v2\/product\/682355","targetHints":{"allow":["GET"]}}],"collection":[{"href":"https:\/\/nbg.eu\/no\/wp-json\/wp\/v2\/product"}],"about":[{"href":"https:\/\/nbg.eu\/no\/wp-json\/wp\/v2\/types\/product"}],"wp:featuredmedia":[{"embeddable":true,"href":"https:\/\/nbg.eu\/no\/wp-json\/wp\/v2\/media\/682563"}],"wp:attachment":[{"href":"https:\/\/nbg.eu\/no\/wp-json\/wp\/v2\/media?parent=682355"}],"wp:term":[{"taxonomy":"product_brand","embeddable":true,"href":"https:\/\/nbg.eu\/no\/wp-json\/wp\/v2\/product_brand?post=682355"},{"taxonomy":"product_cat","embeddable":true,"href":"https:\/\/nbg.eu\/no\/wp-json\/wp\/v2\/product_cat?post=682355"},{"taxonomy":"product_tag","embeddable":true,"href":"https:\/\/nbg.eu\/no\/wp-json\/wp\/v2\/product_tag?post=682355"}],"curies":[{"name":"wp","href":"https:\/\/api.w.org\/{rel}","templated":true}]}}