{"id":682589,"date":"2026-01-09T22:08:59","date_gmt":"2026-01-09T19:08:59","guid":{"rendered":"https:\/\/nbg.eu\/product\/manlig-by-svart-14c28n\/"},"modified":"2026-01-21T12:29:38","modified_gmt":"2026-01-21T09:29:38","slug":"manlig-by-svart-14c28n","status":"publish","type":"product","link":"https:\/\/nbg.eu\/no\/produkt\/manlig-by-svart-14c28n\/","title":{"rendered":"Manlig by svart 14C28N"},"content":{"rendered":"<h2>Manly City Black 14C28N: Et utmerket hverdags-bybrynekniv<\/h2>\n<p>Manly City Black 14C28N er et utmerket hverdags-bybrynekniv som gjenspeiler v\u00e5r filosofi om \u00e5 tilby brukere n\u00f8ye utvalgte prim\u00e6rmaterialer til en rimelig pris. Med et fullflatt blad laget av holdbar Sandvik 14C28N-st\u00e5l er denne foldekniven utformet for \u00e5 v\u00e6re en p\u00e5litelig ledsager til hverdagslige oppgaver.<\/p>\n<p>Med en total lengde p\u00e5 17,7 cm og et blad p\u00e5 7,0 cm er Manly City Black 14C28N et kompakt og allsidig verkt\u00f8y. N\u00e5r den er foldet, m\u00e5ler den 10,5 cm, noe som gj\u00f8r den enkel \u00e5 b\u00e6re og oppbevare. Bladtykkelsen p\u00e5 2,7 mm og den samlede vekten p\u00e5 95 g gir en balansert og behagelig h\u00e5ndteringsopplevelse.<\/p>\n<p>En av de fremtredende egenskapene til denne kniven er den reversible clipsen, som gj\u00f8r den egnet for b\u00e5de venstrehendte og h\u00f8yrehendte brukere. H\u00e5ndtaksmaterialet er laget av slitesterkt G10, noe som gir et sikkert og sklisikkert grep, selv i v\u00e5te eller krevende forhold.<\/p>\n<p>Utstyrt med et tohendig \u00e5pningsmekanism og et p\u00e5litelig l\u00e5sryggrekkemekanikk, tilbyr Manly City Black 14C28N sikker og trygg betjening, slik at skj\u00e6reoppgavene utf\u00f8res med tillit og presisjon. Det slanke, svarte fargedesignet bidrar til knivens moderne og sofistikerte utseende, og gj\u00f8r den til et stilfullt valg for daglig b\u00e6ring.<\/p>\n","protected":false},"excerpt":{"rendered":"<p>Den praktiske Manly City Black 14C28N-kniven har et blad i Sandvik 14C28N-st\u00e5l med helflat slipevinkel og et b\u00f8yleklips som kan festes p\u00e5 venstre eller h\u00f8yre side.<\/p>\n","protected":false},"featured_media":682834,"template":"","meta":{"_acf_changed":false},"product_brand":[15088],"product_cat":[13296,15369,15346],"product_tag":[],"class_list":{"0":"post-682589","1":"product","2":"type-product","3":"status-publish","4":"has-post-thumbnail","6":"product_brand-manly-knives","7":"product_cat-edc","8":"product_cat-folding-knives-no","9":"product_cat-knives-no","11":"first","12":"instock","13":"taxable","14":"shipping-taxable","15":"purchasable","16":"product-type-simple"},"acf":[],"_links":{"self":[{"href":"https:\/\/nbg.eu\/no\/wp-json\/wp\/v2\/product\/682589","targetHints":{"allow":["GET"]}}],"collection":[{"href":"https:\/\/nbg.eu\/no\/wp-json\/wp\/v2\/product"}],"about":[{"href":"https:\/\/nbg.eu\/no\/wp-json\/wp\/v2\/types\/product"}],"wp:featuredmedia":[{"embeddable":true,"href":"https:\/\/nbg.eu\/no\/wp-json\/wp\/v2\/media\/682834"}],"wp:attachment":[{"href":"https:\/\/nbg.eu\/no\/wp-json\/wp\/v2\/media?parent=682589"}],"wp:term":[{"taxonomy":"product_brand","embeddable":true,"href":"https:\/\/nbg.eu\/no\/wp-json\/wp\/v2\/product_brand?post=682589"},{"taxonomy":"product_cat","embeddable":true,"href":"https:\/\/nbg.eu\/no\/wp-json\/wp\/v2\/product_cat?post=682589"},{"taxonomy":"product_tag","embeddable":true,"href":"https:\/\/nbg.eu\/no\/wp-json\/wp\/v2\/product_tag?post=682589"}],"curies":[{"name":"wp","href":"https:\/\/api.w.org\/{rel}","templated":true}]}}