{"id":682895,"date":"2026-01-08T18:15:12","date_gmt":"2026-01-08T15:15:12","guid":{"rendered":"https:\/\/nbg.eu\/product\/manly-blaze-walnut-wood-rwl-34\/"},"modified":"2026-01-21T12:28:45","modified_gmt":"2026-01-21T09:28:45","slug":"manly-blaze-walnut-wood-rwl-34","status":"publish","type":"product","link":"https:\/\/nbg.eu\/no\/produkt\/manly-blaze-walnut-wood-rwl-34\/","title":{"rendered":"Manly Blaze Walnut Wood RWL-34"},"content":{"rendered":"<h2>Blaze RWL-34 Walnut: Den ideelle bushcraft-kniven<\/h2>\n<p>Med sitt fastsveisde blad og full tanglengde er Blaze RWL-34 Walnut det ultimate valget for p\u00e5litelig ytelse i det store utend\u00f8rs. Fremstilt med presisjon og oppmerksomhet p\u00e5 detaljer, er denne kniven den perfekte f\u00f8lgesvennen for dine camping-, fiske- eller fjellstigningseventyr.<\/p>\n<p>H\u00e5ndtaket er laget av bulgarske valn\u00f8tter, noe som gir et komfortabelt og sikkert grep, selv i de t\u00f8ffeste forholdene. Enten du trenger \u00e5 kutte gjennom tett vegetasjon, forberede fangsten din eller utf\u00f8re grunnleggende overlevelsesoppgaver, er Blaze RWL-34 Walnut klar til utfordringen.<\/p>\n<p>Med et 4 mm tykt blad laget av premium RWL-34-st\u00e5l, har denne kniven en kuttekant hardhet p\u00e5 62 HRC, noe som sikrer bemerkelsesverdig holdbarhet og kantbevaring. Med en total lengde p\u00e5 24,5 cm og en bladlengde p\u00e5 11,9 cm gir Blaze RWL-34 Walnut den perfekte balansen av st\u00f8rrelse og man\u00f8vrerbarhet.<\/p>\n<p>Med en vekt p\u00e5 bare 210 gram er denne kniven lett \u00e5 b\u00e6re og vil ikke tynge deg ned, noe som gj\u00f8r den til den perfekte f\u00f8lgesvennen for dine utend\u00f8rsekskursjoner. Det inkluderte l\u00e6rfutteralet gir et ekstra lag av beskyttelse og bekvemmelighet, slik at du kan holde Blaze RWL-34 Walnut tett ved h\u00e5nden.<\/p>\n","protected":false},"excerpt":{"rendered":"<p>Blaze RWL-34 Valn\u00f8tt &#8211; det ideelle Bushcraft-kniven med valn\u00f8ttskaft og 62 HRC-blad.<\/p>\n","protected":false},"featured_media":682990,"template":"","meta":{"_acf_changed":false},"product_brand":[15088],"product_cat":[15346],"product_tag":[],"class_list":{"0":"post-682895","1":"product","2":"type-product","3":"status-publish","4":"has-post-thumbnail","6":"product_brand-manly-knives","7":"product_cat-knives-no","9":"first","10":"instock","11":"taxable","12":"shipping-taxable","13":"purchasable","14":"product-type-simple"},"acf":[],"_links":{"self":[{"href":"https:\/\/nbg.eu\/no\/wp-json\/wp\/v2\/product\/682895","targetHints":{"allow":["GET"]}}],"collection":[{"href":"https:\/\/nbg.eu\/no\/wp-json\/wp\/v2\/product"}],"about":[{"href":"https:\/\/nbg.eu\/no\/wp-json\/wp\/v2\/types\/product"}],"wp:featuredmedia":[{"embeddable":true,"href":"https:\/\/nbg.eu\/no\/wp-json\/wp\/v2\/media\/682990"}],"wp:attachment":[{"href":"https:\/\/nbg.eu\/no\/wp-json\/wp\/v2\/media?parent=682895"}],"wp:term":[{"taxonomy":"product_brand","embeddable":true,"href":"https:\/\/nbg.eu\/no\/wp-json\/wp\/v2\/product_brand?post=682895"},{"taxonomy":"product_cat","embeddable":true,"href":"https:\/\/nbg.eu\/no\/wp-json\/wp\/v2\/product_cat?post=682895"},{"taxonomy":"product_tag","embeddable":true,"href":"https:\/\/nbg.eu\/no\/wp-json\/wp\/v2\/product_tag?post=682895"}],"curies":[{"name":"wp","href":"https:\/\/api.w.org\/{rel}","templated":true}]}}