{"id":683286,"date":"2025-12-17T17:30:35","date_gmt":"2025-12-17T14:30:35","guid":{"rendered":"https:\/\/nbg.eu\/product\/manly-blaze-black-g10-rwl-34\/"},"modified":"2026-01-21T11:41:30","modified_gmt":"2026-01-21T08:41:30","slug":"manly-blaze-black-g10-rwl-34","status":"publish","type":"product","link":"https:\/\/nbg.eu\/no\/produkt\/manly-blaze-black-g10-rwl-34\/","title":{"rendered":"Manly Blaze Black G10 RWL-34"},"content":{"rendered":"<h2>Manly Blaze Svart G10 RWL-34 &#8211; Det ultimate buskskniven<\/h2>\n<p>Blaze RWL-34 Svart er den perfekte buskskniven. Med et fast blad og fullstemplet konstruksjon + overlegen RWL-34 pulverst\u00e5l, er holdbarheten til denne kniven garantert. H\u00e5ndtaket er laget av teksturert svart G10 som er motstandsdyktig mot korrosjon. Kniven kan enkelt fjernes fra sliren (laget av kydex) med \u00e9n h\u00e5ndbevegelse, og beltemonteringen kan v\u00e6re horisontal eller vertikal.<\/p>\n<p>Hvis du trenger en p\u00e5litelig kniv i fjellene, under camping eller fiske, er Blaze for deg.<\/p>\n<h2>Tekniske spesifikasjoner<\/h2>\n<p>Navn: Blaze \u2013 RWL-34 Svart<br \/>\nType: Fast blad<br \/>\nTotal lengde: 24,5 cm<br \/>\nBladlengde: 11,9 cm<br \/>\nBladtykkelse: 4 mm<br \/>\nHardhet p\u00e5 skj\u00e6rekant: 62 hrc<br \/>\nVekt: 210 g<br \/>\nBladmateriale: RWL-34<br \/>\nH\u00e5ndtaksmateriale: G10<br \/>\nSlirmateriale: Kydex<\/p>\n","protected":false},"excerpt":{"rendered":"<p>Blaze RWL-34 svart: den perfekte Bushcraft-kniven med fast blad, gjennomg\u00e5ende tang og RWL-34-pulverst\u00e5l.<\/p>\n","protected":false},"featured_media":683344,"template":"","meta":{"_acf_changed":false},"product_brand":[15088],"product_cat":[2876],"product_tag":[],"class_list":{"0":"post-683286","1":"product","2":"type-product","3":"status-publish","4":"has-post-thumbnail","6":"product_brand-manly-knives","7":"product_cat-rahohvatki","9":"first","10":"instock","11":"taxable","12":"shipping-taxable","13":"purchasable","14":"product-type-simple"},"acf":[],"_links":{"self":[{"href":"https:\/\/nbg.eu\/no\/wp-json\/wp\/v2\/product\/683286","targetHints":{"allow":["GET"]}}],"collection":[{"href":"https:\/\/nbg.eu\/no\/wp-json\/wp\/v2\/product"}],"about":[{"href":"https:\/\/nbg.eu\/no\/wp-json\/wp\/v2\/types\/product"}],"wp:featuredmedia":[{"embeddable":true,"href":"https:\/\/nbg.eu\/no\/wp-json\/wp\/v2\/media\/683344"}],"wp:attachment":[{"href":"https:\/\/nbg.eu\/no\/wp-json\/wp\/v2\/media?parent=683286"}],"wp:term":[{"taxonomy":"product_brand","embeddable":true,"href":"https:\/\/nbg.eu\/no\/wp-json\/wp\/v2\/product_brand?post=683286"},{"taxonomy":"product_cat","embeddable":true,"href":"https:\/\/nbg.eu\/no\/wp-json\/wp\/v2\/product_cat?post=683286"},{"taxonomy":"product_tag","embeddable":true,"href":"https:\/\/nbg.eu\/no\/wp-json\/wp\/v2\/product_tag?post=683286"}],"curies":[{"name":"wp","href":"https:\/\/api.w.org\/{rel}","templated":true}]}}