{"id":683349,"date":"2025-12-17T17:40:13","date_gmt":"2025-12-17T14:40:13","guid":{"rendered":"https:\/\/nbg.eu\/product\/manlig-blekk-svart-g10-d2\/"},"modified":"2026-01-21T11:39:01","modified_gmt":"2026-01-21T08:39:01","slug":"manlig-blekk-svart-g10-d2","status":"publish","type":"product","link":"https:\/\/nbg.eu\/no\/produkt\/manlig-blekk-svart-g10-d2\/","title":{"rendered":"Manlig Blekk Svart G10 D2"},"content":{"rendered":"<h2>Blaze D2 Svart: P\u00e5litelig bushcraft-kniv for utend\u00f8rsaktiviteter<\/h2>\n<p>Blaze D2 Svart er den perfekte bushcraft-kniven, designet for robust utend\u00f8rsbruk. Med sin fastmonterte blad og fullstendige tang-konstruksjon tilbyr denne kniven uovertruffen stabilitet og holdbarhet, noe som sikrer at den kan t\u00e5le de t\u00f8ffeste oppgavene. Det teksturerte, svarte G10-h\u00e5ndtaket er korrosjonsbestandig og gir et godt grep selv i v\u00e5te forhold.<\/p>\n<p>Blaze kan enkelt tas ut av det kydex-belagte sliren med en enhandsman\u00f8ver, noe som muliggj\u00f8r rask tilgang n\u00e5r du trenger den mest. Det allsidige beltemonteringen kan plasseres horisontalt eller vertikalt, noe som gj\u00f8r det bekvemt \u00e5 b\u00e6re p\u00e5 dine eventyr.<\/p>\n<p>Enten du h\u00e5ndterer utfordringer i villmarken, g\u00e5r p\u00e5 camping eller fisker, er Blaze D2 Svart den p\u00e5litelige f\u00f8lgesvennen du kan stole p\u00e5. Produsert med presisjon, har denne kniven en kuttekanthardhet p\u00e5 61HRC, noe som sikrer at den kan h\u00e5ndtere et bredt spekter av oppgaver med letthet. Med sitt 1.2379 (D2) bladmateriale og solide konstruksjon er Blaze D2 Svart bygget for \u00e5 vare, noe som gj\u00f8r den til et essensielt verkt\u00f8y for enhver som liker \u00e5 v\u00e6re ute i naturen.<\/p>\n","protected":false},"excerpt":{"rendered":"<p>Blaze D2 Svart &#8211; den perfekte Bushcraft-kniven. Teksturert G10-h\u00e5ndtak, D2-st\u00e5lblad, Kydex-slire.<\/p>\n","protected":false},"featured_media":683375,"template":"","meta":{"_acf_changed":false},"product_brand":[15088],"product_cat":[2876],"product_tag":[],"class_list":{"0":"post-683349","1":"product","2":"type-product","3":"status-publish","4":"has-post-thumbnail","6":"product_brand-manly-knives","7":"product_cat-rahohvatki","9":"first","10":"instock","11":"taxable","12":"shipping-taxable","13":"purchasable","14":"product-type-simple"},"acf":[],"_links":{"self":[{"href":"https:\/\/nbg.eu\/no\/wp-json\/wp\/v2\/product\/683349","targetHints":{"allow":["GET"]}}],"collection":[{"href":"https:\/\/nbg.eu\/no\/wp-json\/wp\/v2\/product"}],"about":[{"href":"https:\/\/nbg.eu\/no\/wp-json\/wp\/v2\/types\/product"}],"wp:featuredmedia":[{"embeddable":true,"href":"https:\/\/nbg.eu\/no\/wp-json\/wp\/v2\/media\/683375"}],"wp:attachment":[{"href":"https:\/\/nbg.eu\/no\/wp-json\/wp\/v2\/media?parent=683349"}],"wp:term":[{"taxonomy":"product_brand","embeddable":true,"href":"https:\/\/nbg.eu\/no\/wp-json\/wp\/v2\/product_brand?post=683349"},{"taxonomy":"product_cat","embeddable":true,"href":"https:\/\/nbg.eu\/no\/wp-json\/wp\/v2\/product_cat?post=683349"},{"taxonomy":"product_tag","embeddable":true,"href":"https:\/\/nbg.eu\/no\/wp-json\/wp\/v2\/product_tag?post=683349"}],"curies":[{"name":"wp","href":"https:\/\/api.w.org\/{rel}","templated":true}]}}