{"id":683430,"date":"2025-12-17T18:06:26","date_gmt":"2025-12-17T15:06:26","guid":{"rendered":"https:\/\/nbg.eu\/product\/nocpix-m6t25s-termokamera-for-bil-med-intelligent-deteksjon-for-varme-objekter\/"},"modified":"2026-01-21T11:45:00","modified_gmt":"2026-01-21T08:45:00","slug":"nocpix-m6t25s-termokamera-for-bil-med-intelligent-deteksjon-for-varme-objekter","status":"publish","type":"product","link":"https:\/\/nbg.eu\/no\/produkt\/nocpix-m6t25s-termokamera-for-bil-med-intelligent-deteksjon-for-varme-objekter\/","title":{"rendered":"Nocpix M6T25S Termokamera for bil med intelligent deteksjon for varme objekter"},"content":{"rendered":"<h2>Nocpix M6T25S termisk bilvideokamera med intelligent deteksjon for varme objekter<\/h2>\n<p>Introduserer Nocpix MT-serien, den innovative domeskanneren fra Nocpix som er spesielt designet for jakt. Det er ditt ideelle valg ikke bare for \u00e5 kj\u00f8re under jakt, men ogs\u00e5 tilpasningsdyktig til ulike jaktsmetoder og vaner. Utstyrt med avanserte AI-modeller og h\u00f8yytelses databehandlingskraft, sikrer MT stabil ytelse selv under kj\u00f8ring og har n\u00f8yaktig byttedeteksjon, l\u00e5sing og sporing, og leverer bilder av h\u00f8y kvalitet og en utmerket jaktopplevelse.<\/p>\n<h2>AI-intelligent ytelse<\/h2>\n<p>Drevet av YOLO V5-dybdel\u00e6ringsmodellen og 2T databehandlingskraft, er dette systemet designet for \u00e5 forbedre jaktopplevelsen din. Dybdel\u00e6ringsmodellen, som er trent p\u00e5 et stort datasett, muliggj\u00f8r rask automatisk byttegjenkjenning og sporing, med n\u00f8yaktige avgrensningsruter for m\u00e5lmerking. Dette gj\u00f8r hele jaktprosessen &#8211; identifisering, m\u00e5lsetting og sporing &#8211; mye enklere og jevnere, og reduserer innsatsen som kreves for \u00e5 utf\u00f8re hvert trinn selv.<\/p>\n<h2>B\u00f8rstel\u00f8s 360\u00b0 panoramautsikt med 90\u00b0 tiltomr\u00e5de<\/h2>\n<p>MT tilbyr en vid 360\u00b0 panoramautsikt med et 90\u00b0 tiltomr\u00e5de, som gir full dekning. Dette sikrer fullstendig, s\u00f8ml\u00f8s sporing av byttet uten blinde flekker.<\/p>\n<h2>Endelig stabilisering<\/h2>\n<p>2-akse stabilisering gir MT evnen til \u00e5 levere et stabilt bilde, automatisk kalibrering korrigerer linseforskyvning for\u00e5rsaket av veibulker eller andre eksterne milj\u00f8faktorer, opprettholder en konstant retning.<\/p>\n<h2>Ekstremt stille brukeropplevelse<\/h2>\n<p>M6T25S bruker en b\u00f8rstel\u00f8s motor for 360 graders horisontal rotasjon og en dynamisk balanseringsdesign, noe som betyr at den opererer p\u00e5 et lavt desibelniv\u00e5 under rotasjon og tilt, og sikrer at jaktopplevelsen din forblir uavbrutt og behagelig.<\/p>\n<h2>Flere tilkoblinger og visningsmetoder<\/h2>\n<p>For \u00e5 im\u00f8tekomme ulike bruksvaner og scenarier, st\u00f8ttes to tilkoblingsmetoder: kabel og WiFi. Kabeltilkobling gir relativt mer stabil bildeoverf\u00f8ring, mens WiFi tilbyr en mer praktisk og tr\u00e5dl\u00f8s opplevelse. Sanntidsbildeoverf\u00f8ring er tilgjengelig p\u00e5 enhver enhet med Nocpix-appen installert, inkludert, men ikke begrenset til, iPad, mobiltelefoner, osv.<\/p>\n","protected":false},"excerpt":{"rendered":"<p>Nocpix M6T25S termisk bilkamera med intelligent deteksjon for varme objekter. Intelligent s\u00f8k, effektiv rekkevidde 2300m, fjernkontroll, 2 oppladbare batterier for opptil 7 timers drift.<\/p>\n<p>Hvis varen ikke er tilgjengelig, v\u00e6r s\u00e5 snill \u00e5 kontakte oss: shop@nbg.eu eller +359896147790<\/p>\n","protected":false},"featured_media":683581,"template":"","meta":{"_acf_changed":false},"product_brand":[14450],"product_cat":[13282],"product_tag":[],"class_list":{"0":"post-683430","1":"product","2":"type-product","3":"status-publish","4":"has-post-thumbnail","6":"product_brand-nocpix","7":"product_cat-termisk","9":"first","10":"instock","11":"taxable","12":"shipping-taxable","13":"purchasable","14":"product-type-simple"},"acf":[],"_links":{"self":[{"href":"https:\/\/nbg.eu\/no\/wp-json\/wp\/v2\/product\/683430","targetHints":{"allow":["GET"]}}],"collection":[{"href":"https:\/\/nbg.eu\/no\/wp-json\/wp\/v2\/product"}],"about":[{"href":"https:\/\/nbg.eu\/no\/wp-json\/wp\/v2\/types\/product"}],"wp:featuredmedia":[{"embeddable":true,"href":"https:\/\/nbg.eu\/no\/wp-json\/wp\/v2\/media\/683581"}],"wp:attachment":[{"href":"https:\/\/nbg.eu\/no\/wp-json\/wp\/v2\/media?parent=683430"}],"wp:term":[{"taxonomy":"product_brand","embeddable":true,"href":"https:\/\/nbg.eu\/no\/wp-json\/wp\/v2\/product_brand?post=683430"},{"taxonomy":"product_cat","embeddable":true,"href":"https:\/\/nbg.eu\/no\/wp-json\/wp\/v2\/product_cat?post=683430"},{"taxonomy":"product_tag","embeddable":true,"href":"https:\/\/nbg.eu\/no\/wp-json\/wp\/v2\/product_tag?post=683430"}],"curies":[{"name":"wp","href":"https:\/\/api.w.org\/{rel}","templated":true}]}}