{"id":683641,"date":"2026-01-08T18:14:29","date_gmt":"2026-01-08T15:14:29","guid":{"rendered":"https:\/\/nbg.eu\/product\/varmekamera-nocpix-vista-h50-50mm-12um-640x512-15mk-netd\/"},"modified":"2026-04-14T16:09:26","modified_gmt":"2026-04-14T13:09:26","slug":"varmekamera-nocpix-vista-h50-50mm-12um-640x512-15mk-netd","status":"publish","type":"product","link":"https:\/\/nbg.eu\/no\/produkt\/varmekamera-nocpix-vista-h50-50mm-12um-640x512-15mk-netd\/","title":{"rendered":"Nocpix Termisk Kamera VISTA H50"},"content":{"rendered":"<h2>Nocpix VISTA H50 &#8211; Avansert termisk avbildningskamera for bruk dag og natt<\/h2>\n<p>Nocpix VISTA H50 er en avansert termisk avbildningskamera designet for bruk dag og natt. Den leverer utmerket bildekvalitet selv under vanskelige v\u00e6rforhold som t\u00e5ke, smog og regn, og kan oppdage m\u00e5l gjennom hindringer som grener, h\u00f8yt gress og tett vegetasjon som normalt blokkerer sikt.<\/p>\n<p>VISTA H50 er sv\u00e6rt allsidig og egnet for en rekke anvendelser, inkludert jakt, sikkerhet, overv\u00e5king, terrengnavigasjon og s\u00f8k- og redningsoperasjoner.Dens avanserte termiske teknologi sikrer p\u00e5litelig ytelse og leverer klare bilder og n\u00f8yaktige m\u00e5linger i krevende milj\u00f8er.<\/p>\n<h2>N\u00f8kkelspesifikasjoner:<\/h2>\n<p>Oppl\u00f8sning: 640 x 512<br \/>\nPikselst\u00f8rrelse: 12<br \/>\nNETD, mK: \u226415<br \/>\nBildefrekvens: 50<br \/>\nLinse: 50mm F0.9<br \/>\nSynsvinkel: 8.8 x 7.0<br \/>\nSynsvinkel (line\u00e6r): 15 x 12<br \/>\nForst\u00f8rrelse: 4~40<br \/>\nDeteksjonsrekkevidde: 2600<br \/>\nAvstand fra \u00f8yne: 25<br \/>\nPupilldiameter: 8<br \/>\nDioptri: -4 ~ +6<br \/>\nSkjermtype: AMOLED<br \/>\nSkjermoppl\u00f8sning: 2560 x 2560<br \/>\nBatteri: Utskiftbart litium-ion-batteri IBP-7 \/ 4400mAh<br \/>\nMaks. driftstid: 5.5<br \/>\nWi-Fi\/App: JA<br \/>\nMikrofon: JA<br \/>\nMinnekapasitet: 64GB<br \/>\nIP-rating: IP67<br \/>\nMaks. driftstemperatur: -20 ~ +50<br \/>\nVekt (unser): 22.93<br \/>\nVekt (g): 650<br \/>\nDimensjoner (tommer): 7.64 x 2.76 x 3.23<br \/>\nDimensjoner (mm): 194 x 70 x 82<\/p>\n","protected":false},"excerpt":{"rendered":"<p>Nocpix VISTA H50 er et 640&#215;512 12um termokamera med \u226415mK NETD, 50mm F0.9-linse og 2560&#215;2560 AMOLED-skjerm.<\/p>\n<p>Hvis varen ikke er tilgjengelig, vennligst kontakt oss: shop@nbg.eu eller +359896147790<\/p>\n<p>\n","protected":false},"featured_media":683700,"template":"","meta":{"_acf_changed":false},"product_brand":[14450],"product_cat":[13282,16090],"product_tag":[],"class_list":{"0":"post-683641","1":"product","2":"type-product","3":"status-publish","4":"has-post-thumbnail","6":"product_brand-nocpix","7":"product_cat-termisk","8":"product_cat-thermal-cameras-no","10":"first","11":"instock","12":"taxable","13":"shipping-taxable","14":"purchasable","15":"product-type-simple"},"acf":[],"_links":{"self":[{"href":"https:\/\/nbg.eu\/no\/wp-json\/wp\/v2\/product\/683641","targetHints":{"allow":["GET"]}}],"collection":[{"href":"https:\/\/nbg.eu\/no\/wp-json\/wp\/v2\/product"}],"about":[{"href":"https:\/\/nbg.eu\/no\/wp-json\/wp\/v2\/types\/product"}],"wp:featuredmedia":[{"embeddable":true,"href":"https:\/\/nbg.eu\/no\/wp-json\/wp\/v2\/media\/683700"}],"wp:attachment":[{"href":"https:\/\/nbg.eu\/no\/wp-json\/wp\/v2\/media?parent=683641"}],"wp:term":[{"taxonomy":"product_brand","embeddable":true,"href":"https:\/\/nbg.eu\/no\/wp-json\/wp\/v2\/product_brand?post=683641"},{"taxonomy":"product_cat","embeddable":true,"href":"https:\/\/nbg.eu\/no\/wp-json\/wp\/v2\/product_cat?post=683641"},{"taxonomy":"product_tag","embeddable":true,"href":"https:\/\/nbg.eu\/no\/wp-json\/wp\/v2\/product_tag?post=683641"}],"curies":[{"name":"wp","href":"https:\/\/api.w.org\/{rel}","templated":true}]}}