{"id":683732,"date":"2026-01-08T18:13:33","date_gmt":"2026-01-08T15:13:33","guid":{"rendered":"https:\/\/nbg.eu\/product\/termisk-kamera-nocpix-vista-h35-uten-avstandsmaler-35mm-12um-640x512-15mk-net\/"},"modified":"2026-04-14T16:09:43","modified_gmt":"2026-04-14T13:09:43","slug":"termisk-kamera-nocpix-vista-h35-uten-avstandsmaler-35mm-12um-640x512-15mk-net","status":"publish","type":"product","link":"https:\/\/nbg.eu\/no\/produkt\/termisk-kamera-nocpix-vista-h35-uten-avstandsmaler-35mm-12um-640x512-15mk-net\/","title":{"rendered":"Nocpix Termisk Kamera VISTA H35"},"content":{"rendered":"<h2>Nocpix VISTA H35 Termisk monokul\u00e6r &#8211; 35mm 12um 640&#215;512 \u226415mK NET<\/h2>\n<p>Nocpix VISTA H35 er en flerfunksjonell termisk monokul\u00e6r utformet for p\u00e5litelig bruk b\u00e5de dag og natt. Denne avanserte enheten tilbyr utmerket termisk bildekvalitet, og gir klare og detaljerte bilder selv under utfordrende v\u00e6rforhold som t\u00e5ke, smog og regn. Den kan oppdage m\u00e5l gjennom hindringer som grener, h\u00f8yt gress og tett vegetasjon, og sikrer effektiv drift i milj\u00f8er der tradisjonelle optiske l\u00f8sninger er utilstrekkelige.<\/p>\n<p>Ideell for en rekke bruksomr\u00e5der, egner VISTA H35 seg godt til jakt, overv\u00e5kning, sikkerhet, terrengnavigasjon og s\u00f8k- og redningsaksjoner. Med sin banebryten teknologi og robuste konstruksjon s\u00f8rger VISTA H35 for presis deteksjon og m\u00e5ling under de vanskeligste forhold.<\/p>\n<h2>Funksjoner<\/h2>\n<p>-640\u00d7512 12\u03bcm detektor<br \/>\nNETD\u226415mK<br \/>\n-60Hz h\u00f8y bildefrekvens<br \/>\n-F0.9 objektiv<br \/>\n-AMOLED 2560\u00d72560 sirkul\u00e6r skjerm<br \/>\n-IBP-7 hurtigskiftbar oppladbart batteri<br \/>\n-Jevn digital zoom: 1\u00d7~8\u00d7<br \/>\n-Ultrarens modus<br \/>\n-\u00d8yebeskyttelse med lav lysstyrke, fargepalett og varm tone<br \/>\n-Elektronisk bildestabilisering<\/p>\n","protected":false},"excerpt":{"rendered":"<p>Termisk kamera Nocpix VISTA H35 uten avstandsm\u00e5ler &#8211; 35mm 12um 640&#215;512 &lt;15mk NET<\/p>\n<p>Hvis varen ikke er tilgjengelig, vennligst ta kontakt med oss: shop@nbg.eu eller +359896147790<\/p>\n<p>\n","protected":false},"featured_media":683847,"template":"","meta":{"_acf_changed":false},"product_brand":[14450],"product_cat":[13282,16090],"product_tag":[],"class_list":{"0":"post-683732","1":"product","2":"type-product","3":"status-publish","4":"has-post-thumbnail","6":"product_brand-nocpix","7":"product_cat-termisk","8":"product_cat-thermal-cameras-no","10":"first","11":"instock","12":"taxable","13":"shipping-taxable","14":"purchasable","15":"product-type-simple"},"acf":[],"_links":{"self":[{"href":"https:\/\/nbg.eu\/no\/wp-json\/wp\/v2\/product\/683732","targetHints":{"allow":["GET"]}}],"collection":[{"href":"https:\/\/nbg.eu\/no\/wp-json\/wp\/v2\/product"}],"about":[{"href":"https:\/\/nbg.eu\/no\/wp-json\/wp\/v2\/types\/product"}],"wp:featuredmedia":[{"embeddable":true,"href":"https:\/\/nbg.eu\/no\/wp-json\/wp\/v2\/media\/683847"}],"wp:attachment":[{"href":"https:\/\/nbg.eu\/no\/wp-json\/wp\/v2\/media?parent=683732"}],"wp:term":[{"taxonomy":"product_brand","embeddable":true,"href":"https:\/\/nbg.eu\/no\/wp-json\/wp\/v2\/product_brand?post=683732"},{"taxonomy":"product_cat","embeddable":true,"href":"https:\/\/nbg.eu\/no\/wp-json\/wp\/v2\/product_cat?post=683732"},{"taxonomy":"product_tag","embeddable":true,"href":"https:\/\/nbg.eu\/no\/wp-json\/wp\/v2\/product_tag?post=683732"}],"curies":[{"name":"wp","href":"https:\/\/api.w.org\/{rel}","templated":true}]}}