{"id":683935,"date":"2026-01-08T18:14:25","date_gmt":"2026-01-08T15:14:25","guid":{"rendered":"https:\/\/nbg.eu\/product\/varmekamera-nocpix-rico-2-h50r\/"},"modified":"2026-04-14T16:09:29","modified_gmt":"2026-04-14T13:09:29","slug":"varmekamera-nocpix-rico-2-h50r","status":"publish","type":"product","link":"https:\/\/nbg.eu\/no\/produkt\/varmekamera-nocpix-rico-2-h50r\/","title":{"rendered":"Nocpix Termisk Kamera Rico 2 H50R"},"content":{"rendered":"<h2>Nocpix Rico 2 H50R: Ekspert p\u00e5 langdistanseskytting<\/h2>\n<p>Nocpix RICO 2 H50R-serien av termiske rifleoptikk er designet for jegere som krever det beste innen klarhet, rekkevidde og komfort. Designet med en bransjemessig ledende termisk sensor og h\u00f8y bildefrekvens, leverer den en ultra-overlegent bildekvalitet som gj\u00f8r m\u00e5l-identifisering og sporing enkelt. Den lange brennvidden og den innebygde LRF (laserm\u00e5ler) sikrer at du n\u00f8yaktig kan m\u00e5le fjerne m\u00e5l, samtidig som den avanserte optiske utformingen gir en intuitiv seeropplevelse uten forvrengning. Med en trinnl\u00f8s zoomspak og eksepsjonell \u00f8yeavstand lar Nocpix RICO 2 H50R-serien jegere justere forst\u00f8rrelsen enkelt og f\u00f8le seg komfortable under langvarige jakter. Med sine innovative teknologier og brukervennlig design lar Nocpix RICO 2 H50R-serien deg jakte utover grensene for hva som er mulig.<\/p>\n<h2>N\u00f8kkelegenskaper:<\/h2>\n<p>Dra nytte av den premium andre generasjons 12\u03bcm@60Hz-sensoren, med NETD \u226420mK, for ekstremt skarpe, h\u00f8ykontrastbilder og forbedret m\u00e5lanidentifisering.<\/p>\n<p>Nocpix RICO 2 H50R er utstyrt med st\u00f8rre objektivlinser (50 mm\/F1.0, 42 mm\/F1.0), noe som gir forbedret lysoppsamling for eksepsjonell bildeskarphet og \u00f8kt rekkevidde.<\/p>\n<p>RICO 2-serien lar deg finjustere forst\u00f8rrelsen enkelt med en trinnl\u00f8s LPVO-stil zoomspak, noe som gir rask og problemfri justering for \u00e5 treffe m\u00e5l p\u00e5 enhver avstand presist.<\/p>\n<p>RICO 2-serien har en imponerende oppdagelsesrekkevidde p\u00e5 opptil 2600 m, noe som gir deg en betydelig fordel ved jakt p\u00e5 lang avstand og n\u00f8yaktig skyting.<\/p>\n<p>Nocpix RICO 2 H50R er utstyrt med en integrert LRF, som tilbyr laserm\u00e5ling p\u00e5 opptil 1200 m med ekte optisk aksejustering, noe som sikrer presise avstandardm\u00e5linger mens man opprettholder et str\u00f8mlinjeformet og elegant design.<\/p>\n<p>Forenkle treffplassering med automatiske balistiske beregninger, ved \u00e5 bruke den integrerte LRF for \u00e5 enkelt treffe presist p\u00e5 lange avstander.<\/p>\n<p>1.03&#8243; 2560&#215;2560 OLED-skjerm (H50R), forvrengningsfritt okul\u00e6r, 70 mm \u00f8yeavstand og 23 mm utgangspupill gir krystallklar, komfortabel visning i lengre \u00f8kter.<\/p>\n<p>H50R-modellen har en uovertruffen 70 mm \u00f8yeavstand, noe som gir maksimal komfort for langvarig bruk uten \u00f8yetretthet og sikrer \u00f8yesikkerhet.<\/p>\n","protected":false},"excerpt":{"rendered":"<p>Termisk kamera Nocpix Rico 2 H50R. Ekspert p\u00e5 langdistanseskytting. 640&#215;512 sensor, 60Hz, integrert LRF, kontinuerlig zoom.<\/p>\n","protected":false},"featured_media":684898,"template":"","meta":{"_acf_changed":false},"product_brand":[14450],"product_cat":[13282,16090],"product_tag":[],"class_list":{"0":"post-683935","1":"product","2":"type-product","3":"status-publish","4":"has-post-thumbnail","6":"product_brand-nocpix","7":"product_cat-termisk","8":"product_cat-thermal-cameras-no","10":"first","11":"instock","12":"taxable","13":"shipping-taxable","14":"purchasable","15":"product-type-simple"},"acf":[],"_links":{"self":[{"href":"https:\/\/nbg.eu\/no\/wp-json\/wp\/v2\/product\/683935","targetHints":{"allow":["GET"]}}],"collection":[{"href":"https:\/\/nbg.eu\/no\/wp-json\/wp\/v2\/product"}],"about":[{"href":"https:\/\/nbg.eu\/no\/wp-json\/wp\/v2\/types\/product"}],"wp:featuredmedia":[{"embeddable":true,"href":"https:\/\/nbg.eu\/no\/wp-json\/wp\/v2\/media\/684898"}],"wp:attachment":[{"href":"https:\/\/nbg.eu\/no\/wp-json\/wp\/v2\/media?parent=683935"}],"wp:term":[{"taxonomy":"product_brand","embeddable":true,"href":"https:\/\/nbg.eu\/no\/wp-json\/wp\/v2\/product_brand?post=683935"},{"taxonomy":"product_cat","embeddable":true,"href":"https:\/\/nbg.eu\/no\/wp-json\/wp\/v2\/product_cat?post=683935"},{"taxonomy":"product_tag","embeddable":true,"href":"https:\/\/nbg.eu\/no\/wp-json\/wp\/v2\/product_tag?post=683935"}],"curies":[{"name":"wp","href":"https:\/\/api.w.org\/{rel}","templated":true}]}}