{"id":684928,"date":"2026-01-08T18:13:14","date_gmt":"2026-01-08T15:13:14","guid":{"rendered":"https:\/\/nbg.eu\/product\/varmekamera-nocpix-ace-h50-12um-640x512-15mk-netd\/"},"modified":"2026-04-14T16:09:56","modified_gmt":"2026-04-14T13:09:56","slug":"varmekamera-nocpix-ace-h50-12um-640x512-15mk-netd","status":"publish","type":"product","link":"https:\/\/nbg.eu\/no\/produkt\/varmekamera-nocpix-ace-h50-12um-640x512-15mk-netd\/","title":{"rendered":"Nocpix Termisk Kamera ACE H50"},"content":{"rendered":"<h2>Nocpix ACE H50 termisk kikkertsikte: Uovertruffen jaktytelse<\/h2>\n<p>Nocpix ACE H50 termisk kikkertsikte kombinerer avansert teknologi med robust slitestyrke for en uovertruffen jaktopplevelse. Den har en 640&#215;512 oppl\u00f8sning termisk sensor med \u226412mK NETD for eksepsjonell bildekvalitet, og en deteksjonsrekkevidde p\u00e5 3100 meter. Det innovative Vision+-systemet tilbyr okul\u00e6rforst\u00f8rrelse for tydelige n\u00e6rbilder, samtidig som et dobbelttbatteaisystem sikrer langvarig bruk. Laget av h\u00f8ystyrke aluminiumslegering og med IP67-klassifisering, er dette kikkertsikte designet for \u00e5 prestere i ethvert utend\u00f8rsmilj\u00f8 og tilpasse seg enhver situasjon.<\/p>\n<p>Nocpix ACE H50 termisk kikkertsikte er et fremtidsrettet verkt\u00f8y designet for \u00e5 definere jaktopplevelsen p\u00e5 nytt, enten du navigerer i m\u00f8rk natt eller jakter byttet gjennom utfordrende terreng. Som en del av Nocpix&#8217; flaggskip ACE-serie, skiller dette termiske optiske siktet seg ut med sin overlegne bildekvalitet og presisjon, takket v\u00e6re den egenutviklede h\u00f8yoppl\u00f8selige termiske sensoren og de avanserte Reality+- og Vision+-systemene.<\/p>\n<p>Hjertet i Nocpix ACE H50 er dens Gen-2 HD termiske sensor, som har en oppl\u00f8sning p\u00e5 640&#215;512 og en bildefrekvens p\u00e5 60Hz, og som tilbyr utrolig stabil ytelse. Med en NETD p\u00e5 \u226412mK oppdager denne kikkerten selv de minste temperaturforskjellene, og gir detaljerte og jevne termiske bilder, ideelle for sporing av raske m\u00e5l i sanntid. Den avanserte Reality+-bildebehandlingsalgoritmen forsterker dette ytterligere ved \u00e5 eliminere st\u00f8y fra omgivelsestemperaturen, noe som gir bedre kontrast og klarhet selv i krevende jaktforhold.<\/p>\n<p>ACE H50 er utstyrt med et 50mm\/F0.9-objektiv som lar 20% mer lys n\u00e5 sensoren, noe som gir lysere og klarere bilder. Dette er avgj\u00f8rende for jegere som streber etter presisjon, da den forbedrede lysgjengivelsen gir bedre sikt i svake lysforhold. I tillegg gir den 3100 meter deteksjonsrekkevidde ACE et forsprang, noe som gj\u00f8r identifisering og sporing av fjerne m\u00e5l enklere og mer effektiv enn noensinne.<\/p>\n<p>Det integrerte Vision+-systemet forbedrer den visuelle opplevelsen med et 1.03-tommer rundt AMOLED-display med en oppl\u00f8sning p\u00e5 2560&#215;2560. Dens optiske zoomfunksjon, designet for \u00e5 unng\u00e5 uklarheter og forvrengninger vanligvis assosiert med tradisjonell elektronisk zoom, sikrer at jegere nyter klare, h\u00f8yoppl\u00f8selige n\u00e6rbilder uten \u00e5 miste detaljer. Dette gir en dyp, behagelig visningsopplevelse, enten du spotter byttet p\u00e5 avstand eller zoomer inn for presisjonsretting.<\/p>\n<p>Bygd for forlenget bruk i felten, har ACE et dobbelttbatterisystem med et innebygd 4000mAh batteri og et ekstra avtakbart 18650-batteri, som muliggj\u00f8r uavbrutt drift under lange jaktturer. Det robuste designet, laget av h\u00f8ystyrke aluminiumslegering, sikrer at ACE kan t\u00e5le t\u00f8ffe utend\u00f8rsmilj\u00f8er og hard bruk, etter \u00e5 ha best\u00e5tt strenge st\u00f8ttesikkerhetstester. Med IP67 vanntett klassifisering, forblir kikkerten p\u00e5litelig i ugunstige v\u00e6rforhold, og gir jegere sinnsro uavhengig av milj\u00f8et.<\/p>\n<p>Designet med jegeren i tankene, inkluderer Nocpix ACE H50 essensielle funksjoner som rekoylaktivert videoopptak og et lukkerfritt design for enkel betjening i felt. Med brukervennskaplige tillegg som fokusregulator, ladedeksel og muligheten til \u00e5 spille av videoer direkte via Galleri-funksjonen, kombinerer dette kikkertsikte h\u00f8y ytelse med praktiskhet for en optimal jaktopplevelse.<\/p>\n","protected":false},"excerpt":{"rendered":"<p>Det NocPix ACE H50 termisk kikkertsikte tilbyr 640&#215;512 oppl\u00f8sning, \u226415mK NETD, 3100m deteksjonsrekkevidde og et dobbelt batterisystem for en enest\u00e5ende jaktopplevelse.<\/p>\n","protected":false},"featured_media":684997,"template":"","meta":{"_acf_changed":false},"product_brand":[14450],"product_cat":[13282,16090],"product_tag":[],"class_list":{"0":"post-684928","1":"product","2":"type-product","3":"status-publish","4":"has-post-thumbnail","6":"product_brand-nocpix","7":"product_cat-termisk","8":"product_cat-thermal-cameras-no","10":"first","11":"instock","12":"taxable","13":"shipping-taxable","14":"purchasable","15":"product-type-simple"},"acf":[],"_links":{"self":[{"href":"https:\/\/nbg.eu\/no\/wp-json\/wp\/v2\/product\/684928","targetHints":{"allow":["GET"]}}],"collection":[{"href":"https:\/\/nbg.eu\/no\/wp-json\/wp\/v2\/product"}],"about":[{"href":"https:\/\/nbg.eu\/no\/wp-json\/wp\/v2\/types\/product"}],"wp:featuredmedia":[{"embeddable":true,"href":"https:\/\/nbg.eu\/no\/wp-json\/wp\/v2\/media\/684997"}],"wp:attachment":[{"href":"https:\/\/nbg.eu\/no\/wp-json\/wp\/v2\/media?parent=684928"}],"wp:term":[{"taxonomy":"product_brand","embeddable":true,"href":"https:\/\/nbg.eu\/no\/wp-json\/wp\/v2\/product_brand?post=684928"},{"taxonomy":"product_cat","embeddable":true,"href":"https:\/\/nbg.eu\/no\/wp-json\/wp\/v2\/product_cat?post=684928"},{"taxonomy":"product_tag","embeddable":true,"href":"https:\/\/nbg.eu\/no\/wp-json\/wp\/v2\/product_tag?post=684928"}],"curies":[{"name":"wp","href":"https:\/\/api.w.org\/{rel}","templated":true}]}}