{"id":685086,"date":"2026-01-08T18:13:21","date_gmt":"2026-01-08T15:13:21","guid":{"rendered":"https:\/\/nbg.eu\/product\/thermal-monocular-nocpix-lumi-p13\/"},"modified":"2026-04-14T16:09:50","modified_gmt":"2026-04-14T13:09:50","slug":"thermal-monocular-nocpix-lumi-p13","status":"publish","type":"product","link":"https:\/\/nbg.eu\/no\/produkt\/thermal-monocular-nocpix-lumi-p13\/","title":{"rendered":"Nocpix Termisk Monokular LUMI P13"},"content":{"rendered":"<h2>Maksimal ytelse med minimal vekt &#8211; Nocpix LUMI P13: Hold alltid et \u00f8ye med omgivelsene dine<\/h2>\n<p>LUMI-serien med varmes\u00f8kende monokul\u00e6re er designet for b\u00e5de dag- og nattbruk og tilbyr deg utmerket bildekvalitet selv under vanskelige v\u00e6rforhold som t\u00e5ke, smog eller regn. Selv om hindringer som greiner, h\u00f8yt gress eller tett vegetasjon gj\u00f8r det vanskelig \u00e5 se, kan du takket v\u00e6re denne teknologien alltid tydelig se hva som er foran deg. De er ogs\u00e5 s\u00e5 kompakte og lette at du enkelt kan b\u00e6re dem med deg overalt.<\/p>\n<p>LUMI-varmekameraer er perfekte for en rekke bruksomr\u00e5der som jakt, overv\u00e5kning, sikkerhet, terrengorientering eller s\u00f8k- og redningsaksjoner.<\/p>\n<h2>Uovergripelig bildeprestasjon for knivskjarp klarhet<\/h2>\n<p>LUMI-serien setter nye standarder n\u00e5r det gjelder bildekvalitet. Utstyrt med de mest avanserte bildealgoritmer og en kraftig varmesensor med NETD &lt; 20 mK, leverer kameraet knivskarp og realistisk klarhet. AMOLED-skjermen med en oppl\u00f8sning p\u00e5 1440 x 1080 piksler s\u00f8rger for eksepsjonell bildegjengivelse, mens Ultra Clear-modus ytterligere optimaliserer bildeskarphet, spesielt under vanskelige v\u00e6rforhold.<\/p>\n<h2>Personlig visningsopplevelse &#8211; Tilpass enheten perfekt<\/h2>\n<p>Takket v\u00e6re 256 x 192 px-sensoren og et utvalg av justeringsmuligheter kan du tilpasse enheten n\u00f8yaktig til dine behov. Velg mellom 5 fargemodi og optimaliser synet ditt med 10 niv\u00e5er av lysstyrke, skarphet og kontrast &#8211; slik at ingen detalj g\u00e5r tapt.<\/p>\n<h2>Det er enkelt \u00e5 dele opplevelser med LUMI<\/h2>\n<p>\u00c5 fange spesielle \u00f8yeblikk er en vesentlig del av den moderne jakten. Med Nocpix LUMI P13 kan du ikke bare enkelt dele opptak via appen, men ogs\u00e5 spille dem av direkte p\u00e5 enheten &#8211; perfekt for \u00e5 umiddelbart dele dine opplevelser med andre.<\/p>\n<h2>Kan brukes fleksibelt takket v\u00e6re det avtakbare batterisystemet<\/h2>\n<p>LUMI-serien er utstyrt med standard 18650-batterier, noe som gir deg maksimal fleksibilitet. Uansett hvor du g\u00e5r, vil du med den medf\u00f8lgende batteriladeren v\u00e6re klar igjen p\u00e5 et \u00f8yeblikk &#8211; og du kan fortsette oppdraget ditt.<\/p>\n","protected":false},"excerpt":{"rendered":"<p>Maksimal ytelse med minimal vekt &#8211; Nocpix LUMI P13: Hold alltid \u00f8ye med m\u00e5let ditt.<br \/>\nHvis varen ikke er tilgjengelig, vennligst kontakt oss: shop@nbg.eu eller +359896147790<\/p>\n","protected":false},"featured_media":685206,"template":"","meta":{"_acf_changed":false},"product_brand":[14450],"product_cat":[16089,13282],"product_tag":[],"class_list":{"0":"post-685086","1":"product","2":"type-product","3":"status-publish","4":"has-post-thumbnail","6":"product_brand-nocpix","7":"product_cat-monoculars-no","8":"product_cat-termisk","10":"first","11":"instock","12":"taxable","13":"shipping-taxable","14":"purchasable","15":"product-type-simple"},"acf":[],"_links":{"self":[{"href":"https:\/\/nbg.eu\/no\/wp-json\/wp\/v2\/product\/685086","targetHints":{"allow":["GET"]}}],"collection":[{"href":"https:\/\/nbg.eu\/no\/wp-json\/wp\/v2\/product"}],"about":[{"href":"https:\/\/nbg.eu\/no\/wp-json\/wp\/v2\/types\/product"}],"wp:featuredmedia":[{"embeddable":true,"href":"https:\/\/nbg.eu\/no\/wp-json\/wp\/v2\/media\/685206"}],"wp:attachment":[{"href":"https:\/\/nbg.eu\/no\/wp-json\/wp\/v2\/media?parent=685086"}],"wp:term":[{"taxonomy":"product_brand","embeddable":true,"href":"https:\/\/nbg.eu\/no\/wp-json\/wp\/v2\/product_brand?post=685086"},{"taxonomy":"product_cat","embeddable":true,"href":"https:\/\/nbg.eu\/no\/wp-json\/wp\/v2\/product_cat?post=685086"},{"taxonomy":"product_tag","embeddable":true,"href":"https:\/\/nbg.eu\/no\/wp-json\/wp\/v2\/product_tag?post=685086"}],"curies":[{"name":"wp","href":"https:\/\/api.w.org\/{rel}","templated":true}]}}