{"id":685251,"date":"2026-01-08T18:13:20","date_gmt":"2026-01-08T15:13:20","guid":{"rendered":"https:\/\/nbg.eu\/product\/teiknografisk-monokulaer-nocpix-lumi-l35r-med-laseravstandsmaler\/"},"modified":"2026-04-14T16:09:53","modified_gmt":"2026-04-14T13:09:53","slug":"teiknografisk-monokulaer-nocpix-lumi-l35r-med-laseravstandsmaler","status":"publish","type":"product","link":"https:\/\/nbg.eu\/no\/produkt\/teiknografisk-monokulaer-nocpix-lumi-l35r-med-laseravstandsmaler\/","title":{"rendered":"Nocpix Termisk Monokular LUMI L35R LRF"},"content":{"rendered":"<h2>Termisk monokul\u00e6r Nocpix LUMI L35R med laserm\u00e5ler<\/h2>\n<p>Nocpix LUMI L35R er en kraftig og kompakt termisk monokul\u00e6r med integrert laserm\u00e5ler. Med den mest avanserte sensoren i sin klasse og en NETD p\u00e5 \u226418mK leverer dette termokameraet h\u00f8yoppl\u00f8selige bilder selv under ekstreme v\u00e6rforhold. Den lette og ergonomiske utformingen gj\u00f8r den enkel \u00e5 bruke, samtidig som det avtakbare batterisystemet med standard 18650-batterier gir forlenget driftstid.<\/p>\n<p>Den integrerte laserm\u00e5leren gir n\u00f8yaktig m\u00e5ling av m\u00e5l avstand, og de avanserte R+ AI-bildealgoritmer forbedrer bildekvaliteten og utnytter sensorens fulle potensial. Monokul\u00e6ren er vanntett, st\u00f8vtett og konstruert for komfortabel utend\u00f8rsbruk, med funksjoner som elektronisk bildestabilisering, \u00f8yeavstandsfargepalletter og ultrastille knapper.<\/p>\n<p>Med en sensorrekkevidde p\u00e5 opptil 1800m er Nocpix LUMI L35R en allsidig termisk avbildningsl\u00f8sning for jakt, sikkerhet og utend\u00f8rsaktiviteter. Med 3 \u00e5rs full produsentgaranti leverer denne termiske monokul\u00e6ren utmerket ytelse og p\u00e5litelighet.<\/p>\n","protected":false},"excerpt":{"rendered":"<p>Termisk monokul\u00e6r Nocpix LUMI L35R med laserm\u00e5ler: h\u00f8yoppl\u00f8selig sensor \u226418 mK NETD, kompakt og lett, avtakbart batteri.<\/p>\n<p>Hvis varen ikke er tilgjengelig, vennligst kontakt oss: shop@nbg.eu eller +359896147790<\/p>\n<p>\n","protected":false},"featured_media":685302,"template":"","meta":{"_acf_changed":false},"product_brand":[14450],"product_cat":[16089,13282],"product_tag":[],"class_list":{"0":"post-685251","1":"product","2":"type-product","3":"status-publish","4":"has-post-thumbnail","6":"product_brand-nocpix","7":"product_cat-monoculars-no","8":"product_cat-termisk","10":"first","11":"instock","12":"taxable","13":"shipping-taxable","14":"purchasable","15":"product-type-simple"},"acf":[],"_links":{"self":[{"href":"https:\/\/nbg.eu\/no\/wp-json\/wp\/v2\/product\/685251","targetHints":{"allow":["GET"]}}],"collection":[{"href":"https:\/\/nbg.eu\/no\/wp-json\/wp\/v2\/product"}],"about":[{"href":"https:\/\/nbg.eu\/no\/wp-json\/wp\/v2\/types\/product"}],"wp:featuredmedia":[{"embeddable":true,"href":"https:\/\/nbg.eu\/no\/wp-json\/wp\/v2\/media\/685302"}],"wp:attachment":[{"href":"https:\/\/nbg.eu\/no\/wp-json\/wp\/v2\/media?parent=685251"}],"wp:term":[{"taxonomy":"product_brand","embeddable":true,"href":"https:\/\/nbg.eu\/no\/wp-json\/wp\/v2\/product_brand?post=685251"},{"taxonomy":"product_cat","embeddable":true,"href":"https:\/\/nbg.eu\/no\/wp-json\/wp\/v2\/product_cat?post=685251"},{"taxonomy":"product_tag","embeddable":true,"href":"https:\/\/nbg.eu\/no\/wp-json\/wp\/v2\/product_tag?post=685251"}],"curies":[{"name":"wp","href":"https:\/\/api.w.org\/{rel}","templated":true}]}}