{"id":685321,"date":"2025-12-17T17:50:25","date_gmt":"2025-12-17T14:50:25","guid":{"rendered":"https:\/\/nbg.eu\/product\/termisk-monokulaer-nocpix-lumi-l19\/"},"modified":"2026-01-21T11:59:28","modified_gmt":"2026-01-21T08:59:28","slug":"termisk-monokulaer-nocpix-lumi-l19","status":"publish","type":"product","link":"https:\/\/nbg.eu\/no\/produkt\/termisk-monokulaer-nocpix-lumi-l19\/","title":{"rendered":"Termisk monokul\u00e6r Nocpix LUMI L19"},"content":{"rendered":"<h2>Maksimal ytelse med minimal vekt &#8211; Nocpix LUMI L19: Din observat\u00f8r for skoger og enger<\/h2>\n<p>LUMI-serien av termiske avbildningsmonokul\u00e6rer er utformet for b\u00e5de dag- og nattbruk og gir deg utmerket bildekvalitet selv under vanskelige v\u00e6rforhold som t\u00e5ke, smog eller regn. Selv om hindre som grener, h\u00f8yt gress eller tett l\u00f8vverk gj\u00f8r det vanskelig \u00e5 se, kan du takket v\u00e6re denne teknologien alltid se tydelig hva som befinner seg foran deg. De er ogs\u00e5 s\u00e5 kompakte og lette at du enkelt kan b\u00e6re dem overalt.<\/p>\n<p>LUMI-termokameraer er perfekte for en rekke anvendelser som jakt, overv\u00e5king, sikkerhet, terrengorientering eller s\u00f8k- og redningsoperasjoner.<\/p>\n<h2>Uovertruffen avbildningsytelse for knivskarp avbildning<\/h2>\n<p>LUMI-serien setter nye standarder n\u00e5r det gjelder bildekvalitet. Utstyrt med de mest avanserte avbildningsalgoritmer og en kraftig termisk sensor med NETD &lt; 18 mK, leverer kameraet skarp og realistisk avbildning. AMOLED-skjermen med en oppl\u00f8sning p\u00e5 1024 x 768 piksler sikrer utmerket bildegjengivelse, mens Ultra Clear-modus ytterligere optimaliserer bildeskarphet, spesielt under vanskelige v\u00e6rforhold.<\/p>\n<h2>Personlig seeropplevelse &#8211; Tilpass enheten din perfekt<\/h2>\n<p>Takket v\u00e6re den mellomstore 384 x 288 px-sensoren og et utvalg av innstillingsalternativer kan du tilpasse enheten helt etter dine behov. Velg mellom 5 fargemodi og optimer synet ditt med 10 niv\u00e5er av lysstyrke, skarphet og kontrast &#8211; slik at ingen detalj g\u00e5r ubemerket hen.<\/p>\n<h2>Enkel erfaringsdeling<\/h2>\n<p>\u00c5 fange spesielle \u00f8yeblikk er vesentlig for den moderne jegeren. Med Nocpix LUMI kan du ikke bare enkelt dele opptak via appen, men ogs\u00e5 spille dem av direkte p\u00e5 enheten &#8211; perfekt for \u00e5 umiddelbart dele dine opplevelser med andre.<\/p>\n<h2>Kan brukes fleksibelt takket v\u00e6re det avtakbare batterisystemet<\/h2>\n<p>LUMI-serien er utstyrt med standard 18650-batterier, noe som gir deg maksimal fleksibilitet. Uansett hvor du g\u00e5r, vil du med den medf\u00f8lgende batteriladeren v\u00e6re klar igjen p\u00e5 ingen tid &#8211; og du kan fortsette oppdrag ditt.<\/p>\n","protected":false},"excerpt":{"rendered":"<p>Maksimal ytelse med minimal vekt \u2013 Nocpix LUMI L19: Din observat\u00f8r for skoger og enger<\/p>\n","protected":false},"featured_media":685584,"template":"","meta":{"_acf_changed":false},"product_brand":[14450],"product_cat":[13282],"product_tag":[],"class_list":{"0":"post-685321","1":"product","2":"type-product","3":"status-publish","4":"has-post-thumbnail","6":"product_brand-nocpix","7":"product_cat-termisk","9":"first","10":"outofstock","11":"taxable","12":"shipping-taxable","13":"purchasable","14":"product-type-simple"},"acf":[],"_links":{"self":[{"href":"https:\/\/nbg.eu\/no\/wp-json\/wp\/v2\/product\/685321","targetHints":{"allow":["GET"]}}],"collection":[{"href":"https:\/\/nbg.eu\/no\/wp-json\/wp\/v2\/product"}],"about":[{"href":"https:\/\/nbg.eu\/no\/wp-json\/wp\/v2\/types\/product"}],"wp:featuredmedia":[{"embeddable":true,"href":"https:\/\/nbg.eu\/no\/wp-json\/wp\/v2\/media\/685584"}],"wp:attachment":[{"href":"https:\/\/nbg.eu\/no\/wp-json\/wp\/v2\/media?parent=685321"}],"wp:term":[{"taxonomy":"product_brand","embeddable":true,"href":"https:\/\/nbg.eu\/no\/wp-json\/wp\/v2\/product_brand?post=685321"},{"taxonomy":"product_cat","embeddable":true,"href":"https:\/\/nbg.eu\/no\/wp-json\/wp\/v2\/product_cat?post=685321"},{"taxonomy":"product_tag","embeddable":true,"href":"https:\/\/nbg.eu\/no\/wp-json\/wp\/v2\/product_tag?post=685321"}],"curies":[{"name":"wp","href":"https:\/\/api.w.org\/{rel}","templated":true}]}}