{"id":685637,"date":"2025-12-17T17:47:09","date_gmt":"2025-12-17T14:47:09","guid":{"rendered":"https:\/\/nbg.eu\/product\/termisk-monokulaer-lumi-h35r-med-lasermaler\/"},"modified":"2026-01-21T11:58:52","modified_gmt":"2026-01-21T08:58:52","slug":"termisk-monokulaer-lumi-h35r-med-lasermaler","status":"publish","type":"product","link":"https:\/\/nbg.eu\/no\/produkt\/termisk-monokulaer-lumi-h35r-med-lasermaler\/","title":{"rendered":"Termisk monokul\u00e6r LUMI H35R med laserm\u00e5ler"},"content":{"rendered":"<h2>Termisk monokul\u00e6r med sensorrekkevidde p\u00e5 opptil 1800m, ekstremt kompakt og lett!<\/h2>\n<p>Integrert laserm\u00e5ler.<\/p>\n<p>H\u00f8yoppl\u00f8sningssensor og spesielt kraftig: \u2264 18 mK NETD.<\/p>\n<p>Avtakbart batterisystem med 18650-batterier<\/p>\n<p>Videoopptak, vanntett og spesielt stilleg\u00e5ende drift.<\/p>\n<p>3 \u00e5rs full produsentgaranti!<\/p>\n<h2>Flere funksjoner:<\/h2>\n<p>-Integrert laserm\u00e5ler for n\u00f8yaktig m\u00e5leavstand<\/p>\n<p>-H\u00f8y bildekvalitet: Selv i ekstreme v\u00e6rforhold forblir bildekvaliteten stabil.<\/p>\n<p>-Sensor spesielt designet for jaktform\u00e5l: Gir stabil drift med en NETD \u2264 18mK for overlegen bildekvalitet.<\/p>\n<p>-F0,9-linse: 20% mer lysspredning sammenlignet med F1,0-linse for lysere og klarere bilder.<\/p>\n<p>-Reality+ bildeoptimeringsalgoritmer: Avanserte algoritmer forbedrer bildekvaliteten og eliminerer bilderuis.<\/p>\n<p>-Elektronisk bildestabilisering: For jevne og stabile videoer.<\/p>\n<p>-Fargepaletter for \u00f8yeaushet: Spesielle r\u00f8de og gr\u00f8nne paletter reduserer \u00f8yetr\u00f8tthet ved langvarig bruk.<\/p>\n<p>-Avtakbart 18650-batteri: Med omvendt polaritet for enkel utskifting, ideell om natten.<\/p>\n<p>-Ultrastille knapper: Stilleg\u00e5ende drift som ikke forstyrrer viltet.<\/p>\n<p>-Kompakt design: Enheten er mindre enn en mobiltelefon og enkel \u00e5 b\u00e6re med seg.<\/p>\n<p>-IP67 beskyttelsesklasse: St\u00f8vtett og vanntett for bruk i ekstreme milj\u00f8er.<\/p>\n<p>-Ergonomisk design: Utviklet spesielt for utend\u00f8rs bruk, komfortabel og brukervennlig.<\/p>\n<p>-Lett: Enheten veier mindre enn 345g.<\/p>\n<p>-10 mm utgangsblende: Gir optimal synlighet og en komfortabel visningsvinkel.<\/p>\n<p>-P\u00e5litelig om natten: Takket v\u00e6re sin stille og enkle drift kan den brukes optimalt selv i m\u00f8rke omgivelser.<\/p>\n<p>-Avtakbart batteri: Muliggj\u00f8r lengre driftstid ved \u00e5 bytte batterier.<\/p>\n<p>-Stor blender\u00e5pning: \u00d8ker lysinnfanging og bildekvalitet i vanskelige lysforhold.<\/p>\n<p>-Integrert mikrofon: Muliggj\u00f8r lydopptak.<\/p>\n<p>-32GB minne: For bilder, videoer og lydopptak.<\/p>\n<p>-Enkel \u00e5 bruke: Ideell for brukere som foretrekker en kompakt og lett enhet.<\/p>\n<p>-R+ AI-bildealgotrimer: Forbedrer bildekvalitet og utnytter sensorens potensial fullt ut.<\/p>\n","protected":false},"excerpt":{"rendered":"<p>Den mest avanserte sensoren i sin klasse (&lt;18mK NETD). Integrert laserm\u00e5ler. Spesielt enkel \u00e5 betjene: lett og kompakt konstruksjon. Utskiftbart batterisystem med standard 18650-batterier.<\/p>\n<p>Hvis varen ikke er tilgjengelig, v\u00e6r s\u00e5 snill \u00e5 kontakte oss: shop@nbg.eu eller +359896147790<\/p>\n","protected":false},"featured_media":685703,"template":"","meta":{"_acf_changed":false},"product_brand":[14450],"product_cat":[13282],"product_tag":[],"class_list":{"0":"post-685637","1":"product","2":"type-product","3":"status-publish","4":"has-post-thumbnail","6":"product_brand-nocpix","7":"product_cat-termisk","9":"first","10":"instock","11":"taxable","12":"shipping-taxable","13":"purchasable","14":"product-type-simple"},"acf":[],"_links":{"self":[{"href":"https:\/\/nbg.eu\/no\/wp-json\/wp\/v2\/product\/685637","targetHints":{"allow":["GET"]}}],"collection":[{"href":"https:\/\/nbg.eu\/no\/wp-json\/wp\/v2\/product"}],"about":[{"href":"https:\/\/nbg.eu\/no\/wp-json\/wp\/v2\/types\/product"}],"wp:featuredmedia":[{"embeddable":true,"href":"https:\/\/nbg.eu\/no\/wp-json\/wp\/v2\/media\/685703"}],"wp:attachment":[{"href":"https:\/\/nbg.eu\/no\/wp-json\/wp\/v2\/media?parent=685637"}],"wp:term":[{"taxonomy":"product_brand","embeddable":true,"href":"https:\/\/nbg.eu\/no\/wp-json\/wp\/v2\/product_brand?post=685637"},{"taxonomy":"product_cat","embeddable":true,"href":"https:\/\/nbg.eu\/no\/wp-json\/wp\/v2\/product_cat?post=685637"},{"taxonomy":"product_tag","embeddable":true,"href":"https:\/\/nbg.eu\/no\/wp-json\/wp\/v2\/product_tag?post=685637"}],"curies":[{"name":"wp","href":"https:\/\/api.w.org\/{rel}","templated":true}]}}