{"id":685804,"date":"2025-12-18T16:23:59","date_gmt":"2025-12-18T13:23:59","guid":{"rendered":"https:\/\/nbg.eu\/product\/termal-kikkert-nocpix-quest-h35r-lrf-640x512-netd-15mk\/"},"modified":"2026-01-21T12:22:39","modified_gmt":"2026-01-21T09:22:39","slug":"termal-kikkert-nocpix-quest-h35r-lrf-640x512-netd-15mk","status":"publish","type":"product","link":"https:\/\/nbg.eu\/no\/produkt\/termal-kikkert-nocpix-quest-h35r-lrf-640x512-netd-15mk\/","title":{"rendered":"Termal kikkert Nocpix Quest H35R LRF 640&#215;512 NETD &lt;15mK"},"content":{"rendered":"<h2>Nocpix QUEST H35R LRF 640&#215;512 Termiske kikkert<\/h2>\n<p>QUEST er lett og b\u00e6rbar, med en rekkevidde p\u00e5 opptil 2600m og en innebygd LRF med rekkevidde p\u00e5 1000m for overlegen n\u00f8yaktighet og synlighet. Dens tradisjonelle kikertkonstruksjon har et heldekkende gummitrekk og IP67-klassifisering for holdbarhet og komfort i t\u00f8ffe forhold. Utstyrt med en h\u00f8yytelses 640&#215;512-sensor (NETD \u226415mK, 60Hz), gir QUEST enest\u00e5ende bildekvalitet, overlegen termisk sensitivitet og problemfri drift i utfordrende milj\u00f8er.<\/p>\n<h2>Utmerket visuell opplevelse<\/h2>\n<p>Nocpix QUEST har R+ bildeforsterkning for overlegen klarhet og presisjon, kombinert med et 1920&#215;1200 AMOLED-display for en dyptg\u00e5ende, \u00f8yenvennlig seeropplevelse.<\/p>\n<h2>Overlegen sensor sikrer eksellens<\/h2>\n<p>Nocpix QUEST er utstyrt med en h\u00f8yytelses sensor (640&#215;512@12\u00b5m) som gir enest\u00e5ende bildekvalitet. Med NETD \u226415mK og 60Hz bildehastighet gir den overlegen termisk sensitivitet, og leverer klare og visuelle bilder selv i de mest krevende milj\u00f8ene.<\/p>\n<h2>Kraftige deteksjonsevner<\/h2>\n<p>Nocpix QUEST har en deteksjonsrekkevidde p\u00e5 opptil 2600 m og en innebygd skjult LRF med rekkevidde p\u00e5 opptil 1000 m, noe som lar deg se lengre og mer n\u00f8yaktig enn noensinne. Den st\u00f8tter ogs\u00e5 ballistiske beregninger, noe som gir datareferanse for samarbeidsrytteri.<\/p>\n<h2>Eneh\u00e5ndskontroll<\/h2>\n<p>Nocpix QUEST har et ergonomisk, gripesikkert design med et forenklet 4-knappesoppsett og sentralt plasserte rullehjul for enkel eneh\u00e5ndskontroll og et sikkert grep under alle forhold.<\/p>\n<h2>Lett og b\u00e6rbar<\/h2>\n<p>QUEST veier bare 700g og inkluderer en tilpasset b\u00e6reveske, noe som gj\u00f8r den lett \u00e5 b\u00e6re med seg og komfortabel under utend\u00f8rsaktiviteter som jakt og utforskning.<\/p>\n<h2>Eliminer bekymring for str\u00f8m<\/h2>\n<p>QUEST-serien har et dobbelt batterioppsett med et innebygd og utskiftbart 18650-batteri, noe som sikrer problemfri utskifting og kontinuerlig bruk under dine eventyr.<\/p>\n<h2>Den beste kikertopplevelsen<\/h2>\n<p>QUEST har en tradisjonell kikertkonstruksjon med et sofistikert heldekkende gummitrekk og IP67-klassifisering for motstand mot vann og st\u00f8v, noe som sikrer b\u00e5de holdbarhet og generell komfort.<\/p>\n","protected":false},"excerpt":{"rendered":"<p>Nocpix Quest H35R LRF 640&#215;512 NETD &lt;15mK: Lette, b\u00e6rbare termiske kikkert med 2600m deteksjonsrekkevidde, 1000m LRF, og enest\u00e5ende bildeklarhets.<\/p>\n","protected":false},"featured_media":686419,"template":"","meta":{"_acf_changed":false},"product_brand":[14450],"product_cat":[14690,13282],"product_tag":[],"class_list":{"0":"post-685804","1":"product","2":"type-product","3":"status-publish","4":"has-post-thumbnail","6":"product_brand-nocpix","7":"product_cat-kikkert","8":"product_cat-termisk","10":"first","11":"instock","12":"taxable","13":"shipping-taxable","14":"purchasable","15":"product-type-simple"},"acf":[],"_links":{"self":[{"href":"https:\/\/nbg.eu\/no\/wp-json\/wp\/v2\/product\/685804","targetHints":{"allow":["GET"]}}],"collection":[{"href":"https:\/\/nbg.eu\/no\/wp-json\/wp\/v2\/product"}],"about":[{"href":"https:\/\/nbg.eu\/no\/wp-json\/wp\/v2\/types\/product"}],"wp:featuredmedia":[{"embeddable":true,"href":"https:\/\/nbg.eu\/no\/wp-json\/wp\/v2\/media\/686419"}],"wp:attachment":[{"href":"https:\/\/nbg.eu\/no\/wp-json\/wp\/v2\/media?parent=685804"}],"wp:term":[{"taxonomy":"product_brand","embeddable":true,"href":"https:\/\/nbg.eu\/no\/wp-json\/wp\/v2\/product_brand?post=685804"},{"taxonomy":"product_cat","embeddable":true,"href":"https:\/\/nbg.eu\/no\/wp-json\/wp\/v2\/product_cat?post=685804"},{"taxonomy":"product_tag","embeddable":true,"href":"https:\/\/nbg.eu\/no\/wp-json\/wp\/v2\/product_tag?post=685804"}],"curies":[{"name":"wp","href":"https:\/\/api.w.org\/{rel}","templated":true}]}}