{"id":68612,"date":"2023-11-29T09:17:17","date_gmt":"2023-11-29T09:17:17","guid":{"rendered":"https:\/\/nbg.eu\/product\/geissele-super-duty-mod1-11-5-5-56mm-black\/"},"modified":"2026-04-22T12:24:38","modified_gmt":"2026-04-22T09:24:38","slug":"geissele-super-duty-115-556mm-black","status":"publish","type":"product","link":"https:\/\/nbg.eu\/no\/produkt\/geissele-super-duty-115-556mm-black\/","title":{"rendered":"Geissele Halvautomatisk Karabin Super Duty 11.5&#8243; 5.56MM &#8211; Black"},"content":{"rendered":"<h2>Geissele Super Duty &#8211; 11.5&#8243; 5.56MM<\/h2>\n<p>Geissele Super Duty er et 11,5&#8243; v\u00e5pen i 5,56 NATO som kombinerer moderne teknologi med h\u00e5ndverk.<\/p>\n<h2>Hovedfunksjoner:<\/h2>\n<ul>\n<li>11,5&#8243; kaldhamret, kromforet l\u00f8p (1:7&#8243; vridning)<\/li>\n<li>Produsert i Geisseles anlegg i North Wales, PA<\/li>\n<li>Karabin-lengde gassystem med kompakt gassblokk<\/li>\n<li>10,5&#8243; SMR MK11.5 modul\u00e6r skinne med M-LOK-kompatibilitet<\/li>\n<li>7075-T6 aluminium nedre mottaker med Ultra Duty-delsett<\/li>\n<li>Ambidekstr\u00f8s konfigurerbar sikring<\/li>\n<li>Super-42 aksjonfj\u00e6r og H3-buffer<\/li>\n<\/ul>\n<h2>Spesifikasjoner:<\/h2>\n<ul>\n<li>Kaliber: 5,56 NATO<\/li>\n<li>L\u00f8p: Geissele kaldhamret, kromforet, 1\/7 vridning<\/li>\n<li>Mottakere: Smidd 7075-T6, hardcoat anodisert type III<\/li>\n<li>L\u00e5sestol: REBCG (Forbedret p\u00e5litelighet l\u00e5sestolgruppe)<\/li>\n<li>Avtrekker: SSA-X med Lightning Bow<\/li>\n<li>Munningsenhet: Geissele Sparkout flammedemper<\/li>\n<li>Ladeh\u00e5ndtak: Airborne<\/li>\n<li>Farge: DDC (\u00d8rkenfarget)*<\/li>\n<\/ul>\n<p><em>*Merk: DDC anodisering kan variere i nyanse<\/em><\/p>\n<p>Geissele Super Duty-riflen kombinerer presisjon og p\u00e5litelighet i en kompakt pakke.<\/p>\n","protected":false},"excerpt":{"rendered":"<p>Geissele Super Duty: 11,5&#8243; 5,56mm, avansert teknologi, presisjonsbygd.<\/p>\n","protected":false},"featured_media":191172,"template":"","meta":{"_acf_changed":false},"product_brand":[11384],"product_cat":[16200,13243,13311,15828],"product_tag":[],"class_list":{"0":"post-68612","1":"product","2":"type-product","3":"status-publish","4":"has-post-thumbnail","6":"product_brand-geissele","7":"product_cat-ar-15-rifles-no","8":"product_cat-karbiner","9":"product_cat-rifle","10":"product_cat-semi-automatic-rifles-no","12":"first","13":"instock","14":"taxable","15":"shipping-taxable","16":"product-type-simple"},"acf":[],"_links":{"self":[{"href":"https:\/\/nbg.eu\/no\/wp-json\/wp\/v2\/product\/68612","targetHints":{"allow":["GET"]}}],"collection":[{"href":"https:\/\/nbg.eu\/no\/wp-json\/wp\/v2\/product"}],"about":[{"href":"https:\/\/nbg.eu\/no\/wp-json\/wp\/v2\/types\/product"}],"wp:featuredmedia":[{"embeddable":true,"href":"https:\/\/nbg.eu\/no\/wp-json\/wp\/v2\/media\/191172"}],"wp:attachment":[{"href":"https:\/\/nbg.eu\/no\/wp-json\/wp\/v2\/media?parent=68612"}],"wp:term":[{"taxonomy":"product_brand","embeddable":true,"href":"https:\/\/nbg.eu\/no\/wp-json\/wp\/v2\/product_brand?post=68612"},{"taxonomy":"product_cat","embeddable":true,"href":"https:\/\/nbg.eu\/no\/wp-json\/wp\/v2\/product_cat?post=68612"},{"taxonomy":"product_tag","embeddable":true,"href":"https:\/\/nbg.eu\/no\/wp-json\/wp\/v2\/product_tag?post=68612"}],"curies":[{"name":"wp","href":"https:\/\/api.w.org\/{rel}","templated":true}]}}