{"id":686566,"date":"2026-01-08T18:15:06","date_gmt":"2026-01-08T15:15:06","guid":{"rendered":"https:\/\/nbg.eu\/product\/varmesoker-nocpix-mate-h50r\/"},"modified":"2026-04-14T16:09:19","modified_gmt":"2026-04-14T13:09:19","slug":"varmesoker-nocpix-mate-h50r","status":"publish","type":"product","link":"https:\/\/nbg.eu\/no\/produkt\/varmesoker-nocpix-mate-h50r\/","title":{"rendered":"Nocpix Termisk Sikte Mate H50R"},"content":{"rendered":"<h2>Forvandl dagsiktet ditt til et moderne termisk rifleskop med Nocpix MATE H50R<\/h2>\n<p>Forvandl dagsiktet ditt til et moderne termisk rifleskop med det eneste 640X512 Nocpix MATE H50R termiske siktet &#8211; det beste frontmonterte termiske siktet designet for profesjonelle jegere, naturobservat\u00f8rer og skyttere som krever presisjon.<\/p>\n<p>Bygget med neste generasjons avbildningsteknologi leverer Nocpix MATE H50R uovertruffen klarhet, langdistansedeteksjon og toppmoderne funksjoner for overlegen ytelse i ethvert milj\u00f8.<\/p>\n<h2>Eksepsjonell bildekvalitet og deteksjonsrekkevidde<\/h2>\n<p>I hjertet av Nocpix MATE Ultra H50R er en Gen-2 HD 640X512 termisk sensor med en ultrafin pikseldelning p\u00e5 12 \u03bcm og en f\u00f8lsomhet p\u00e5 NETD \u226415mK, noe som sikrer at selv de svakeste termiske forskjellene blir registrert. Det store 50mm F1.0-objektivet fanger opp mer termisk energi for krystallklare bilder og utvidet rekkevidde, og tilbyr deteksjonsavstander p\u00e5 opptil 2600 m. Enten du jakter hjort ved daggry eller scanner vide felt om natten, s\u00f8rger H50R for at ingen detalj forblir uoppdaget.<\/p>\n<h2>Avansert bildeprosessering med Reality+ AI<\/h2>\n<p>Utstyrt med to bildebehandlingsalgoritmer &#8211; en kraftig bildebehandler kombinert med intelligent Reality+ -teknologi &#8211; tilpasser MATE Ultra H50R seg automatisk til forst\u00f8rrelsen av siktet ditt. Dette sikrer skarpe visuelle, n\u00f8yaktig zooming og stabil bildestabilitet, selv i t\u00e5ke, regn eller krevende lavlysforhold.<\/p>\n<h2>Designet for presisjon og etisk jakt<\/h2>\n<p>Med en innebygd laserm\u00e5ler (opp til 1200m) og en integrert ballistikkberegner hjelper H50R deg \u00e5 ta informerte og etiske skuddavgj\u00f8relser. Bilde-i-bilde (PIP) -modus forbedrer sikten\u00f8yaktighet, og rekylaktivert video (RAV) s\u00f8rger for at hver kritisk hendelse blir fanget opp.<\/p>\n<h2>Robust, praktisk og p\u00e5litelig<\/h2>\n<p>Designet for feltet er MATE Ultra H50R b\u00e5de robust og enkel \u00e5 bruke. Den har et stort 60mm okular med &lt;1% forvrengning, noe som opprettholder et stabilt treffpunkt og konsekvent justering opp til 16x forst\u00f8rrelse. Drevet av utskiftbare 18650-batterier (4x inkludert for ULTRA) tilbyr den langvarig p\u00e5litelighet for forlenget utend\u00f8rsbruk.<\/p>\n","protected":false},"excerpt":{"rendered":"<p>Forvandl din dagsikting til et moderne termisk riflesiktemiddel med den eneste 640X512 Nocpix MATE H50R termiske monteringen &#8211; den beste frontalmonteringen for termiske siktemidler utviklet for profesjonelle jegere, viltobservat\u00f8rer og skyttere som krever presisjon.<\/p>\n<p>Om varen ikke er tilgjengelig, ta kontakt med oss: shop@nbg.eu eller +359896147790<\/p>\n","protected":false},"featured_media":686599,"template":"","meta":{"_acf_changed":false},"product_brand":[14450],"product_cat":[13282],"product_tag":[],"class_list":{"0":"post-686566","1":"product","2":"type-product","3":"status-publish","4":"has-post-thumbnail","6":"product_brand-nocpix","7":"product_cat-termisk","9":"first","10":"instock","11":"taxable","12":"shipping-taxable","13":"purchasable","14":"product-type-simple"},"acf":[],"_links":{"self":[{"href":"https:\/\/nbg.eu\/no\/wp-json\/wp\/v2\/product\/686566","targetHints":{"allow":["GET"]}}],"collection":[{"href":"https:\/\/nbg.eu\/no\/wp-json\/wp\/v2\/product"}],"about":[{"href":"https:\/\/nbg.eu\/no\/wp-json\/wp\/v2\/types\/product"}],"wp:featuredmedia":[{"embeddable":true,"href":"https:\/\/nbg.eu\/no\/wp-json\/wp\/v2\/media\/686599"}],"wp:attachment":[{"href":"https:\/\/nbg.eu\/no\/wp-json\/wp\/v2\/media?parent=686566"}],"wp:term":[{"taxonomy":"product_brand","embeddable":true,"href":"https:\/\/nbg.eu\/no\/wp-json\/wp\/v2\/product_brand?post=686566"},{"taxonomy":"product_cat","embeddable":true,"href":"https:\/\/nbg.eu\/no\/wp-json\/wp\/v2\/product_cat?post=686566"},{"taxonomy":"product_tag","embeddable":true,"href":"https:\/\/nbg.eu\/no\/wp-json\/wp\/v2\/product_tag?post=686566"}],"curies":[{"name":"wp","href":"https:\/\/api.w.org\/{rel}","templated":true}]}}