{"id":686693,"date":"2026-01-08T18:14:07","date_gmt":"2026-01-08T15:14:07","guid":{"rendered":"https:\/\/nbg.eu\/product\/termokamera-nocpix-ace-l35-sensor-384x288-35-mm-linse\/"},"modified":"2026-04-14T16:09:36","modified_gmt":"2026-04-14T13:09:36","slug":"termokamera-nocpix-ace-l35-sensor-384x288-35-mm-linse","status":"publish","type":"product","link":"https:\/\/nbg.eu\/no\/produkt\/termokamera-nocpix-ace-l35-sensor-384x288-35-mm-linse\/","title":{"rendered":"Nocpix Termisk Kamera ACE L35"},"content":{"rendered":"<h2>Nocpix ACE L35 Varmekamera<\/h2>\n<p>Nocpix ACE L35 er bygget rundt ideen om \u00e5 kombinere avanserte funksjoner som ettersp\u00f8rres av brukere, i et forenklet optikk som balanserer avanserte funksjoner med enkel bruk i felten. Utformet for \u00e5 f\u00f8les som et tradisjonelt dagsikteoptic, er ACE kompatibel med bolt-action- eller halvautomatiske rifler som bruker standard 30 mm-monteringer og ringer. Kombinasjonen av et internt USB-C-ladebart batteri og et avtakbart 18650-oppladbart batteri lar brukere bytte batterier underveis for ubegrenset driftstid. En 1x til 3x \u00f8yestykkeforst\u00f8rrer gir optisk forst\u00f8rrelse av den sirkul\u00e6re AMOLED-displayet p\u00e5 2560\u00d72560 inni \u00f8yestykket. Vision+-systemet kombinerer dette h\u00f8yoppl\u00f8selige displayet med en 18 mK NETD-sensor for utrolig detaljert og n\u00f8yaktig avbildning.<\/p>\n<p>Nocpix ACE L35 tilbyr et mer overkommelig alternativ i ACE-serien for jegere av rovdyr og vilt som ikke trenger en laserm\u00e5ler eller sensor med h\u00f8yere oppl\u00f8sning. Med en ekstremt rimelig pris beholder ACE L35 alle de andre funksjonene i ACE-serien av termiske riflesikter.<\/p>\n<p>Et optisk \u00f8yestykkeforst\u00f8rrer med 1-3x forst\u00f8rrelse gir ytterligere forst\u00f8rrelse av displayet uten \u00e5 endre skalaen eller den digitale zoomen. Et h\u00f8ykontrastert sirkul\u00e6rt AMOLED-display med en oppl\u00f8sning p\u00e5 2560\u00d72560 gir \u00f8kt klarhet og detalj. Forenklede kontroller gir bedre ergonomi og en bedre brukeropplevelse i felten. Den bruker vanlige 18650 oppladbare batterier. Ballistikkkalkulatorfeatures viser kulenes dr\u00e5peverdier basert p\u00e5 inndata fra laserm\u00e5leren og en brukertilpasset patronprofil. Lad gjennom enheten med en spesialdesignet l\u00e5sbar USB-C-port.<\/p>\n","protected":false},"excerpt":{"rendered":"<p>Nocpix ACE L35 varmekameraet har en sensor p\u00e5 384&#215;288, 35mm linse, 4x digital zoom og 60Hz bildefrekvens, med en deteksjonsrekkevidde p\u00e5 1970 yard.<\/p>\n<p>Hvis varen ikke er tilgjengelig, vennligst kontakt oss: shop@nbg.eu eller +359896147790<\/p>\n","protected":false},"featured_media":686791,"template":"","meta":{"_acf_changed":false},"product_brand":[14450],"product_cat":[16090],"product_tag":[],"class_list":{"0":"post-686693","1":"product","2":"type-product","3":"status-publish","4":"has-post-thumbnail","6":"product_brand-nocpix","7":"product_cat-thermal-cameras-no","9":"first","10":"instock","11":"taxable","12":"shipping-taxable","13":"purchasable","14":"product-type-simple"},"acf":[],"_links":{"self":[{"href":"https:\/\/nbg.eu\/no\/wp-json\/wp\/v2\/product\/686693","targetHints":{"allow":["GET"]}}],"collection":[{"href":"https:\/\/nbg.eu\/no\/wp-json\/wp\/v2\/product"}],"about":[{"href":"https:\/\/nbg.eu\/no\/wp-json\/wp\/v2\/types\/product"}],"wp:featuredmedia":[{"embeddable":true,"href":"https:\/\/nbg.eu\/no\/wp-json\/wp\/v2\/media\/686791"}],"wp:attachment":[{"href":"https:\/\/nbg.eu\/no\/wp-json\/wp\/v2\/media?parent=686693"}],"wp:term":[{"taxonomy":"product_brand","embeddable":true,"href":"https:\/\/nbg.eu\/no\/wp-json\/wp\/v2\/product_brand?post=686693"},{"taxonomy":"product_cat","embeddable":true,"href":"https:\/\/nbg.eu\/no\/wp-json\/wp\/v2\/product_cat?post=686693"},{"taxonomy":"product_tag","embeddable":true,"href":"https:\/\/nbg.eu\/no\/wp-json\/wp\/v2\/product_tag?post=686693"}],"curies":[{"name":"wp","href":"https:\/\/api.w.org\/{rel}","templated":true}]}}