{"id":686832,"date":"2026-01-08T18:13:27","date_gmt":"2026-01-08T15:13:27","guid":{"rendered":"https:\/\/nbg.eu\/product\/varmekamera-nocpix-ace-h50r-12um-640x512-zeiss-rail\/"},"modified":"2026-04-14T17:19:35","modified_gmt":"2026-04-14T14:19:35","slug":"varmekamera-nocpix-ace-h50r-12um-640x512-zeiss-rail","status":"publish","type":"product","link":"https:\/\/nbg.eu\/no\/produkt\/varmekamera-nocpix-ace-h50r-12um-640x512-zeiss-rail\/","title":{"rendered":"Nocpix Termisk Kamera ACE H50R ZEISS RAIL"},"content":{"rendered":"<h2>Nocpix ACE H50R Termisk Rifletutkikker: Uovertruffen Jaktn\u00f8yaktighet og Klarhet<\/h2>\n<p>Nocpix ACE H50R termisk rifletutkikker kombinerer avansert teknologi med robust holdbarhet for en uovertruffen jaktopplevelse. Den har en termal sensor med 640&#215;512 oppl\u00f8sning og \u226412mK NETD for utmerket bildekvalitet, en registreringsrekkevidde p\u00e5 3100 meter og en integrert laserdistansem\u00e5ler for n\u00f8yaktige m\u00e5linger opptil 1200 meter. Det innovative Vision+ -systemet tilbyr okular forst\u00f8rrelse for klare n\u00e6rbilde, mens et dobbelt batterisystem sikrer langvarig bruk. Laget av h\u00f8yfast aluminiumslegering og klassifisert som IP67, er denne rifletutkikkeren utviklet for \u00e5 prestere i ethvert utend\u00f8rsmilj\u00f8 og tilpasse seg enhver situasjon.<\/p>\n<p>Nocpix ACE H50 termisk rifletutkikker er et toppmoderne verkt\u00f8y utformet for \u00e5 omdefinere jaktopplevelsen, enten du navigerer i m\u00f8rk natt eller leter etter bytte gjennom utfordrende terreng. Som en del av Nocpix&#8217; flaggskip-serien ACE, skiller denne termiske optiske tutkikkeren seg ut for sin overlegne bildekvalitet og presisjon, takket v\u00e6re den egenutviklede h\u00f8yoppl\u00f8selige termiske sensoren og de avanserte Reality+ og Vision+ -systemene.<\/p>\n<p>I hjertet av Nocpix ACE H50R er dens Gen-2 HD termal sensor, som har en oppl\u00f8sning p\u00e5 640&#215;512 og en bildehastighet p\u00e5 60Hz, noe som gir utrolig stabil ytelse. Med en NETD p\u00e5 \u226412mK registrerer denne tutkikkeren selv de minste temperaturforskjellene, og gir detaljerte og jevne termiske bilder, ideelle for sporing av hurtigbevegende m\u00e5l i sanntid. Den avanserte Reality+ bildebehandlingsalgoritmen forbedrer dette ytterligere ved \u00e5 eliminere st\u00f8y fra omgivelsestemperatur, og gir bedre kontrast og klarhet selv under krevende jaktforhold.<\/p>\n<p>ACE H50R er utstyrt med et 50mm\/F0.9 objektiv som tillater 20% mer lys \u00e5 n\u00e5 sensoren, noe som skaper lysere og klarere bilder. Dette er avgj\u00f8rende for jegere som streber etter presisjon, da den forbedrede lysstyrken gir bedre sikt i svakt lys. I tillegg setter ACE rekkevidderekkeevnen p\u00e5 3100 meter den i en s\u00e6rstilling, og gj\u00f8r identifisering og sporing av fjerne m\u00e5l lettere og mer effektiv enn noensinne.<\/p>\n<p>Det integrerte Vision+ -systemet forbedrer seeropplevelsen med et 1.03-toms sirkul\u00e6rt AMOLED-display med en oppl\u00f8sning p\u00e5 2560&#215;2560. Dens optiske zoomfunksjon, utformet for \u00e5 unng\u00e5 uklarhet og forvrenging som vanligvis er assosiert med tradisjonelle elektroniske zoomer, sikrer at jegere kan nyte klare, h\u00f8yoppl\u00f8selige n\u00e6rbilde uten \u00e5 miste detaljer. Dette gir en dykkende, komfortabel seeropplevelse, enten du spotter bytte p\u00e5 avstand eller zoomer inn for presisjonsretting.<\/p>\n<p>Konstruert for utvidet bruk i felten har ACE et dobbelt batterisystem med et innebygd 4000mAh batteri og et ekstra avtakbart 18650-batteri, noe som muliggj\u00f8r uavbrutt drift under lange jakt\u00f8kter. Det solide designet, laget av h\u00f8yfast aluminiumslegering, sikrer at ACE t\u00e5ler t\u00f8ffe utend\u00f8rsmilj\u00f8er og tung bruk, etter \u00e5 ha best\u00e5tt strenge st\u00f8ttmotstandstester. Med en IP67 vanntettingsklassifisering forblir tutkikkeren p\u00e5litelig i vanskelige v\u00e6rforhold, og gir jegere fred i sinnet uavhengig av milj\u00f8et.<\/p>\n<p>Utviklet med jegere i tankene inkluderer Nocpix ACE H50R viktige funksjoner som rekkopl\u00f8st video-opptak og en lukkerl\u00f8s design for enkel betjening i felten. Med brukervenlige tillegg som fokusjusteringsfunksjon, ladedeksel og muligheten til \u00e5 spille av videoer direkte via gallerifunksjonen, kombinerer denne tutkikkeren h\u00f8y ytelse med praktiske l\u00f8sninger for en optimal jaktopplevelse.<\/p>\n","protected":false},"excerpt":{"rendered":"<p>Den Nocpix ACE H50R termalrikkesikkopet kombinerer den avanserte 640&#215;512 12um sensoren, 3100m deteksjon, og integrert LRF for uovertruffen jakt.<br \/>\nHvis varen ikke er tilgjengelig, ta kontakt med oss: shop@nbg.eu eller +359896147790<\/p>\n","protected":false},"featured_media":686948,"template":"","meta":{"_acf_changed":false},"product_brand":[14450],"product_cat":[16090],"product_tag":[],"class_list":{"0":"post-686832","1":"product","2":"type-product","3":"status-publish","4":"has-post-thumbnail","6":"product_brand-nocpix","7":"product_cat-thermal-cameras-no","9":"first","10":"instock","11":"taxable","12":"shipping-taxable","13":"purchasable","14":"product-type-simple"},"acf":[],"_links":{"self":[{"href":"https:\/\/nbg.eu\/no\/wp-json\/wp\/v2\/product\/686832","targetHints":{"allow":["GET"]}}],"collection":[{"href":"https:\/\/nbg.eu\/no\/wp-json\/wp\/v2\/product"}],"about":[{"href":"https:\/\/nbg.eu\/no\/wp-json\/wp\/v2\/types\/product"}],"wp:featuredmedia":[{"embeddable":true,"href":"https:\/\/nbg.eu\/no\/wp-json\/wp\/v2\/media\/686948"}],"wp:attachment":[{"href":"https:\/\/nbg.eu\/no\/wp-json\/wp\/v2\/media?parent=686832"}],"wp:term":[{"taxonomy":"product_brand","embeddable":true,"href":"https:\/\/nbg.eu\/no\/wp-json\/wp\/v2\/product_brand?post=686832"},{"taxonomy":"product_cat","embeddable":true,"href":"https:\/\/nbg.eu\/no\/wp-json\/wp\/v2\/product_cat?post=686832"},{"taxonomy":"product_tag","embeddable":true,"href":"https:\/\/nbg.eu\/no\/wp-json\/wp\/v2\/product_tag?post=686832"}],"curies":[{"name":"wp","href":"https:\/\/api.w.org\/{rel}","templated":true}]}}