{"id":686994,"date":"2025-12-18T18:25:22","date_gmt":"2025-12-18T15:25:22","guid":{"rendered":"https:\/\/nbg.eu\/product\/termisk-kamera-nocpix-bolt-l35r\/"},"modified":"2026-02-27T15:50:53","modified_gmt":"2026-02-27T12:50:53","slug":"termisk-kamera-nocpix-bolt-l35r","status":"publish","type":"product","link":"https:\/\/nbg.eu\/no\/produkt\/termisk-kamera-nocpix-bolt-l35r\/","title":{"rendered":"Termisk kamera Nocpix Bolt L35R"},"content":{"rendered":"<h2>Den perfekte start p\u00e5 nattjakten din: Nocpix Bolt L35R termokamera<\/h2>\n<p>Utviklet for nybegynnere som \u00f8nsker klarhet, alt-i-ett-bekvemmelighet og selvtillit fra f\u00f8rste stund, kombinerer Nocpix BOLT skarp varmebilde, innebygd avstandsm\u00e5ler og smarte ballistiske verkt\u00f8y i et kompakt og brukervennlig design \u2013 og gir nye jegere n\u00f8yaktig det de trenger for \u00e5 jakte smart og skyte selvsikkert.<\/p>\n<h2>Se tydelig, identifiser n\u00f8yaktig<\/h2>\n<p>Utydelige bilder og vanskelige \u00e5 se m\u00e5l er et vanlig problem for nye brukere av termiske kikkerthikkerter, spesielt i m\u00f8rket. Derfor er BOLT utstyrt med en selvutviklet varmesensor med \u226420mK NETD og en h\u00f8y bildefrekvens p\u00e5 50Hz, noe som gir deg jevne, h\u00f8yoppl\u00f8selige bilder selv under vanskelige forhold. Drevet av v\u00e5r Reality+ bildealgoritme kutter BOLT gjennom t\u00e5ke, busker og m\u00f8rke for \u00e5 gi skarp visualisering og p\u00e5litelig m\u00e5lidentifisering.<\/p>\n<h2>Bli lett, forbli fokusert<\/h2>\n<p>Som ny jeger, spesielt n\u00e5r du fremdeles vender deg til \u00e5 bevege deg stille og forbli fokusert. Derfor holder Nocpix BOLT det enkelt. Med en vekt p\u00e5 bare 880 gram og et kompakt, str\u00f8mlinjeformet design er det enkelt \u00e5 b\u00e6re, montere og betjene, selv p\u00e5 lange jakt\u00f8kter.<\/p>\n<h2>Kjenn rekkevidden, jakt med selvtillit<\/h2>\n<p>For nye jegere kan det v\u00e6re vanskelig \u00e5 bed\u00f8mme avstanden, og bom kan ryste deres selvtillit. BOLT tar stresset ut av skytingen med en innebygd 1 200 meters laserfinner og intelligent ballistisk kalkulator. Du f\u00e5r presise avstandsavlesninger og \u00f8yeblikkelig retningsst\u00f8tte som hjelper deg \u00e5 plassere hvert skudd n\u00f8yaktig der det teller. Fra din f\u00f8rste jakt fremover gir BOLT nybegynnere den fordelen de trenger for \u00e5 skyte smartere og mer konsekvent.<\/p>\n<h2>Jakt hele dagen uten bekymring for str\u00f8m<\/h2>\n<p>\u00c5 g\u00e5 tom for batteri under jakten er et mareritt for enhver ny jeger. Derfor er BOLT designet med et dobbeltutstyrt batterisystem \u2013 et langvarig 5000mAh innebygd batteri pluss et avtakbart 18650 reservebatteri. Med en total kapasitet p\u00e5 9000mAh f\u00e5r du opptil 12 timer kontinuerlig bruk. Ingen stress, ingen avbrudd \u2013 bare kraft som er med deg, fra soloppgang til solnedgang.<\/p>\n<h2>Smart utstyr, engasjert jakt<\/h2>\n<p>For nybegynnere kan det v\u00e6re vanskelig \u00e5 bli vant til nytt utstyr. BOLT gj\u00f8r prosessen enkel med tilpassbare retikler, justerbare skytteinnstillinger og syv fargepaletter som passer ulike milj\u00f8er. Dessuten lar s\u00f8ml\u00f8s app-tilkobling deg tilpasse oppsettet ditt og dele opplevelsene dine, noe som gj\u00f8r hver jakt ikke bare smartere, men ogs\u00e5 morsommere og mer givende.<\/p>\n<h2>Robust design, p\u00e5litelig ytelse<\/h2>\n<p>N\u00e5r du er helt i begynnelsen, er det siste du \u00f8nsker \u00e5 bekymre deg for at utstyret ditt g\u00e5r i stykker ute i felten. BOLT er bygd solid med et robust, enhetlig aluminiumskropp og IP67-st\u00f8v- og vanntetthet. Den er testet for \u00e5 t\u00e5le fall og h\u00f8y rekyl, slik at den forblir p\u00e5litelig og n\u00f8yaktig uavhengig av hvor t\u00f8ffe forholdene er.<\/p>\n","protected":false},"excerpt":{"rendered":"<p>Termisk kamera Nocpix Bolt L35R tilbyr skarp termisk bildedannelse, innebygd avstandsm\u00e5ler og smarte ballistiske verkt\u00f8y i et kompakt, brukervennlig design for nye nattjegere.<\/p>\n<p>Hvis varen ikke er tilgjengelig, vennligst kontakt oss: shop@nbg.eu eller +359896147790<\/p>\n","protected":false},"featured_media":687406,"template":"","meta":{"_acf_changed":false},"product_brand":[14450],"product_cat":[2876],"product_tag":[],"class_list":{"0":"post-686994","1":"product","2":"type-product","3":"status-publish","4":"has-post-thumbnail","6":"product_brand-nocpix","7":"product_cat-rahohvatki","9":"first","10":"instock","11":"taxable","12":"shipping-taxable","13":"purchasable","14":"product-type-simple"},"acf":[],"_links":{"self":[{"href":"https:\/\/nbg.eu\/no\/wp-json\/wp\/v2\/product\/686994","targetHints":{"allow":["GET"]}}],"collection":[{"href":"https:\/\/nbg.eu\/no\/wp-json\/wp\/v2\/product"}],"about":[{"href":"https:\/\/nbg.eu\/no\/wp-json\/wp\/v2\/types\/product"}],"wp:featuredmedia":[{"embeddable":true,"href":"https:\/\/nbg.eu\/no\/wp-json\/wp\/v2\/media\/687406"}],"wp:attachment":[{"href":"https:\/\/nbg.eu\/no\/wp-json\/wp\/v2\/media?parent=686994"}],"wp:term":[{"taxonomy":"product_brand","embeddable":true,"href":"https:\/\/nbg.eu\/no\/wp-json\/wp\/v2\/product_brand?post=686994"},{"taxonomy":"product_cat","embeddable":true,"href":"https:\/\/nbg.eu\/no\/wp-json\/wp\/v2\/product_cat?post=686994"},{"taxonomy":"product_tag","embeddable":true,"href":"https:\/\/nbg.eu\/no\/wp-json\/wp\/v2\/product_tag?post=686994"}],"curies":[{"name":"wp","href":"https:\/\/api.w.org\/{rel}","templated":true}]}}