{"id":68746,"date":"2023-11-26T20:00:44","date_gmt":"2023-11-26T20:00:44","guid":{"rendered":"https:\/\/nbg.eu\/product\/geissele-super-duty-mod1-rifle-16-5-56mm-ddc\/"},"modified":"2026-04-22T12:26:02","modified_gmt":"2026-04-22T09:26:02","slug":"geissele-super-duty-rifle-16-556mm-ddc","status":"publish","type":"product","link":"https:\/\/nbg.eu\/no\/produkt\/geissele-super-duty-rifle-16-556mm-ddc\/","title":{"rendered":"Geissele Halvautomatisk Karabin Super Duty 16&#8243; 5.56MM &#8211; DDC"},"content":{"rendered":"<h2>Geissele Super Duty Rifle &#8211; 16&#8243; 5,56mm<\/h2>\n<p>Geissele Super Duty er et 16&#8243; v\u00e5pen i 5,56 NATO som kombinerer moderne teknologi med h\u00e5ndverk.<\/p>\n<h2>Hovedfunksjoner:<\/h2>\n<ul>\n<li>16&#8243; kaldhamret, kromforet l\u00f8p (1:7&#8243; vridning)<\/li>\n<li>Produsert i Geisseles anlegg i North Wales, PA<\/li>\n<li>Karabinlengde gassystem med kompakt gassblokk<\/li>\n<li>15&#8243; SMR MK16 modul\u00e6r skinne med M-LOK-kompatibilitet<\/li>\n<li>7075-T6 aluminiums nedre mottaker med Ultra Duty-delsett<\/li>\n<li>Ambidekstr\u00f8s sikring<\/li>\n<li>Super-42 aksjonfj\u00e6r og H3-buffer<\/li>\n<\/ul>\n<h2>Spesifikasjoner:<\/h2>\n<ul>\n<li>Kaliber: 5,56 NATO<\/li>\n<li>L\u00f8p: Geissele kaldhamret, kromforet, 1\/7 vridning<\/li>\n<li>Mottakere: Smidd 7075-T6, Hardcoat anodisert type III<\/li>\n<li>Sluttstykke: REBCG (Forbedret p\u00e5litelighet sluttstykkegruppe)<\/li>\n<li>Avtrekker: SSA-X med Lightning Bow<\/li>\n<li>Munningsenhet: Geissele Sparkout flammedemper<\/li>\n<li>Ladeh\u00e5ndtak: Airborne<\/li>\n<li>Farge: DDC (\u00d8rkenfarget)*<\/li>\n<\/ul>\n<p><em>*Merk: DDC-anodisering kan variere i nyanse<\/em><\/p>\n<p>Geissele Super Duty Rifle er et kompakt v\u00e5pen med fokus p\u00e5 presisjon og p\u00e5litelighet.<\/p>\n","protected":false},"excerpt":{"rendered":"<p>Geissele Super Duty: 16&#8243; 5,56mm, avansert teknologi, presisjonsbygget.<\/p>\n","protected":false},"featured_media":68747,"template":"","meta":{"_acf_changed":false},"product_brand":[11384],"product_cat":[16200,13243,13311,15828],"product_tag":[],"class_list":{"0":"post-68746","1":"product","2":"type-product","3":"status-publish","4":"has-post-thumbnail","6":"product_brand-geissele","7":"product_cat-ar-15-rifles-no","8":"product_cat-karbiner","9":"product_cat-rifle","10":"product_cat-semi-automatic-rifles-no","12":"first","13":"instock","14":"taxable","15":"shipping-taxable","16":"product-type-simple"},"acf":[],"_links":{"self":[{"href":"https:\/\/nbg.eu\/no\/wp-json\/wp\/v2\/product\/68746","targetHints":{"allow":["GET"]}}],"collection":[{"href":"https:\/\/nbg.eu\/no\/wp-json\/wp\/v2\/product"}],"about":[{"href":"https:\/\/nbg.eu\/no\/wp-json\/wp\/v2\/types\/product"}],"wp:featuredmedia":[{"embeddable":true,"href":"https:\/\/nbg.eu\/no\/wp-json\/wp\/v2\/media\/68747"}],"wp:attachment":[{"href":"https:\/\/nbg.eu\/no\/wp-json\/wp\/v2\/media?parent=68746"}],"wp:term":[{"taxonomy":"product_brand","embeddable":true,"href":"https:\/\/nbg.eu\/no\/wp-json\/wp\/v2\/product_brand?post=68746"},{"taxonomy":"product_cat","embeddable":true,"href":"https:\/\/nbg.eu\/no\/wp-json\/wp\/v2\/product_cat?post=68746"},{"taxonomy":"product_tag","embeddable":true,"href":"https:\/\/nbg.eu\/no\/wp-json\/wp\/v2\/product_tag?post=68746"}],"curies":[{"name":"wp","href":"https:\/\/api.w.org\/{rel}","templated":true}]}}