{"id":687705,"date":"2026-01-08T18:14:10","date_gmt":"2026-01-08T15:14:10","guid":{"rendered":"https:\/\/nbg.eu\/product\/termisk-monokulaer-lumi-h35\/"},"modified":"2026-04-14T16:09:33","modified_gmt":"2026-04-14T13:09:33","slug":"termisk-monokulaer-lumi-h35","status":"publish","type":"product","link":"https:\/\/nbg.eu\/no\/produkt\/termisk-monokulaer-lumi-h35\/","title":{"rendered":"Nocpix Termisk Monokular LUMI H35"},"content":{"rendered":"<h2>Nocpix LUMI H35: Din uunnv\u00e6rlige ledsager for alle anvendelser<\/h2>\n<p>LUMI-serien med termiske bildeforsterkere er utformet for b\u00e5de dag- og nattbruk og gir deg overlegen bildekvalitet selv under vanskelige v\u00e6rforhold som t\u00e5ke, smog eller regn. Selv n\u00e5r hindringer som greiner, h\u00f8yt gress eller tett vegetasjon gj\u00f8r det vanskelig \u00e5 se, lar denne teknologien deg alltid se tydelig hva som er foran deg. De er ogs\u00e5 s\u00e5 kompakte og lette at du enkelt kan ta dem med deg overalt.<\/p>\n<p>LUMI-termokameraer er perfekte for en rekke anvendelser som jakt, overv\u00e5king, sikkerhet, terrengorientering eller s\u00f8k- og redningsaksjoner.<\/p>\n<h2>Uovertruffen bildeytelse for knivskarp bildekvalitet<\/h2>\n<p>LUMI-serien setter nye standarder n\u00e5r det gjelder bildekvalitet. Utstyrt med de mest avanserte bildealgoritmene og en kraftig termisk sensor med NETD &lt; 18 mK, leverer kameraet knivskarp og realistiske bilder. AMOLED-skjermen med en oppl\u00f8sning p\u00e5 1024 x 768 piksler s\u00f8rger for en eksepsjonell bildepresentasjon, mens Ultra Clear-modus ytterligere optimaliserer bildeskarphet, s\u00e6rlig under vanskelige v\u00e6rforhold.<\/p>\n<h2>Personlig visningsopplevelse \u2013 tilpass enheten perfekt<\/h2>\n<p>Takket v\u00e6re den store 640 x 512 px-sensoren og et utvalg av justeringsmuligheter, kan du tilpasse enheten n\u00f8yaktig til dine behov. Velg mellom 5 fargemodi og optimaliser synet ditt med 10 niv\u00e5er av lysstyrke, skarphet og kontrast &#8211; slik at ingen detalj g\u00e5r up\u00e5aktet hen.<\/p>\n<h2>\u00c5 dele opplevelser er enkelt med LUMI<\/h2>\n<p>For den moderne jegeren er det viktig \u00e5 fange spesielle \u00f8yeblikk. Med Nocpix LUMI H35 kan du ikke bare enkelt dele opptak dine via appen, men ogs\u00e5 spille dem av direkte p\u00e5 enheten &#8211; perfekt for umiddelbart \u00e5 dele opplevelsene dine med andre.<\/p>\n<h2>Fleksibel bruk takket v\u00e6re det utskiftbare batterisystemet<\/h2>\n<p>LUMI-serien er utstyrt med standard 18650-batterier, som gir deg maksimal fleksibilitet. Uansett hvor du befinner deg, vil du med den medf\u00f8lgende batteriladerraskelig v\u00e6re klar for aksjon igjen &#8211; og du kan fortsette oppdraget ditt.<\/p>\n","protected":false},"excerpt":{"rendered":"<p>Nocpix LUMI H35: Din uunnv\u00e6rlige f\u00f8lgesvenn for alle applikasjoner. 640-sensor med 18 mK, AMOLED-skjerm med 1024 \u00d7 768 piksler, avtakbart 18650-batteri, deteksjonsrekkevidde p\u00e5 rundt 1800 meter, kompakt design.<\/p>\n<p>Hvis varen ikke er tilgjengelig, vennligst kontakt oss: shop@nbg.eu eller +359896147790<\/p>\n","protected":false},"featured_media":687750,"template":"","meta":{"_acf_changed":false},"product_brand":[14450],"product_cat":[16089,13282],"product_tag":[],"class_list":{"0":"post-687705","1":"product","2":"type-product","3":"status-publish","4":"has-post-thumbnail","6":"product_brand-nocpix","7":"product_cat-monoculars-no","8":"product_cat-termisk","10":"first","11":"instock","12":"taxable","13":"shipping-taxable","14":"purchasable","15":"product-type-simple"},"acf":[],"_links":{"self":[{"href":"https:\/\/nbg.eu\/no\/wp-json\/wp\/v2\/product\/687705","targetHints":{"allow":["GET"]}}],"collection":[{"href":"https:\/\/nbg.eu\/no\/wp-json\/wp\/v2\/product"}],"about":[{"href":"https:\/\/nbg.eu\/no\/wp-json\/wp\/v2\/types\/product"}],"wp:featuredmedia":[{"embeddable":true,"href":"https:\/\/nbg.eu\/no\/wp-json\/wp\/v2\/media\/687750"}],"wp:attachment":[{"href":"https:\/\/nbg.eu\/no\/wp-json\/wp\/v2\/media?parent=687705"}],"wp:term":[{"taxonomy":"product_brand","embeddable":true,"href":"https:\/\/nbg.eu\/no\/wp-json\/wp\/v2\/product_brand?post=687705"},{"taxonomy":"product_cat","embeddable":true,"href":"https:\/\/nbg.eu\/no\/wp-json\/wp\/v2\/product_cat?post=687705"},{"taxonomy":"product_tag","embeddable":true,"href":"https:\/\/nbg.eu\/no\/wp-json\/wp\/v2\/product_tag?post=687705"}],"curies":[{"name":"wp","href":"https:\/\/api.w.org\/{rel}","templated":true}]}}