{"id":687810,"date":"2026-01-08T18:13:58","date_gmt":"2026-01-08T15:13:58","guid":{"rendered":"https:\/\/nbg.eu\/product\/termisk-kamera-ace-s60r\/"},"modified":"2026-04-14T16:09:39","modified_gmt":"2026-04-14T13:09:39","slug":"termisk-kamera-ace-s60r","status":"publish","type":"product","link":"https:\/\/nbg.eu\/no\/produkt\/termisk-kamera-ace-s60r\/","title":{"rendered":"Nocpix Termisk Kamera ACE S60R"},"content":{"rendered":"<h2>Produktbeskrivelse<\/h2>\n<p>Nocpix ACE S60R Termisk Sikteapparat er et nytt og banebrytenende verkt\u00f8y designet for elitejegere som krever toppytelse i de mest utfordrende milj\u00f8er. Med sin avanserte teknologi og robuste konstruksjon er dette ledende termiske siktet designet for \u00e5 hjelpe deg \u00e5 beherske natten og temme viltet. Enten du scanner etter bytte p\u00e5 lange avstander eller sporer raskt bevegelige m\u00e5l, tilbyr ACE S60R overlegen klarhet, presisjon og p\u00e5litelighet.<\/p>\n<p>I hjertet av dette eksepsjonelle siktet er en Gen-2 HD termisk sensor med en imponerende oppl\u00f8sning p\u00e5 1280&#215;1024 og en ultraf\u00f8lsom NETD p\u00e5 \u226415 mK. Denne neste generasjons sensor lar ACE S60R oppdage selv de minste endringer i temperatur, og gir klare, detaljerte termiske bilder i sanntid. Med en bildefrekvens p\u00e5 50 Hz leverer siktet s\u00f8ml\u00f8se visuelle opplevelser som holder tritt med m\u00e5lhastigheten, noe som lar deg l\u00e5se p\u00e5 m\u00e5let med uovertruffen presisjon.<\/p>\n<p>Nocpix ACE S60R har ogs\u00e5 et 60 mm\/F1.0 objektiv som samler inn 20% mer lys enn standard sikter, noe som gir deg lysere og klarere bilder selv i de m\u00f8rkeste forholdene. Dens overlegen langdistansedeteksjon p\u00e5 opptil 3100 meter lar deg enkelt identifisere og spore fjerne m\u00e5l, noe som gir deg et kritisk fortrinn for jakt og skyting p\u00e5 lang avstand. Kombinert med Nocpix&#8217; propriet\u00e6re Reality+ bildeprosesseringsalgoritme, reduserer ACE S60R effektivt omgivende st\u00f8y og leverer skarpe, h\u00f8ykontrastbilder hver gang.<\/p>\n<p>For de som \u00f8nsker enda mer visuell klarhet, er ACE S60R utstyrt med det innovative Vision+-systemet. Den runde 1,03 tommer 2560&#215;2560 AMOLED-skjermen, kombinert med bransjens ledende okul\u00e6rforst\u00f8rrelse, gir uovertruffen optisk forst\u00f8rrelse uten utvisking eller forvrengning som vanligvis er forbundet med elektronisk zoom. Denne banebrytemde teknologien sikrer at du nyter en krystallklar visning og et bredt synsfelt, uansett om du n\u00e6rmer deg m\u00e5let eller scanner omgivelsene.<\/p>\n<p>Presisjon er n\u00f8kkelen n\u00e5r det gjelder jakt, og ACE S60R skuffer ikke. Dens integrerte laserfavfinningsm\u00e5ler (LRF) gir n\u00f8yaktige m\u00e5linger opptil 1200 meter unna. LRF-en er s\u00f8ml\u00f8st integrert i det slanke designet og opprettholder sann optisk aksejustering, samtidig som den lar deg beregne n\u00f8yaktige avstander uten \u00e5 forstyrre fokuset. Og med integrert ballistisk beregningsfunksjonalitet sikrer ACE S60R at skuddene dine er presise, og tar hensyn til alle faktorer for feilfri n\u00f8yaktighet.<\/p>\n<p>Designet med jegere i tankene, har Nocpix ACE S60R ogs\u00e5 et dobbelt batterisystem med et innebygd 4000 mAh-batteri og et avtakbart 18650-batteri for utvidet bruk i felt. Ingen flere bekymringer for \u00e5 g\u00e5 tom for str\u00f8m midt i jakten &#8211; dette systemet er designet for \u00e5 vare s\u00e5 lenge som eventyret ditt. I tillegg gj\u00f8r funksjoner som automatisk skjermavsl\u00e5ing, vibrasjonsaktivert videopptak og et design uten deksler dette termiske siktet til et virkelig spill-forandrer i felt.<\/p>\n<p>Bygget for de t\u00f8ffeste utend\u00f8rsforholdene er ACE S60R laget av h\u00f8ystyrke aluminiumslegering, som er grundig testet for \u00e5 motst\u00e5 ekstrem st\u00f8t og t\u00f8ff bruk. Klassifisert som IP67 for vannresistens, fungerer den feilfritt i regn, st\u00f8v og krevende milj\u00f8er, og sikrer at siktet ditt er like holdbart som jaktinstinktene dine.<\/p>\n<p>Nocpix ACE S60R er mer enn bare et termisk sikteapparat &#8211; det er den ultimate jaktf\u00f8lgesvennen. Med avansert teknologi, eksepsjonell holdbarhet og en rekke avanserte funksjoner designet for \u00e5 forbedre jaktopplevelsen din, vil dette siktet redefinere hva du forventer av utstyret ditt. Gj\u00f8r deg klar til \u00e5 beherske natten.<\/p>\n","protected":false},"excerpt":{"rendered":"<p>Nocpix ACE S60R termisk kikkert er et grensesprengende verkt\u00f8y for elitejegere, som tilbyr overlegen klarhet, presisjon og p\u00e5litelighet i de mest krevende milj\u00f8er. Dens Gen-2 HD termiske sensor, 60mm\/F1.0-linse og det avanserte Vision+-systemet leverer eksepsjonell bildekvalitet, mens den integrerte laserm\u00e5leren, balistikkberegning og dobbelt batterisystem gir presisjon og forlenget bruk. Laget av holdbart aluminiumslegering og klassifisert IP67, er ACE S60R konstruert for \u00e5 t\u00e5le de t\u00f8ffeste forholdene.<\/p>\n","protected":false},"featured_media":687909,"template":"","meta":{"_acf_changed":false},"product_brand":[14450],"product_cat":[16090],"product_tag":[],"class_list":{"0":"post-687810","1":"product","2":"type-product","3":"status-publish","4":"has-post-thumbnail","6":"product_brand-nocpix","7":"product_cat-thermal-cameras-no","9":"first","10":"instock","11":"taxable","12":"shipping-taxable","13":"purchasable","14":"product-type-simple"},"acf":[],"_links":{"self":[{"href":"https:\/\/nbg.eu\/no\/wp-json\/wp\/v2\/product\/687810","targetHints":{"allow":["GET"]}}],"collection":[{"href":"https:\/\/nbg.eu\/no\/wp-json\/wp\/v2\/product"}],"about":[{"href":"https:\/\/nbg.eu\/no\/wp-json\/wp\/v2\/types\/product"}],"wp:featuredmedia":[{"embeddable":true,"href":"https:\/\/nbg.eu\/no\/wp-json\/wp\/v2\/media\/687909"}],"wp:attachment":[{"href":"https:\/\/nbg.eu\/no\/wp-json\/wp\/v2\/media?parent=687810"}],"wp:term":[{"taxonomy":"product_brand","embeddable":true,"href":"https:\/\/nbg.eu\/no\/wp-json\/wp\/v2\/product_brand?post=687810"},{"taxonomy":"product_cat","embeddable":true,"href":"https:\/\/nbg.eu\/no\/wp-json\/wp\/v2\/product_cat?post=687810"},{"taxonomy":"product_tag","embeddable":true,"href":"https:\/\/nbg.eu\/no\/wp-json\/wp\/v2\/product_tag?post=687810"}],"curies":[{"name":"wp","href":"https:\/\/api.w.org\/{rel}","templated":true}]}}