{"id":688038,"date":"2025-10-17T23:10:38","date_gmt":"2025-10-17T20:10:38","guid":{"rendered":"https:\/\/nbg.eu\/product\/halvautomatisk-pistol-kmr-w-02-spectra-s-kal-9x19\/"},"modified":"2026-04-16T18:12:56","modified_gmt":"2026-04-16T15:12:56","slug":"halvautomatisk-pistol-kmr-w-02-spectra-s-kal-9x19","status":"publish","type":"product","link":"https:\/\/nbg.eu\/no\/produkt\/halvautomatisk-pistol-kmr-w-02-spectra-s-kal-9x19\/","title":{"rendered":"KMR Halvautomatisk Pistol W-02 SPECTRA S"},"content":{"rendered":"<h2>KMR W-02 SPECTRA S OR Halvautomatisk pistol &#8211; 9&#215;19 kaliber<\/h2>\n<p>Hastighet kombinert med kompakthet. KMR W-02 SPECTRA S OR er en pistol med et mer kompakt design med redusert grepomr\u00e5de. Som med v\u00e5re andre modeller, kan du forvente h\u00f8y n\u00f8yaktighet og en myk, flytende drift med denne pistolen. Pistolen er utstyrt med BRS-system for l\u00f8pstabilisering, KMR-tilbeh\u00f8r, justerbart baksikte, konkurranse-hammer og optics ready-grensesnitt.<\/p>\n<p>Funksjoner:<\/p>\n<ul>\n<li>5&#8243; tung, rillet, nitrert l\u00f8p<\/li>\n<li>BRS \u2013 Barrel Ring System \u2013 L\u00f8pstabiliseringssystem i glidemekanismen<\/li>\n<li>Ramme og glidemekanisme av st\u00e5l, CNC-bearbeidet fra en solid emne<\/li>\n<li>Nitrert ramme og glidemekanisme \u2013 svart<\/li>\n<li>Rammen redusert i grepomr\u00e5det<\/li>\n<li>Optics Ready-grensesnitt (OR)<\/li>\n<li>Fiber-optisk frontkorn (1 mm)<\/li>\n<li>Fullt justerbart OR-baksikte<\/li>\n<li>SA\/DA avtrekksmekanisme<\/li>\n<li>St\u00e5lriflet SA\/DA-avtrekker med justerbar overreise \u2013 svart<\/li>\n<li>Kort tilbakestilling<\/li>\n<li>Konkurranse-hammer for SA\/DA<\/li>\n<li>Utvidet manuell sikring p\u00e5 venstre side<\/li>\n<li>Flat manuell sikring p\u00e5 h\u00f8yre side<\/li>\n<li>Duralumin WAVES-grepsplater \u2013 m\u00f8rk r\u00f8d<\/li>\n<li>Justerbar duralumin magasinl\u00e5s-knapp \u2013 svart<\/li>\n<li>Magasin 9\u00d719, 9\u00d721 med kapasitet p\u00e5 17 patroner<\/li>\n<li>Magasin \u2013 3x<\/li>\n<li>KMR pistolveske, rengj\u00f8ringssett, KMR-olje, monteringsverkt\u00f8y for l\u00f8p, hovedfj\u00e6r 14 lbs, rekylfj\u00e6rer 11 lbs, 13 lbs, buffersett, sekskantn\u00f8kler, l\u00e5setr\u00e5d, garantikort, brukermanual<\/li>\n<\/ul>\n<p>Spesifikasjoner:<\/p>\n<ul>\n<li>Kaliber: 9\u00d719, 9\u00d721<\/li>\n<li>Total lengde: 220 mm \/ 8,7 tommer<\/li>\n<li>L\u00f8pslengde: 194 mm \/ 7,6 tommer<\/li>\n<li>Total bredde: 39 mm \/ 1,5 tommer<\/li>\n<li>L\u00f8psbredde: 26 mm \/ 1 tomme<\/li>\n<li>Total h\u00f8yde: 146 mm \/ 5,7 tommer<\/li>\n<li>Sikte-linje: 177 mm \/ 7 tommer<\/li>\n<li>L\u00f8pslengde: 127 mm \/ 5 tommer<\/li>\n<li>Magasinkapasitet: 17<\/li>\n<li>Avtrekksmekanisme: SA \/ DA<\/li>\n<li>Avtrekksbelastning: 17,5 N \/ 45 N<\/li>\n<li>Rekylfj\u00e6r: 12 lbs<\/li>\n<li>Hovedfj\u00e6r: 17 lbs<\/li>\n<li>Vekt (uten magasin): 1230 g \/ 43,4 oz<\/li>\n<li>Vekt (med tomt magasin): 1320 g \/ 46,6 oz<\/li>\n<\/ul>\n","protected":false},"excerpt":{"rendered":"<p>Fart kombinert med kompakthet. KMR W-02 SPECTRA S OR er en pistol med et mer kompakt design med et redusert h\u00e5ndtak. Som med v\u00e5re andre modeller, kan du forvente h\u00f8y n\u00f8yaktighet og en myk, flytende drift med denne pistolen. Pistolen er utstyrt med BRS l\u00f8psstabiliseringssystem, KMR-tilbeh\u00f8r, fullt justerbart baksikte, konkurransehammer og optisk klar grensesnitt.<\/p>\n","protected":false},"featured_media":688125,"template":"","meta":{"_acf_changed":false},"product_brand":[11504],"product_cat":[13310],"product_tag":[],"class_list":{"0":"post-688038","1":"product","2":"type-product","3":"status-publish","4":"has-post-thumbnail","6":"product_brand-kmr-precision","7":"product_cat-pistoler","9":"first","10":"instock","11":"taxable","12":"shipping-taxable","13":"purchasable","14":"product-type-simple"},"acf":[],"_links":{"self":[{"href":"https:\/\/nbg.eu\/no\/wp-json\/wp\/v2\/product\/688038","targetHints":{"allow":["GET"]}}],"collection":[{"href":"https:\/\/nbg.eu\/no\/wp-json\/wp\/v2\/product"}],"about":[{"href":"https:\/\/nbg.eu\/no\/wp-json\/wp\/v2\/types\/product"}],"wp:featuredmedia":[{"embeddable":true,"href":"https:\/\/nbg.eu\/no\/wp-json\/wp\/v2\/media\/688125"}],"wp:attachment":[{"href":"https:\/\/nbg.eu\/no\/wp-json\/wp\/v2\/media?parent=688038"}],"wp:term":[{"taxonomy":"product_brand","embeddable":true,"href":"https:\/\/nbg.eu\/no\/wp-json\/wp\/v2\/product_brand?post=688038"},{"taxonomy":"product_cat","embeddable":true,"href":"https:\/\/nbg.eu\/no\/wp-json\/wp\/v2\/product_cat?post=688038"},{"taxonomy":"product_tag","embeddable":true,"href":"https:\/\/nbg.eu\/no\/wp-json\/wp\/v2\/product_tag?post=688038"}],"curies":[{"name":"wp","href":"https:\/\/api.w.org\/{rel}","templated":true}]}}