{"id":688795,"date":"2025-12-22T15:23:07","date_gmt":"2025-12-22T12:23:07","guid":{"rendered":"https:\/\/nbg.eu\/product\/hyllus-duffel-militaergronn-65-liter\/"},"modified":"2026-04-15T14:34:30","modified_gmt":"2026-04-15T11:34:30","slug":"hyllus-duffel-militaergronn-65-liter","status":"publish","type":"product","link":"https:\/\/nbg.eu\/no\/produkt\/hyllus-duffel-militaergronn-65-liter\/","title":{"rendered":"Eberlestock Duffelbag Hyllus &#8211; 65 Liter"},"content":{"rendered":"<h2>Hyllus Duffel- 65 liter<\/h2>\n<p>Hyllus Duffel er en vannavvisende og sv\u00e6rt holdbar duffelbag perfekt for \u00e5 samle utstyr i bilen eller i bagasjerommet. Gulvet og sideveggene er laget av 1000D TPU-belagt nylon, og toppen er laget av 500D TPU-belagt nylonripstop.<\/p>\n<p>Interne og eksterne glidel\u00e5slommer gj\u00f8r det enkelt og sikkert \u00e5 organisere sm\u00e5 gjenstander, samtidig som den store \u00e5pningen i hovedrommet gj\u00f8r at kl\u00e6r og st\u00f8rre gjenstander kan pakkes raskt. Hyllus har en nettingstropp for enkel festing til en teleskopisk koffertutrekksh\u00e5ndtak.<\/p>\n<h2>Dimensjoner<\/h2>\n<p>65L volum: 3966ci<br \/>\n65L vekt: 2,5 lb<br \/>\n65L dimensjoner: 11Hx27Lx13W<\/p>\n<h2>Funksjoner<\/h2>\n<p>Vannavvisende konstruksjon<br \/>\nStort hovedrom med glidel\u00e5slommer for organisering<br \/>\nEksterne glidel\u00e5slommer p\u00e5 begge sider og fronten<br \/>\nDuffelb\u00e6reh\u00e5ndtak<\/p>\n","protected":false},"excerpt":{"rendered":"<p>Hyllus-duffen \u2013 65 liter er en vannavst\u00f8tende, ekstremt slitesterk duffelbag med et volum p\u00e5 3966 kubikkfot og en vekt p\u00e5 2,5 pund.<\/p>\n","protected":false},"featured_media":688882,"template":"","meta":{"_acf_changed":false},"product_brand":[15155],"product_cat":[13251],"product_tag":[],"class_list":{"0":"post-688795","1":"product","2":"type-product","3":"status-publish","4":"has-post-thumbnail","6":"product_brand-eberlestock","7":"product_cat-skytebager","9":"first","10":"instock","11":"taxable","12":"shipping-taxable","13":"purchasable","14":"product-type-variable","15":"wvs-archive-product-wrapper"},"acf":[],"_links":{"self":[{"href":"https:\/\/nbg.eu\/no\/wp-json\/wp\/v2\/product\/688795","targetHints":{"allow":["GET"]}}],"collection":[{"href":"https:\/\/nbg.eu\/no\/wp-json\/wp\/v2\/product"}],"about":[{"href":"https:\/\/nbg.eu\/no\/wp-json\/wp\/v2\/types\/product"}],"wp:featuredmedia":[{"embeddable":true,"href":"https:\/\/nbg.eu\/no\/wp-json\/wp\/v2\/media\/688882"}],"wp:attachment":[{"href":"https:\/\/nbg.eu\/no\/wp-json\/wp\/v2\/media?parent=688795"}],"wp:term":[{"taxonomy":"product_brand","embeddable":true,"href":"https:\/\/nbg.eu\/no\/wp-json\/wp\/v2\/product_brand?post=688795"},{"taxonomy":"product_cat","embeddable":true,"href":"https:\/\/nbg.eu\/no\/wp-json\/wp\/v2\/product_cat?post=688795"},{"taxonomy":"product_tag","embeddable":true,"href":"https:\/\/nbg.eu\/no\/wp-json\/wp\/v2\/product_tag?post=688795"}],"curies":[{"name":"wp","href":"https:\/\/api.w.org\/{rel}","templated":true}]}}