{"id":688899,"date":"2025-12-22T15:33:09","date_gmt":"2025-12-22T12:33:09","guid":{"rendered":"https:\/\/nbg.eu\/product\/hyllus-duffel-military-green-45-liter\/"},"modified":"2026-04-15T14:34:26","modified_gmt":"2026-04-15T11:34:26","slug":"hyllus-duffel-military-green-45-liter","status":"publish","type":"product","link":"https:\/\/nbg.eu\/no\/produkt\/hyllus-duffel-military-green-45-liter\/","title":{"rendered":"Eberlestock Duffelbag Hyllus &#8211; 45 Liter"},"content":{"rendered":"<h2>Hyllus Duffel- 45 Liter<\/h2>\n<p>Hyllus Duffel er en vannavvisende og sv\u00e6rt slitesterk duffelbag perfekt for \u00e5 samle sammen utstyr i bilen eller i bagasjehylla.<\/p>\n<p>Bunnen og sideveggene har et 1000D TPU-belagt nylonstoff, og toppen er laget av 500D TPU-belagt nylonstoff med riftsikker konstruksjon. Interne og eksterne glidel\u00e5slommer gj\u00f8r det enkelt og sikkert \u00e5 organisere sm\u00e5 gjenstander, mens en stor \u00e5pning til hovedrommet gir rask plass for kl\u00e6r og store gjenstander. Hyllus har ogs\u00e5 en vevd rem for enkel festing til uttrekkbar bagasjeh\u00e5ndtak.<\/p>\n<h2>Dimensjoner<\/h2>\n<p>45L Volum: 2746ci<br \/>\n45L Vekt: 2Lb<br \/>\n45L M\u00e5l: 10Hx22Lx12W<\/p>\n<h2>Funksjoner<\/h2>\n<ul>\n<li>Vannavvisende konstruksjon<\/li>\n<li>Stort hovedrom med glidel\u00e5slommer for organisering innvendig<\/li>\n<li>Eksterne glidel\u00e5slommer p\u00e5 begge sider og foran<\/li>\n<li>B\u00e6reh\u00e5ndtak<\/li>\n<\/ul>\n","protected":false},"excerpt":{"rendered":"<p>Hyllus Duffel er en vannavst\u00f8tende, ekstremt robust 45L-veske perfekt for utstyr i pickupen eller i h\u00e5ndbagasjen.<\/p>\n","protected":false},"featured_media":705372,"template":"","meta":{"_acf_changed":false},"product_brand":[15155],"product_cat":[13251],"product_tag":[],"class_list":{"0":"post-688899","1":"product","2":"type-product","3":"status-publish","4":"has-post-thumbnail","6":"product_brand-eberlestock","7":"product_cat-skytebager","9":"first","10":"instock","11":"taxable","12":"shipping-taxable","13":"purchasable","14":"product-type-variable","15":"wvs-archive-product-wrapper"},"acf":[],"_links":{"self":[{"href":"https:\/\/nbg.eu\/no\/wp-json\/wp\/v2\/product\/688899","targetHints":{"allow":["GET"]}}],"collection":[{"href":"https:\/\/nbg.eu\/no\/wp-json\/wp\/v2\/product"}],"about":[{"href":"https:\/\/nbg.eu\/no\/wp-json\/wp\/v2\/types\/product"}],"wp:featuredmedia":[{"embeddable":true,"href":"https:\/\/nbg.eu\/no\/wp-json\/wp\/v2\/media\/705372"}],"wp:attachment":[{"href":"https:\/\/nbg.eu\/no\/wp-json\/wp\/v2\/media?parent=688899"}],"wp:term":[{"taxonomy":"product_brand","embeddable":true,"href":"https:\/\/nbg.eu\/no\/wp-json\/wp\/v2\/product_brand?post=688899"},{"taxonomy":"product_cat","embeddable":true,"href":"https:\/\/nbg.eu\/no\/wp-json\/wp\/v2\/product_cat?post=688899"},{"taxonomy":"product_tag","embeddable":true,"href":"https:\/\/nbg.eu\/no\/wp-json\/wp\/v2\/product_tag?post=688899"}],"curies":[{"name":"wp","href":"https:\/\/api.w.org\/{rel}","templated":true}]}}