{"id":689079,"date":"2025-03-06T13:06:02","date_gmt":"2025-03-06T10:06:02","guid":{"rendered":"https:\/\/nbg.eu\/product\/clawgear-m-lok-qd-mount\/"},"modified":"2026-05-13T15:10:02","modified_gmt":"2026-05-13T12:10:02","slug":"clawgear-m-lok-qd-mount","status":"publish","type":"product","link":"https:\/\/nbg.eu\/no\/produkt\/clawgear-m-lok-qd-mount\/","title":{"rendered":"Clawgear M-LOK QD Mount"},"content":{"rendered":"<h2>Clawgear M-LOK QD-feste: Sikker, snagfri selereim-feste<\/h2>\n<p>Hev opp skytev\u00e5penet ditt med Clawgear M-LOK QD-feste, utviklet for kompromissl\u00f8s ytelse og s\u00f8ml\u00f8s selereim-integrering. Laget av h\u00f8yfast aluminium og med en mil-spec anodetbelegg, gir dette lavprofilmontasjen utmerket holdbarhet og korrosjonsbestandighet, noe som sikrer langsiktig p\u00e5litelighet i felten.<\/p>\n<p>Den direkte M-LOK-tilkoblingen gir et trygt, snagfritt grensesnitt, mens anti-rotasjonsfunksjonen sikrer at selereimsvirvelen forblir fast p\u00e5 plass og forhindrer u\u00f8nsket bevegelse eller forskyvning. Kompatibel med alle standard QD-svivler, lar Clawgear M-LOK QD-feste rask og enkel festing og frakobling av selereim, noe som str\u00f8mlinjer overgangene og forbedrer skytteopplevelsen din som helhet.<\/p>\n<p>Enten du h\u00e5ndterer krevende taktiske scenarier eller drar ut p\u00e5 eventyr i naturen, er Clawgear M-LOK QD-feste den p\u00e5litelige og allsidige l\u00f8sningen for dine selereim-festebehov. Hev ytelsen til skytev\u00e5penet ditt med dette robuste og brukervennlige tilbeh\u00f8ret.<\/p>\n","protected":false},"excerpt":{"rendered":"<p>H\u00f8ystyrke-aluminiums M-LOK QD-montering med lavprofildesign og antirotasjons-design for robust stropp-feste uten klaring.<\/p>\n","protected":false},"featured_media":240602,"template":"","meta":{"_acf_changed":false},"product_brand":[11234],"product_cat":[13247,13311,13272],"product_tag":[],"class_list":{"0":"post-689079","1":"product","2":"type-product","3":"status-publish","4":"has-post-thumbnail","6":"product_brand-clawgear","7":"product_cat-baereremmer","8":"product_cat-rifle","9":"product_cat-rifle-tuning","11":"first","12":"outofstock","13":"taxable","14":"shipping-taxable","15":"purchasable","16":"product-type-simple"},"acf":[],"_links":{"self":[{"href":"https:\/\/nbg.eu\/no\/wp-json\/wp\/v2\/product\/689079","targetHints":{"allow":["GET"]}}],"collection":[{"href":"https:\/\/nbg.eu\/no\/wp-json\/wp\/v2\/product"}],"about":[{"href":"https:\/\/nbg.eu\/no\/wp-json\/wp\/v2\/types\/product"}],"wp:featuredmedia":[{"embeddable":true,"href":"https:\/\/nbg.eu\/no\/wp-json\/wp\/v2\/media\/240602"}],"wp:attachment":[{"href":"https:\/\/nbg.eu\/no\/wp-json\/wp\/v2\/media?parent=689079"}],"wp:term":[{"taxonomy":"product_brand","embeddable":true,"href":"https:\/\/nbg.eu\/no\/wp-json\/wp\/v2\/product_brand?post=689079"},{"taxonomy":"product_cat","embeddable":true,"href":"https:\/\/nbg.eu\/no\/wp-json\/wp\/v2\/product_cat?post=689079"},{"taxonomy":"product_tag","embeddable":true,"href":"https:\/\/nbg.eu\/no\/wp-json\/wp\/v2\/product_tag?post=689079"}],"curies":[{"name":"wp","href":"https:\/\/api.w.org\/{rel}","templated":true}]}}