{"id":689234,"date":"2024-08-18T11:35:41","date_gmt":"2024-08-18T08:35:41","guid":{"rendered":"https:\/\/nbg.eu\/product\/ejector-sa-da-kmr\/"},"modified":"2026-05-13T15:09:49","modified_gmt":"2026-05-13T12:09:49","slug":"ejector-sa-da-kmr","status":"publish","type":"product","link":"https:\/\/nbg.eu\/no\/produkt\/ejector-sa-da-kmr\/","title":{"rendered":"KMR Utkaster SA\/DA"},"content":{"rendered":"<h2>Ejector SA\/DA KMR for Weapons KMR<\/h2>\n<p>Ejector SA\/DA KMR er et allsidig og p\u00e5litelig tilbeh\u00f8r designet for bruk med ulike Weapons KMR-modeller. Den har en enkel-aksjon (SA) og dobbel-aksjon (DA) mekanisme, noe som gir brukerne \u00f8kt fleksibilitet og kontroll under bruk. Kompatibel med f\u00f8lgende modeller:<\/p>\n<ul>\n<li>KMR L-02 EMIQ<\/li>\n<li>KMR L-02 EMIQ (OR)<\/li>\n<li>KMR L-02 ORCA FRA 2024<\/li>\n<li>KMR L-02 ORCA TIL 2023<\/li>\n<li>KMR L-02 SPECTRA FRA 2024<\/li>\n<li>KMR L-02 SPECTRA TIL 2023<\/li>\n<li>KMR L-02 UMBRA (OR) SR<\/li>\n<li>KMR W-02 CUDA (OR)<\/li>\n<li>KMR W-02 UMBRA<\/li>\n<li>KMR W-02 UMBRA (OR)<\/li>\n<\/ul>\n<p>Referansenummer 1060-00701-0401<\/p>\n","protected":false},"excerpt":{"rendered":"<p>Ejector SA\/DA KMR &#8211; p\u00e5litelig og allsidig v\u00e5pentilbeh\u00f8r for KMR.<\/p>\n","protected":false},"featured_media":25689,"template":"","meta":{"_acf_changed":false},"product_brand":[11504],"product_cat":[13261],"product_tag":[],"class_list":{"0":"post-689234","1":"product","2":"type-product","3":"status-publish","4":"has-post-thumbnail","6":"product_brand-kmr-precision","7":"product_cat-kmr-deler","9":"first","10":"instock","11":"taxable","12":"shipping-taxable","13":"product-type-simple"},"acf":[],"_links":{"self":[{"href":"https:\/\/nbg.eu\/no\/wp-json\/wp\/v2\/product\/689234","targetHints":{"allow":["GET"]}}],"collection":[{"href":"https:\/\/nbg.eu\/no\/wp-json\/wp\/v2\/product"}],"about":[{"href":"https:\/\/nbg.eu\/no\/wp-json\/wp\/v2\/types\/product"}],"wp:featuredmedia":[{"embeddable":true,"href":"https:\/\/nbg.eu\/no\/wp-json\/wp\/v2\/media\/25689"}],"wp:attachment":[{"href":"https:\/\/nbg.eu\/no\/wp-json\/wp\/v2\/media?parent=689234"}],"wp:term":[{"taxonomy":"product_brand","embeddable":true,"href":"https:\/\/nbg.eu\/no\/wp-json\/wp\/v2\/product_brand?post=689234"},{"taxonomy":"product_cat","embeddable":true,"href":"https:\/\/nbg.eu\/no\/wp-json\/wp\/v2\/product_cat?post=689234"},{"taxonomy":"product_tag","embeddable":true,"href":"https:\/\/nbg.eu\/no\/wp-json\/wp\/v2\/product_tag?post=689234"}],"curies":[{"name":"wp","href":"https:\/\/api.w.org\/{rel}","templated":true}]}}