{"id":689403,"date":"2024-08-17T17:59:06","date_gmt":"2024-08-17T14:59:06","guid":{"rendered":"https:\/\/nbg.eu\/product\/extractor-spring-kmr-s\/"},"modified":"2026-05-13T16:02:41","modified_gmt":"2026-05-13T13:02:41","slug":"extractor-spring-kmr-s","status":"publish","type":"product","link":"https:\/\/nbg.eu\/no\/produkt\/extractor-spring-kmr-s\/","title":{"rendered":"KMR Uttrekkerfj\u00e6r S"},"content":{"rendered":"<h2>Ekstraktor fj\u00e6r KMR S: Presisjonskonstruert for optimal v\u00e5penytelse<\/h2>\n<p>Ekstratorfj\u00e6ren er en grundig utformet komponent konstruert for \u00e5 sikre utmerket ytelse og p\u00e5litelighet i en rekke KMR-v\u00e5pensystemer.<\/p>\n<p>Konstruert med tanke p\u00e5 presisjon og holdbarhet spiller denne fj\u00e6ren en avgj\u00f8rende rolle i den glatte og p\u00e5litelige driften av disse avanserte v\u00e5pensystemene.Dens n\u00f8ye kalibrerte design sikrer konsistent og p\u00e5litelig utl\u00f8sning, noe som lar brukere stole p\u00e5 utstyret i de mest krevende situasjoner.<\/p>\n<p>For v\u00e5pen KMR:<\/p>\n<p>KMR S-01 LANCE (OR)<\/p>\n<p>KMR S-02 10 (OR) SR ADA<\/p>\n<p>KMR S-02 75 (OR) SR ADA<\/p>\n<p>KMR S-02 FRA 2024<\/p>\n<p>KMR S-02 SH1 (OR) SR ADA<\/p>\n<p>KMR S-02 SH2 (OR) SR ADA<\/p>\n<p>KMR S-02 TS (OR) SR ADA<\/p>\n<p>KMR S-02 INNTIL 2023<\/p>\n","protected":false},"excerpt":{"rendered":"<p>Ekstraktorfj\u00e6r for forskjellige KMR-v\u00e5pen, kompatible fra 2024.<\/p>\n","protected":false},"featured_media":24760,"template":"","meta":{"_acf_changed":false},"product_brand":[11504],"product_cat":[13279,13261],"product_tag":[],"class_list":{"0":"post-689403","1":"product","2":"type-product","3":"status-publish","4":"has-post-thumbnail","6":"product_brand-kmr-precision","7":"product_cat-fjaerer","8":"product_cat-kmr-deler","10":"first","11":"instock","12":"taxable","13":"shipping-taxable","14":"product-type-simple"},"acf":[],"_links":{"self":[{"href":"https:\/\/nbg.eu\/no\/wp-json\/wp\/v2\/product\/689403","targetHints":{"allow":["GET"]}}],"collection":[{"href":"https:\/\/nbg.eu\/no\/wp-json\/wp\/v2\/product"}],"about":[{"href":"https:\/\/nbg.eu\/no\/wp-json\/wp\/v2\/types\/product"}],"wp:featuredmedia":[{"embeddable":true,"href":"https:\/\/nbg.eu\/no\/wp-json\/wp\/v2\/media\/24760"}],"wp:attachment":[{"href":"https:\/\/nbg.eu\/no\/wp-json\/wp\/v2\/media?parent=689403"}],"wp:term":[{"taxonomy":"product_brand","embeddable":true,"href":"https:\/\/nbg.eu\/no\/wp-json\/wp\/v2\/product_brand?post=689403"},{"taxonomy":"product_cat","embeddable":true,"href":"https:\/\/nbg.eu\/no\/wp-json\/wp\/v2\/product_cat?post=689403"},{"taxonomy":"product_tag","embeddable":true,"href":"https:\/\/nbg.eu\/no\/wp-json\/wp\/v2\/product_tag?post=689403"}],"curies":[{"name":"wp","href":"https:\/\/api.w.org\/{rel}","templated":true}]}}