{"id":689708,"date":"2024-08-16T23:19:33","date_gmt":"2024-08-16T20:19:33","guid":{"rendered":"https:\/\/nbg.eu\/product\/firing-pin-plate-kmr\/"},"modified":"2026-05-13T16:03:19","modified_gmt":"2026-05-13T13:03:19","slug":"firing-pin-plate-kmr","status":"publish","type":"product","link":"https:\/\/nbg.eu\/no\/produkt\/firing-pin-plate-kmr\/","title":{"rendered":"KMR Slagstiftplate"},"content":{"rendered":"<h2>Avtrekkerplateforholderp\u00e5rettningspinneforKMR-pistoler<\/h2>\n<p>Sikre strukturell integritet og sikker l\u00e5sing av avtrekkerfj\u00e6ren og utl\u00f8sersystemet i din KMR-pistol med v\u00e5r presisjonsfremstilte avtrekkerplate. Laget av h\u00f8ystyrke st\u00e5l og med eksakt passform for KMR-glidel\u00e5ser, er denne komponenten bygget for \u00e5 t\u00e5le t\u00f8ffe bruksforhold og ugunstige forhold.<\/p>\n<p>Avtrekkerplaten forankrer avtrekkerfj\u00e6ren og fj\u00e6ren, samtidig som den fungerer som stopp for utl\u00f8seren. Denne utformingen sikrer at avtrekkerfj\u00e6ren forblir korrekt plassert for konsekvent tenning og forhindrer at indre komponenter forskyver seg under rekyl. Den slagbestandige overflaten gir et ekstra beskyttende lag, som gir deg tillit til \u00e5 bruke KMR-pistolen maksimalt.<\/p>\n<p>Enten du er en ivrig skytter, konkurranse-entusiast eller bare krever det h\u00f8yeste niv\u00e5et av p\u00e5litelighet fra ditt skytev\u00e5pen, er avtrekkerplaten et obligatorisk oppgraderingsalternativ for din KMR-pistol. Opplev friheten som kommer fra \u00e5 vite at dine indre komponenter er godt p\u00e5 plass og klare til \u00e5 utf\u00f8re n\u00e5r du trenger dem mest.<\/p>\n","protected":false},"excerpt":{"rendered":"<p>Presisjonsmaskinet avtrekkern\u00e5l holdeplade for sikker KMR pistol funksjon.<\/p>\n","protected":false},"featured_media":31943,"template":"","meta":{"_acf_changed":false},"product_brand":[11504],"product_cat":[14774,13261],"product_tag":[],"class_list":{"0":"post-689708","1":"product","2":"type-product","3":"status-publish","4":"has-post-thumbnail","6":"product_brand-kmr-precision","7":"product_cat-avfyringsnaler","8":"product_cat-kmr-deler","10":"first","11":"instock","12":"taxable","13":"shipping-taxable","14":"product-type-simple"},"acf":[],"_links":{"self":[{"href":"https:\/\/nbg.eu\/no\/wp-json\/wp\/v2\/product\/689708","targetHints":{"allow":["GET"]}}],"collection":[{"href":"https:\/\/nbg.eu\/no\/wp-json\/wp\/v2\/product"}],"about":[{"href":"https:\/\/nbg.eu\/no\/wp-json\/wp\/v2\/types\/product"}],"wp:featuredmedia":[{"embeddable":true,"href":"https:\/\/nbg.eu\/no\/wp-json\/wp\/v2\/media\/31943"}],"wp:attachment":[{"href":"https:\/\/nbg.eu\/no\/wp-json\/wp\/v2\/media?parent=689708"}],"wp:term":[{"taxonomy":"product_brand","embeddable":true,"href":"https:\/\/nbg.eu\/no\/wp-json\/wp\/v2\/product_brand?post=689708"},{"taxonomy":"product_cat","embeddable":true,"href":"https:\/\/nbg.eu\/no\/wp-json\/wp\/v2\/product_cat?post=689708"},{"taxonomy":"product_tag","embeddable":true,"href":"https:\/\/nbg.eu\/no\/wp-json\/wp\/v2\/product_tag?post=689708"}],"curies":[{"name":"wp","href":"https:\/\/api.w.org\/{rel}","templated":true}]}}