{"id":689744,"date":"2024-08-17T15:11:05","date_gmt":"2024-08-17T12:11:05","guid":{"rendered":"https:\/\/nbg.eu\/product\/firing-pin-3x16-kmr\/"},"modified":"2026-05-13T16:02:51","modified_gmt":"2026-05-13T13:02:51","slug":"firing-pin-3x16-kmr","status":"publish","type":"product","link":"https:\/\/nbg.eu\/no\/produkt\/firing-pin-3x16-kmr\/","title":{"rendered":"KMR Fastholdningspinne for Slagstift 3&#215;16 S-02"},"content":{"rendered":"<h2>Tennhane 3X16 KMR: P\u00e5litelig tenning konstruert for konkurranseskyting<\/h2>\n<p>Designet for kravene i konkurranseskyting, leverer Tennhane 3X16 KMR kompromissl\u00f8s tennp\u00e5litelighet og slagmotstand. Presist maskinert til 3x16mm dimensjoner av h\u00f8ygradig herdet st\u00e5l, er dette tennhane konstruert for \u00e5 t\u00e5le gjentatt mekanisk belastning av hurtigskudd uten deformering eller avskj\u00e6ring av spissen.<\/p>\n<p>Konsekvent, sentrert tennhammerslagp\u00e5 hindrer feiltenniger eller mislykket tenning, noe som sikrer p\u00e5litelig tenning p\u00e5 hvert skudd. Tennhane 3X16 KMR sin robuste konstruksjon og n\u00f8yaktige toleranser gj\u00f8r den til et n\u00f8dvendig oppgraderingselement for seri\u00f8se konkurranseskyttere som s\u00f8ker \u00e5 maksimere ytelsen og eliminere funksjonsfeil.<\/p>\n<p>Enten du tar p\u00e5 deg utfordringene i en 3-v\u00e5pen konkurranse eller presser grensene for dine KMR-pistolens kapabiliteter, gir Tennhane 3X16 KMR den p\u00e5litelige tennkraften og den langsiktige holdbarhet du trenger for \u00e5 lykkes. Oppgrader din KMR i dag og opplev forskjellen presisjonsingeni\u00f8rkunst kan gj\u00f8re.<\/p>\n","protected":false},"excerpt":{"rendered":"<p>Presisjon 3x16mm st\u00e5ltennsats, konstruert for p\u00e5litelig antennelse og slagmotstand i KMR-pistoler.<\/p>\n","protected":false},"featured_media":23999,"template":"","meta":{"_acf_changed":false},"product_brand":[11504],"product_cat":[14774,13261],"product_tag":[],"class_list":{"0":"post-689744","1":"product","2":"type-product","3":"status-publish","4":"has-post-thumbnail","6":"product_brand-kmr-precision","7":"product_cat-avfyringsnaler","8":"product_cat-kmr-deler","10":"first","11":"instock","12":"taxable","13":"shipping-taxable","14":"product-type-simple"},"acf":[],"_links":{"self":[{"href":"https:\/\/nbg.eu\/no\/wp-json\/wp\/v2\/product\/689744","targetHints":{"allow":["GET"]}}],"collection":[{"href":"https:\/\/nbg.eu\/no\/wp-json\/wp\/v2\/product"}],"about":[{"href":"https:\/\/nbg.eu\/no\/wp-json\/wp\/v2\/types\/product"}],"wp:featuredmedia":[{"embeddable":true,"href":"https:\/\/nbg.eu\/no\/wp-json\/wp\/v2\/media\/23999"}],"wp:attachment":[{"href":"https:\/\/nbg.eu\/no\/wp-json\/wp\/v2\/media?parent=689744"}],"wp:term":[{"taxonomy":"product_brand","embeddable":true,"href":"https:\/\/nbg.eu\/no\/wp-json\/wp\/v2\/product_brand?post=689744"},{"taxonomy":"product_cat","embeddable":true,"href":"https:\/\/nbg.eu\/no\/wp-json\/wp\/v2\/product_cat?post=689744"},{"taxonomy":"product_tag","embeddable":true,"href":"https:\/\/nbg.eu\/no\/wp-json\/wp\/v2\/product_tag?post=689744"}],"curies":[{"name":"wp","href":"https:\/\/api.w.org\/{rel}","templated":true}]}}