{"id":689794,"date":"2024-08-18T11:10:20","date_gmt":"2024-08-18T08:10:20","guid":{"rendered":"https:\/\/nbg.eu\/product\/firing-pin-screw-m4x5-din-913-kmr\/"},"modified":"2026-02-27T11:54:57","modified_gmt":"2026-02-27T08:54:57","slug":"firing-pin-screw-m4x5-din-913-kmr","status":"publish","type":"product","link":"https:\/\/nbg.eu\/no\/produkt\/firing-pin-screw-m4x5-din-913-kmr\/","title":{"rendered":"Tennstiftskrue M4X5 Din 913 KMR"},"content":{"rendered":"<h2>Antenneskrue M4X5 Din 913 KMR<\/h2>\n<p>Presisjonskonstruert etter strenge spesifikasjoner, er Antenneskrue M4X5 Din 913 KMR laget av kvalitetsmaterialer for \u00e5 t\u00e5le krevende bruk. Dens M4 x 5 mm dimensjoner og DIN 913-konfigurasjon gj\u00f8r den til en perfekt passform for de angitte KMR-v\u00e5penmodellene, og gir et sikkert og p\u00e5litelig tilkoblingspunkt for tennmekanismen.<\/p>\n<p>Enten du vedlikeholder, reparerer eller oppgraderer ditt KMR-v\u00e5pensystem, er Antenneskrue M4X5 Din 913 KMR en n\u00f8dvendig komponent \u00e5 ha for h\u00e5nden. Dens holdbarhet og presisjonskonstruerte design sikrer konsistent og p\u00e5litelig ytelse, noe som bidrar til den overordnede p\u00e5liteligheten og effektiviteten til ditt v\u00e5pen.<\/p>\n<p>For v\u00e5pen KMR:<\/p>\n<p>KMR S-01 LANCE (ELLER)<\/p>\n<p>KMR S-02 10 (ELLER) SR ADA<\/p>\n<p>KMR S-02 75 (ELLER) SR ADA<\/p>\n<p>KMR S-02 FRA 2024<\/p>\n<p>KMR S-02 SH1 (ELLER) SR ADA<\/p>\n<p>KMR S-02 SH2 (ELLER) SR ADA<\/p>\n<p>KMR S-02 TS (ELLER) SR ADA<\/p>\n<p>KMR S-02 FRAM TIL 2023<\/p>\n","protected":false},"excerpt":{"rendered":"<p>Tennpinnskrue M4X5 Din 913 for KMR-modeller.<\/p>\n","protected":false},"featured_media":25342,"template":"","meta":{"_acf_changed":false},"product_brand":[11504],"product_cat":[14774,13261],"product_tag":[],"class_list":{"0":"post-689794","1":"product","2":"type-product","3":"status-publish","4":"has-post-thumbnail","6":"product_brand-kmr-precision","7":"product_cat-avfyringsnaler","8":"product_cat-kmr-deler","10":"first","11":"instock","12":"taxable","13":"shipping-taxable","14":"product-type-simple"},"acf":[],"_links":{"self":[{"href":"https:\/\/nbg.eu\/no\/wp-json\/wp\/v2\/product\/689794","targetHints":{"allow":["GET"]}}],"collection":[{"href":"https:\/\/nbg.eu\/no\/wp-json\/wp\/v2\/product"}],"about":[{"href":"https:\/\/nbg.eu\/no\/wp-json\/wp\/v2\/types\/product"}],"wp:featuredmedia":[{"embeddable":true,"href":"https:\/\/nbg.eu\/no\/wp-json\/wp\/v2\/media\/25342"}],"wp:attachment":[{"href":"https:\/\/nbg.eu\/no\/wp-json\/wp\/v2\/media?parent=689794"}],"wp:term":[{"taxonomy":"product_brand","embeddable":true,"href":"https:\/\/nbg.eu\/no\/wp-json\/wp\/v2\/product_brand?post=689794"},{"taxonomy":"product_cat","embeddable":true,"href":"https:\/\/nbg.eu\/no\/wp-json\/wp\/v2\/product_cat?post=689794"},{"taxonomy":"product_tag","embeddable":true,"href":"https:\/\/nbg.eu\/no\/wp-json\/wp\/v2\/product_tag?post=689794"}],"curies":[{"name":"wp","href":"https:\/\/api.w.org\/{rel}","templated":true}]}}